{"id":64,"date":"2020-05-24T11:28:28","date_gmt":"2020-05-24T11:28:28","guid":{"rendered":"http:\/\/ownshopwp.spiraclethemes.com\/demo1\/?page_id=64"},"modified":"2022-11-25T00:18:50","modified_gmt":"2022-11-24T22:18:50","slug":"about","status":"publish","type":"page","link":"https:\/\/ingrilspa.com\/lt\/about\/","title":{"rendered":"Apie Mus"},"content":{"rendered":"<div data-elementor-type=\"wp-page\" data-elementor-id=\"64\" class=\"elementor elementor-64\">\n\t\t\t\t\t\t<section class=\"elementor-section elementor-top-section elementor-element elementor-element-722bc4e elementor-section-boxed elementor-section-height-default elementor-section-height-default\" data-id=\"722bc4e\" data-element_type=\"section\" data-e-type=\"section\">\n\t\t\t\t\t\t<div class=\"elementor-container elementor-column-gap-default\">\n\t\t\t\t\t<div class=\"elementor-column elementor-col-100 elementor-top-column elementor-element elementor-element-0239810\" data-id=\"0239810\" data-element_type=\"column\" data-e-type=\"column\">\n\t\t\t<div class=\"elementor-widget-wrap elementor-element-populated\">\n\t\t\t\t\t\t<div class=\"elementor-element elementor-element-c7dc0b6 elementor-widget elementor-widget-testimonial\" data-id=\"c7dc0b6\" data-element_type=\"widget\" data-e-type=\"widget\" data-widget_type=\"testimonial.default\">\n\t\t\t\t<div class=\"elementor-widget-container\">\n\t\t\t\t\t\t\t<div class=\"elementor-testimonial-wrapper\">\n\t\t\t\t\t\t\t<div class=\"elementor-testimonial-content\">Ingril Spa \u2013 natural\u016bs rank\u0173 darbo gaminiai skirti k\u016bno prie\u017ei\u016brai ir gro\u017eiui puosel\u0117ti, kvap\u0173 terapija, interjero detal\u0117s. Produktai gaminami tik i\u0161 naturalios \u017ealiavos su meile ir pagarba<br>gamtai. Tai natural\u016bs Spa ritualai J\u016bs\u0173 namuose. M\u0117gaukit\u0117s gro\u017eio proced\u016bromis, kvap\u0173<br>ir liepsnos terapija, papuo\u0161kite savo namus stilingomis interjero detal\u0117mis.<br><br>Visus produktus gaminame nedideliais kiekiais, taip u\u017etikriname, kad perkate \u0161vie\u017eiausi\u0105, nat\u016brali\u0105 rank\u0173 darbo produkcij\u0105.<\/div>\n\t\t\t\n\t\t\t\t\t\t<div class=\"elementor-testimonial-meta elementor-has-image elementor-testimonial-image-position-aside\">\n\t\t\t\t<div class=\"elementor-testimonial-meta-inner\">\n\t\t\t\t\t\t\t\t\t\t\t<div class=\"elementor-testimonial-image\">\n\t\t\t\t\t\t\t<img fetchpriority=\"high\" decoding=\"async\" width=\"2132\" height=\"2132\" src=\"https:\/\/ingrilspa.com\/wp-content\/uploads\/2022\/09\/apie-mus.jpg\" class=\"attachment-full size-full wp-image-896\" alt=\"\" srcset=\"https:\/\/ingrilspa.com\/wp-content\/uploads\/2022\/09\/apie-mus.jpg 2132w, https:\/\/ingrilspa.com\/wp-content\/uploads\/2022\/09\/apie-mus-300x300.jpg 300w, https:\/\/ingrilspa.com\/wp-content\/uploads\/2022\/09\/apie-mus-1024x1024.jpg 1024w, https:\/\/ingrilspa.com\/wp-content\/uploads\/2022\/09\/apie-mus-150x150.jpg 150w, https:\/\/ingrilspa.com\/wp-content\/uploads\/2022\/09\/apie-mus-768x768.jpg 768w, https:\/\/ingrilspa.com\/wp-content\/uploads\/2022\/09\/apie-mus-1536x1536.jpg 1536w, https:\/\/ingrilspa.com\/wp-content\/uploads\/2022\/09\/apie-mus-2048x2048.jpg 2048w, https:\/\/ingrilspa.com\/wp-content\/uploads\/2022\/09\/apie-mus-12x12.jpg 12w, https:\/\/ingrilspa.com\/wp-content\/uploads\/2022\/09\/apie-mus-1320x1320.jpg 1320w, https:\/\/ingrilspa.com\/wp-content\/uploads\/2022\/09\/apie-mus-600x600.jpg 600w, https:\/\/ingrilspa.com\/wp-content\/uploads\/2022\/09\/apie-mus-100x100.jpg 100w\" sizes=\"(max-width: 2132px) 100vw, 2132px\" \/>\t\t\t\t\t\t<\/div>\n\t\t\t\t\t\n\t\t\t\t\t\t\t\t\t\t<div class=\"elementor-testimonial-details\">\n\t\t\t\t\t\t\t\t\t\t\t\t\t\t<div class=\"elementor-testimonial-name\">Ingrida Ardavi\u010dien\u0117<\/div>\n\t\t\t\t\t\t\t\t\t\t\t\t\t\t\t\t\t\t\t<\/div>\n\t\t\t\t\t\t\t\t\t<\/div>\n\t\t\t<\/div>\n\t\t\t\t\t<\/div>\n\t\t\t\t\t\t<\/div>\n\t\t\t\t<\/div>\n\t\t\t\t\t<\/div>\n\t\t<\/div>\n\t\t\t\t\t<\/div>\n\t\t<\/section>\n\t\t\t\t<section class=\"elementor-section elementor-top-section elementor-element elementor-element-cd1b87f elementor-section-boxed elementor-section-height-default elementor-section-height-default\" data-id=\"cd1b87f\" data-element_type=\"section\" data-e-type=\"section\">\n\t\t\t\t\t\t<div class=\"elementor-container elementor-column-gap-default\">\n\t\t\t\t\t<div class=\"elementor-column elementor-col-100 elementor-top-column elementor-element elementor-element-107851e\" data-id=\"107851e\" data-element_type=\"column\" data-e-type=\"column\">\n\t\t\t<div class=\"elementor-widget-wrap elementor-element-populated\">\n\t\t\t\t\t\t<div class=\"elementor-element elementor-element-8c9a3e1 elementor-widget elementor-widget-image\" data-id=\"8c9a3e1\" data-element_type=\"widget\" data-e-type=\"widget\" data-widget_type=\"image.default\">\n\t\t\t\t<div class=\"elementor-widget-container\">\n\t\t\t\t\t\t\t\t\t\t\t\t\t\t\t<img decoding=\"async\" width=\"600\" height=\"446\" src=\"https:\/\/ingrilspa.com\/wp-content\/uploads\/2022\/11\/sertifikatas-600x446.jpg\" class=\"attachment-woocommerce_single size-woocommerce_single wp-image-1400\" alt=\"\" srcset=\"https:\/\/ingrilspa.com\/wp-content\/uploads\/2022\/11\/sertifikatas-600x446.jpg 600w, https:\/\/ingrilspa.com\/wp-content\/uploads\/2022\/11\/sertifikatas-300x223.jpg 300w, https:\/\/ingrilspa.com\/wp-content\/uploads\/2022\/11\/sertifikatas-1024x762.jpg 1024w, https:\/\/ingrilspa.com\/wp-content\/uploads\/2022\/11\/sertifikatas-768x571.jpg 768w, https:\/\/ingrilspa.com\/wp-content\/uploads\/2022\/11\/sertifikatas-1536x1142.jpg 1536w, https:\/\/ingrilspa.com\/wp-content\/uploads\/2022\/11\/sertifikatas-16x12.jpg 16w, https:\/\/ingrilspa.com\/wp-content\/uploads\/2022\/11\/sertifikatas-1320x982.jpg 1320w, https:\/\/ingrilspa.com\/wp-content\/uploads\/2022\/11\/sertifikatas.jpg 1600w\" sizes=\"(max-width: 600px) 100vw, 600px\" \/>\t\t\t\t\t\t\t\t\t\t\t\t\t\t\t<\/div>\n\t\t\t\t<\/div>\n\t\t\t\t\t<\/div>\n\t\t<\/div>\n\t\t\t\t\t<\/div>\n\t\t<\/section>\n\t\t\t\t<\/div>","protected":false},"excerpt":{"rendered":"<p>Ingril Spa is natural handmade products for body care and beauty care, aroma therapy, interior details. Products are made only from natural raw materials with love and respectfor nature. These are natural Spa rituals in your home. Enjoy beauty treatments, aromaand flame therapy, decorate your home with stylish interior details. All of our products are made in small quantities, ensuring that you are buying the freshest, natural, handmade produce. Ingrida&hellip;<\/p>","protected":false},"author":1,"featured_media":0,"parent":0,"menu_order":0,"comment_status":"closed","ping_status":"closed","template":"","meta":{"footnotes":""},"class_list":["post-64","page","type-page","status-publish","hentry"],"aioseo_notices":[],"_links":{"self":[{"href":"https:\/\/ingrilspa.com\/lt\/wp-json\/wp\/v2\/pages\/64","targetHints":{"allow":["GET"]}}],"collection":[{"href":"https:\/\/ingrilspa.com\/lt\/wp-json\/wp\/v2\/pages"}],"about":[{"href":"https:\/\/ingrilspa.com\/lt\/wp-json\/wp\/v2\/types\/page"}],"author":[{"embeddable":true,"href":"https:\/\/ingrilspa.com\/lt\/wp-json\/wp\/v2\/users\/1"}],"replies":[{"embeddable":true,"href":"https:\/\/ingrilspa.com\/lt\/wp-json\/wp\/v2\/comments?post=64"}],"version-history":[{"count":14,"href":"https:\/\/ingrilspa.com\/lt\/wp-json\/wp\/v2\/pages\/64\/revisions"}],"predecessor-version":[{"id":1403,"href":"https:\/\/ingrilspa.com\/lt\/wp-json\/wp\/v2\/pages\/64\/revisions\/1403"}],"wp:attachment":[{"href":"https:\/\/ingrilspa.com\/lt\/wp-json\/wp\/v2\/media?parent=64"}],"curies":[{"name":"wp","href":"https:\/\/api.w.org\/{rel}","templated":true}]}}