{"id":835,"date":"2022-09-21T21:40:38","date_gmt":"2022-09-21T19:40:38","guid":{"rendered":"https:\/\/ingrilspa.com\/?page_id=835"},"modified":"2022-09-21T22:27:35","modified_gmt":"2022-09-21T20:27:35","slug":"delivery-of-goods","status":"publish","type":"page","link":"https:\/\/ingrilspa.com\/lt\/delivery-of-goods\/","title":{"rendered":"Preki\u0173 pristatymas"},"content":{"rendered":"<div data-elementor-type=\"wp-page\" data-elementor-id=\"835\" class=\"elementor elementor-835\">\n\t\t\t\t\t\t<section class=\"elementor-section elementor-top-section elementor-element elementor-element-c422c5f elementor-section-boxed elementor-section-height-default elementor-section-height-default\" data-id=\"c422c5f\" data-element_type=\"section\" data-e-type=\"section\">\n\t\t\t\t\t\t<div class=\"elementor-container elementor-column-gap-default\">\n\t\t\t\t\t<div class=\"elementor-column elementor-col-100 elementor-top-column elementor-element elementor-element-664bbc3\" data-id=\"664bbc3\" data-element_type=\"column\" data-e-type=\"column\">\n\t\t\t<div class=\"elementor-widget-wrap elementor-element-populated\">\n\t\t\t\t\t\t<div class=\"elementor-element elementor-element-60be6da elementor-widget elementor-widget-text-editor\" data-id=\"60be6da\" data-element_type=\"widget\" data-e-type=\"widget\" data-widget_type=\"text-editor.default\">\n\t\t\t\t<div class=\"elementor-widget-container\">\n\t\t\t\t\t\t\t\t\t<h2><strong><u>U\u017esakymo paruo\u0161imas:<\/u><\/strong><\/h2>\n<p><span style=\"font-size: 14px; color: var( --e-global-color-text ); font-family: var( --e-global-typography-text-font-family ), Sans-serif; font-weight: var( --e-global-typography-text-font-weight ); background-color: initial;\">- U\u017esakymo paruo\u0161imas u\u017etrunka 3 darbo dienas po pilno apmok\u0117jimo.<\/span><\/p>\n<h2><strong><u>Preki\u0173 pristatymo terminas:<\/u><\/strong><\/h2>\n<p>- Lietuvoje prek\u0117s yra pristatomos  per 1-3 darbo dienas po u\u017esakymo paruo\u0161imo. \u012e u\u017esien\u012f preki\u0173 pristatymo laikas skiriasi, d\u0117l pristatymo termin\u0173 kreiptis <a href=\"mailto:info@ingrilspa.com\">info@ingrilspa.com<\/a> .<\/p>\n<p>- Kartais preki\u0173 pristatymo laikai gali b\u016bti \u012ftakojami i\u0161orini\u0173 faktori\u0173 (kuri\u0173 mes negalime kontroliuoti), tod\u0117l jei J\u016bs\u0173 u\u017esakymo vykdymo metu yra \u0161ven\u010di\u0173 dienos, pristatymo terminas gali prailg\u0117ti iki 3-5 darbo dien\u0173. Prie\u0161\u0161ventiniu laikotarpiu prekes rekomenduojame u\u017esisakyti anks\u010diau.<\/p>\n<p>- \u012e pa\u0161tomatus siuntos pristatomos darbo dienomis ir \u0161e\u0161tadieniais.<\/p>\n<p>- Preki\u0173 pristatymo kaina nurodoma atskirai, preki\u0173 krep\u0161elyje pasirinkus pristatymo b\u016bd\u0105.<\/p>\n<p>- Jei prek\u0117 gr\u0105\u017einama Pardav\u0117jui d\u0117l Pirk\u0117jo kalt\u0117s neteisingai nurodyto arba netikslaus adreso, arba jeigu prek\u0117 gr\u0105\u017einama pardav\u0117jui neatsi\u0117mus jos i\u0161 pa\u0161tomato per maksimal\u0173 jos saugojimo termin\u0105, Pirk\u0117jas privalo Pardav\u0117jui sumok\u0117ti pakartotino persiuntimo i\u0161laidas, o jei prek\u0117s buvo gr\u0105\u017eintos i\u0161 pa\u0161tomato arba kurjerio - padengti Pardav\u0117jui ir prek\u0117s gr\u0105\u017einimo ka\u0161tus. Pirk\u0117jui atsisakius pakartotinai priimti siunt\u0105 (t.y. pareikalavus gr\u0105\u017einti pinigus u\u017e prekes), pinigai u\u017e siuntim\u0105 pirk\u0117jui n\u0117ra gr\u0105\u017einami.<\/p>\n<p>- Priimant prekes Pirk\u0117jas privalo ap\u017ei\u016br\u0117ti jas, o pasteb\u0117jus klaid\u0105, pa\u017eeidim\u0105 ar kit\u0105 neatitikim\u0105, Pirk\u0117jas turi nepriimti siuntos. Pri\u0117mus prekes, laikoma, kad siunta pristatyta tvarkinga ir be joki\u0173 tr\u016bkum\u0173. Jei pristatytos prek\u0117s neatitinka Pirk\u0117jo u\u017esakymo ar tr\u016bksta dalies siuntos, Pirk\u0117jas turi nedelsiant informuoti Pardav\u0117j\u0105 elektroniniu pa\u0161tu&nbsp;<a style=\"font-size: 14px; font-family: var( --e-global-typography-text-font-family ), Sans-serif; font-weight: var( --e-global-typography-text-font-weight ); background-color: #ffffff;\" href=\"mailto:info@ingrilspa.com\">info@ingrilspa.com<\/a><\/p>\n<p><strong>SVARBU \u017dINOTI,<\/strong> kad \u012f Kur\u0161i\u0173 Nerij\u0105 kurjeriu nepristatome. Rekomenduojame rinktis Jums artimiausi\u0105 OMNIVA pa\u0161tomat\u0105.<\/p>\n<h2><span style=\"text-decoration: underline;\"><strong>Siuntimas \u012f u\u017esien\u012f:<\/strong><\/span><\/h2>\n<p>Prekes \u012f u\u017esien\u012f i\u0161siun\u010diame per 1-3 darbo dienas po u\u017esakymo paruo\u0161imo:<\/p>\n<p>- Mes suteikiame siuntos sekimo kod\u0105 el. pa\u0161tu, kad J\u016bs gal\u0117tum\u0117te patogiai sekti vis\u0105 savo u\u017esakymo keli\u0105.<\/p>\n<p>- Jeigu J\u016bs\u0173 siunta pamesta ar sugadinta, mes pasi\u016blysime j\u0105 pakeisti arba gr\u0105\u017einti pinigus. Apie problem\u0105 pra\u0161ome nedelsiant prane\u0161ti el. pa\u0161tu <a href=\"mailto:info@ingrilspa.com\">info@ingrilspa.com<\/a><\/p>\n<p>- Preki\u0173 pristatymo kaina ir laikas priklausys nuo siuntos svorio ir \u0161alies, \u012f kuri\u0105 si\u0173sime. Visus mokes\u010dius, susijusius su importo proced\u016bromis kitoje \u0161alyje, sumoka Pirk\u0117jas. D\u0117l preki\u0173 siuntimo maloniai pra\u0161ome susisiekti el. pa\u0161tu <a href=\"mailto:info@ingrilspa.com\">info@ingrilspa.com<\/a><\/p>\n<p><strong>SVARBU \u017dINOTI, <\/strong>kad fizin\u0117s parduotuv\u0117s neturime, tod\u0117l preki\u0173 atsi\u0117mimas i\u0161 m\u016bs\u0173 yra ne\u012fmanomas.<\/p>\t\t\t\t\t\t\t\t<\/div>\n\t\t\t\t<\/div>\n\t\t\t\t\t<\/div>\n\t\t<\/div>\n\t\t\t\t\t<\/div>\n\t\t<\/section>\n\t\t\t\t<\/div>","protected":false},"excerpt":{"rendered":"<p>Order preparation: &#8211; Order processing takes 3 business days after full payment. Term of delivery of goods: &#8211; In Lithuania, goods are delivered within 1-3 working days after the order is prepared. Delivery times for goods abroad vary, please contact info@ingrilspa.com for delivery times. &#8211; Sometimes delivery times may be affected by external factors (which we cannot control), so if there are holidays during the execution of your order, the&hellip;<\/p>","protected":false},"author":1,"featured_media":0,"parent":0,"menu_order":0,"comment_status":"closed","ping_status":"closed","template":"","meta":{"footnotes":""},"class_list":["post-835","page","type-page","status-publish","hentry"],"aioseo_notices":[],"_links":{"self":[{"href":"https:\/\/ingrilspa.com\/lt\/wp-json\/wp\/v2\/pages\/835","targetHints":{"allow":["GET"]}}],"collection":[{"href":"https:\/\/ingrilspa.com\/lt\/wp-json\/wp\/v2\/pages"}],"about":[{"href":"https:\/\/ingrilspa.com\/lt\/wp-json\/wp\/v2\/types\/page"}],"author":[{"embeddable":true,"href":"https:\/\/ingrilspa.com\/lt\/wp-json\/wp\/v2\/users\/1"}],"replies":[{"embeddable":true,"href":"https:\/\/ingrilspa.com\/lt\/wp-json\/wp\/v2\/comments?post=835"}],"version-history":[{"count":13,"href":"https:\/\/ingrilspa.com\/lt\/wp-json\/wp\/v2\/pages\/835\/revisions"}],"predecessor-version":[{"id":850,"href":"https:\/\/ingrilspa.com\/lt\/wp-json\/wp\/v2\/pages\/835\/revisions\/850"}],"wp:attachment":[{"href":"https:\/\/ingrilspa.com\/lt\/wp-json\/wp\/v2\/media?parent=835"}],"curies":[{"name":"wp","href":"https:\/\/api.w.org\/{rel}","templated":true}]}}