{"id":851,"date":"2022-09-21T22:30:12","date_gmt":"2022-09-21T20:30:12","guid":{"rendered":"https:\/\/ingrilspa.com\/?page_id=851"},"modified":"2022-10-11T23:22:22","modified_gmt":"2022-10-11T21:22:22","slug":"return-of-goods","status":"publish","type":"page","link":"https:\/\/ingrilspa.com\/lt\/return-of-goods\/","title":{"rendered":"Preki\u0173 gr\u0105\u017einimas"},"content":{"rendered":"<div data-elementor-type=\"wp-page\" data-elementor-id=\"851\" class=\"elementor elementor-851\">\n\t\t\t\t\t\t<section class=\"elementor-section elementor-top-section elementor-element elementor-element-3a2d9a5 elementor-section-boxed elementor-section-height-default elementor-section-height-default\" data-id=\"3a2d9a5\" data-element_type=\"section\" data-e-type=\"section\">\n\t\t\t\t\t\t<div class=\"elementor-container elementor-column-gap-default\">\n\t\t\t\t\t<div class=\"elementor-column elementor-col-100 elementor-top-column elementor-element elementor-element-87dc08c\" data-id=\"87dc08c\" data-element_type=\"column\" data-e-type=\"column\">\n\t\t\t<div class=\"elementor-widget-wrap elementor-element-populated\">\n\t\t\t\t\t\t<div class=\"elementor-element elementor-element-9a999dc elementor-widget elementor-widget-text-editor\" data-id=\"9a999dc\" data-element_type=\"widget\" data-e-type=\"widget\" data-widget_type=\"text-editor.default\">\n\t\t\t\t<div class=\"elementor-widget-container\">\n\t\t\t\t\t\t\t\t\t<p>Elektronin\u0117 parduotuv\u0117 <a href=\"https:\/\/ingrilspa.com\/lt\/\">www.ingrilspa.com<\/a> remiasi Lietuvos Respublikos \u012fstatymais, tod\u0117l taip pat vykdo preki\u0173 gr\u0105\u017einimo politik\u0105. \u012esigytus produktus galima gr\u0105\u017einti \u0161iais atvejais:<\/p><ol><li>\u012esigyt\u0105 ir nepanaudot\u0105 prek\u0119 galite gr\u0105\u017einti per 14 dien\u0173 nuo \u012fsigijimo dienos. Atsisakyti prek\u0117s, jei jums netinka jos dydis, spalva, forma ar komplekti\u0161kumas galite per 14 dien\u0173 nuo jos pristatymo dienos. Primename, jog gr\u0105\u017einama prek\u0117 turi b\u016bti pilnos komplektacijos, tvarkingoje originalioje pakuot\u0117je, nenaudota, nesugadinta ir nepraradusi prekin\u0117s i\u0161vaizdos.<\/li><li>Pardav\u0117jas turi teis\u0119 nepriimti Pirk\u0117jo gr\u0105\u017einam\u0173 preki\u0173, jei Pirk\u0117jas nesilaiko punkte 1. nustatytos preki\u0173 gr\u0105\u017einimo tvarkos.<\/li><li>Apie nekokybi\u0161k\u0105 prek\u0119 Pirk\u0117jas privalo prane\u0161ti per 3 dienas.<\/li><li>Tuo atveju, kai prek\u0117 gr\u0105\u017einama remiantis punktu 1. , Pirk\u0117jas privalo apmok\u0117ti preki\u0173 gr\u0105\u017einimo i\u0161laidas.<\/li><li>Gr\u0105\u017einant prek\u0119 reikia nurodyti \u0161i\u0105 informacij\u0105: u\u017esakymo numer\u012f, gr\u0105\u017einamos prek\u0117s pavadinim\u0105 bei kod\u0105, pirkimo dat\u0105.<\/li><li>Elektronin\u0117 parduotuv\u0117 <a href=\"https:\/\/ingrilspa.com\/lt\/\">www.ingrilspa.com<\/a>\u00a0\u012fsipareigoja, gavusi gr\u0105\u017eint\u0105 prek\u0119, kompensuoti pinigus per 10 darbo dien\u0173.<\/li><li>Klientui, panorusiam gaut\u0105 prek\u0119 pakeisti kita, galioja produkto pristatymo terminai, esantys <a href=\"https:\/\/ingrilspa.com\/lt\/delivery-of-goods\/\">Preki\u0173 pristatymo nuostatuose<\/a> elektronin\u0117je parduotuv\u0117je <a href=\"https:\/\/ingrilspa.com\/lt\/\">www.ingrilspa.com<\/a><\/li><li>Pagal Lietuvos Respublikos Vyriausyb\u0117s 2001 m. bir\u017eelio 11 d. nutarimo Nr. 697 \u201eD\u0117l Ma\u017emenin\u0117s prekybos taisykli\u0173 patvirtinimo\u201c (aktyvi nuoroda <a href=\"https:\/\/e-seimas.lrs.lt\/portal\/legalAct\/lt\/TAD\/3e3f6a70164711e4aa9bb36470fb9e6e\">https:\/\/e-seimas.lrs.lt\/portal\/legalAct\/lt\/TAD\/3e3f6a70164711e4aa9bb36470fb9e6e<\/a>) punkt\u0105 17.2 parfumerija, kosmetikos ir tualetiniai preparatai (kodai pagal Kombinuot\u0105j\u0105 nomenklat\u016br\u0105 \u2013 3303\u20133307) yra negr\u0105\u017einamos prek\u0117s. Prek\u0117s gr\u0105\u017einamos tik tuo atveju jeigu yra gamintojo brokas. Prek\u0117s, kurios gaminamos pagal individual\u0173 u\u017esakym\u0105 taip pat n\u0117ra gr\u0105\u017einamos.<\/li><\/ol>\t\t\t\t\t\t\t\t<\/div>\n\t\t\t\t<\/div>\n\t\t\t\t\t<\/div>\n\t\t<\/div>\n\t\t\t\t\t<\/div>\n\t\t<\/section>\n\t\t\t\t<\/div>","protected":false},"excerpt":{"rendered":"<p>E-shop www.ingrilspa.com is based on the laws of the Republic of Lithuania, therefore it also implements a product return policy. Purchased products can be returned in the following cases: You can return the purchased and unused product within 14 days from the day of purchase. If you do not like the size, color, shape or completeness of the product, you can refuse it within 14 days from the day of&hellip;<\/p>","protected":false},"author":1,"featured_media":0,"parent":0,"menu_order":0,"comment_status":"closed","ping_status":"closed","template":"","meta":{"footnotes":""},"class_list":["post-851","page","type-page","status-publish","hentry"],"aioseo_notices":[],"_links":{"self":[{"href":"https:\/\/ingrilspa.com\/lt\/wp-json\/wp\/v2\/pages\/851","targetHints":{"allow":["GET"]}}],"collection":[{"href":"https:\/\/ingrilspa.com\/lt\/wp-json\/wp\/v2\/pages"}],"about":[{"href":"https:\/\/ingrilspa.com\/lt\/wp-json\/wp\/v2\/types\/page"}],"author":[{"embeddable":true,"href":"https:\/\/ingrilspa.com\/lt\/wp-json\/wp\/v2\/users\/1"}],"replies":[{"embeddable":true,"href":"https:\/\/ingrilspa.com\/lt\/wp-json\/wp\/v2\/comments?post=851"}],"version-history":[{"count":17,"href":"https:\/\/ingrilspa.com\/lt\/wp-json\/wp\/v2\/pages\/851\/revisions"}],"predecessor-version":[{"id":1257,"href":"https:\/\/ingrilspa.com\/lt\/wp-json\/wp\/v2\/pages\/851\/revisions\/1257"}],"wp:attachment":[{"href":"https:\/\/ingrilspa.com\/lt\/wp-json\/wp\/v2\/media?parent=851"}],"curies":[{"name":"wp","href":"https:\/\/api.w.org\/{rel}","templated":true}]}}