{"id":1368,"date":"2022-11-22T18:10:26","date_gmt":"2022-11-22T16:10:26","guid":{"rendered":"https:\/\/ingrilspa.com\/?post_type=product&#038;p=1368"},"modified":"2025-12-13T07:20:56","modified_gmt":"2025-12-13T05:20:56","slug":"soy-wax-home-scent-oranges-with-spices","status":"publish","type":"product","link":"https:\/\/ingrilspa.com\/lt\/produktas\/soy-wax-home-scent-oranges-with-spices\/","title":{"rendered":"Soj\u0173 Va\u0161ko Nam\u0173 Kvapas - Apelsinai su Prieskoniais, 1vnt."},"content":{"rendered":"<p>\u0160is apelsin\u0173 su prieskoniais nam\u0173 kvapas pagamintas i\u0161 100% soj\u0173 va\u0161ko ir apelsin\u0173 su prieskoniais aromatinio aliejaus. Sald\u017eiar\u016bg\u0161\u010diai citrusiniai vaisiai su klasikiniais \u0161ventiniais prieskoniais, kuriuos su\u0161velnina \u0105\u017euolo saman\u0173, vanil\u0117s ir pa\u010diulio pagrindas. Tai - skanus, \u0161ventinis, citrus\u0173, prieskoni\u0173 ir vanil\u0117s aromatas. Kvapukas puikiai tiks aromatizuoti norim\u0105 erdv\u0119, kambar\u012f, stal\u010di\u0173, spintel\u0119. 100% rank\u0173 darbo. Kvapuk\u0105 galima lau\u017eyti ir naudoti aromatin\u0117je lempoje. Kvapas i\u0161lieka apie 3 m\u0117nesius. \u0160ie kvapukai yra dviej\u0173 form\u0173: ovalo ir sta\u010diakampio.<\/p>\n<p>Nam\u0173 kvapo svoris: 29g<\/p>\n<p>Instrukcijos:<br \/>\n1. Nenaudoti automobilyje, nes prie 50\u02daC pradeda mink\u0161t\u0117ti.<br \/>\n2. Kvapukai supakuoti po 1 vienet\u0105.<br \/>\n3. Kvapukai yra rank\u0173 darbo, tod\u0117l i\u0161vaizda ir spalvos gali ne\u017eymiai skirtis nuo pavaizduotos nuotraukoje.<\/p>\n<p>Pastaba: nam\u0173 kvapas pagamintas rankomis, tod\u0117l svoris gali ne\u017eymiai svyruoti apie 5g.<\/p>","protected":false},"excerpt":{"rendered":"<p>\u0160is apelsin\u0173 su prieskoniais nam\u0173 kvapas pagamintas i\u0161 100% soj\u0173 va\u0161ko ir apelsin\u0173 su prieskoniais aromatinio aliejaus. ald\u017eiar\u016bg\u0161\u010diai citrusiniai vaisiai su klasikiniais \u0161ventiniais prieskoniais, kuriuos su\u0161velnina \u0105\u017euolo saman\u0173, vanil\u0117s ir pa\u010diulio pagrindas. Nuostabus gaivus aromatas.<\/p>","protected":false},"featured_media":1371,"comment_status":"open","ping_status":"closed","template":"","meta":[],"product_brand":[],"product_cat":[255,314,33],"product_tag":[188,201,54,222,243,68,53,246,247,111,264,75,197,113],"class_list":{"0":"post-1368","1":"product","2":"type-product","3":"status-publish","4":"has-post-thumbnail","6":"product_cat-christmas-gifts","7":"product_cat-free-wrapping","8":"product_cat-homescents","9":"product_tag-aroma","10":"product_tag-citrus","11":"product_tag-home","12":"product_tag-lemon","13":"product_tag-natural","14":"product_tag-oil","15":"product_tag-orange","16":"product_tag-oval","17":"product_tag-rectangular","18":"product_tag-soy","19":"product_tag-spiced","20":"product_tag-sweet","21":"product_tag-vanilla","22":"product_tag-wax","24":"first","25":"instock","26":"shipping-taxable","27":"purchasable","28":"product-type-variable"},"aioseo_notices":[],"_links":{"self":[{"href":"https:\/\/ingrilspa.com\/lt\/wp-json\/wp\/v2\/product\/1368","targetHints":{"allow":["GET"]}}],"collection":[{"href":"https:\/\/ingrilspa.com\/lt\/wp-json\/wp\/v2\/product"}],"about":[{"href":"https:\/\/ingrilspa.com\/lt\/wp-json\/wp\/v2\/types\/product"}],"replies":[{"embeddable":true,"href":"https:\/\/ingrilspa.com\/lt\/wp-json\/wp\/v2\/comments?post=1368"}],"wp:featuredmedia":[{"embeddable":true,"href":"https:\/\/ingrilspa.com\/lt\/wp-json\/wp\/v2\/media\/1371"}],"wp:attachment":[{"href":"https:\/\/ingrilspa.com\/lt\/wp-json\/wp\/v2\/media?parent=1368"}],"wp:term":[{"taxonomy":"product_brand","embeddable":true,"href":"https:\/\/ingrilspa.com\/lt\/wp-json\/wp\/v2\/product_brand?post=1368"},{"taxonomy":"product_cat","embeddable":true,"href":"https:\/\/ingrilspa.com\/lt\/wp-json\/wp\/v2\/product_cat?post=1368"},{"taxonomy":"product_tag","embeddable":true,"href":"https:\/\/ingrilspa.com\/lt\/wp-json\/wp\/v2\/product_tag?post=1368"}],"curies":[{"name":"wp","href":"https:\/\/api.w.org\/{rel}","templated":true}]}}