{"id":1373,"date":"2022-11-22T18:33:04","date_gmt":"2022-11-22T16:33:04","guid":{"rendered":"https:\/\/ingrilspa.com\/?post_type=product&#038;p=1373"},"modified":"2025-12-12T11:54:48","modified_gmt":"2025-12-12T09:54:48","slug":"soy-wax-home-scent-apples-with-cinnamon","status":"publish","type":"product","link":"https:\/\/ingrilspa.com\/lt\/produktas\/soy-wax-home-scent-apples-with-cinnamon\/","title":{"rendered":"Soj\u0173 Va\u0161ko Nam\u0173 Kvapas - Obuoliai su Cinamonu, 1 vnt."},"content":{"rendered":"<p>\u0160is obuoli\u0173 su cinamonu nam\u0173 kvapas pagamintas i\u0161 100% soj\u0173 va\u0161ko ir obuoli\u0173 su cinamonu aromatinio aliejaus. \nKept\u0173 obuoli\u0173 su cinamonu aromatas gaivus, gardus, primenantis obuoli\u0173 pyrago kvap\u0105. Tai jauki\u0173 akimirk\u0173 aromatas. Kvapukas puikiai tiks aromatizuoti norim\u0105 erdv\u0119, kambar\u012f, stal\u010di\u0173, spintel\u0119. 100% rank\u0173 darbo. Kvapuk\u0105 galima lau\u017eyti ir naudoti aromatin\u0117je lempoje.\nKvapas i\u0161lieka apie 3 m\u0117nesius. \u0160ie  kvapukai yra dviej\u0173 form\u0173: ovalo ir sta\u010diakampio.<\/p>\n<p>Nam\u0173 kvapo svoris: 29g<\/p>\n<p>Instrukcijos:<br \/>\n1. Nenaudoti automobilyje, nes prie 50\u02daC pradeda mink\u0161t\u0117ti.<br \/>\n2. Kvapukai supakuoti po 1 vienet\u0105.<br \/>\n3. Kvapukai yra rank\u0173 darbo, tod\u0117l i\u0161vaizda ir spalvos gali ne\u017eymiai skirtis nuo pavaizduotos nuotraukoje.<\/p>\n<p>Pastaba: nam\u0173 kvapas pagamintas rankomis, tod\u0117l svoris gali ne\u017eymiai svyruoti apie 5g.<\/p>","protected":false},"excerpt":{"rendered":"<p>\u0160is obuoli\u0173 su cinamonu nam\u0173 kvapas pagamintas i\u0161 100% soj\u0173 va\u0161ko ir obuoli\u0173 su cinamonu aromatinio aliejaus. \nKept\u0173 obuoli\u0173 su cinamonu aromatas gaivus, gardus, primenantis obuoli\u0173 pyrago kvap\u0105. Tai jauki\u0173 akirmirk\u0173 aromatas<\/p>","protected":false},"featured_media":1376,"comment_status":"open","ping_status":"closed","template":"","meta":[],"product_brand":[],"product_cat":[314,33],"product_tag":[257,188,265,221,235,54,243,68,246,159,266,247,55,111,113],"class_list":{"0":"post-1373","1":"product","2":"type-product","3":"status-publish","4":"has-post-thumbnail","6":"product_cat-free-wrapping","7":"product_cat-homescents","8":"product_tag-apple","9":"product_tag-aroma","10":"product_tag-baked","11":"product_tag-cinnamon","12":"product_tag-handmade","13":"product_tag-home","14":"product_tag-natural","15":"product_tag-oil","16":"product_tag-oval","17":"product_tag-perfume","18":"product_tag-pie","19":"product_tag-rectangular","20":"product_tag-scent","21":"product_tag-soy","22":"product_tag-wax","24":"first","25":"instock","26":"shipping-taxable","27":"purchasable","28":"product-type-variable"},"aioseo_notices":[],"_links":{"self":[{"href":"https:\/\/ingrilspa.com\/lt\/wp-json\/wp\/v2\/product\/1373","targetHints":{"allow":["GET"]}}],"collection":[{"href":"https:\/\/ingrilspa.com\/lt\/wp-json\/wp\/v2\/product"}],"about":[{"href":"https:\/\/ingrilspa.com\/lt\/wp-json\/wp\/v2\/types\/product"}],"replies":[{"embeddable":true,"href":"https:\/\/ingrilspa.com\/lt\/wp-json\/wp\/v2\/comments?post=1373"}],"wp:featuredmedia":[{"embeddable":true,"href":"https:\/\/ingrilspa.com\/lt\/wp-json\/wp\/v2\/media\/1376"}],"wp:attachment":[{"href":"https:\/\/ingrilspa.com\/lt\/wp-json\/wp\/v2\/media?parent=1373"}],"wp:term":[{"taxonomy":"product_brand","embeddable":true,"href":"https:\/\/ingrilspa.com\/lt\/wp-json\/wp\/v2\/product_brand?post=1373"},{"taxonomy":"product_cat","embeddable":true,"href":"https:\/\/ingrilspa.com\/lt\/wp-json\/wp\/v2\/product_cat?post=1373"},{"taxonomy":"product_tag","embeddable":true,"href":"https:\/\/ingrilspa.com\/lt\/wp-json\/wp\/v2\/product_tag?post=1373"}],"curies":[{"name":"wp","href":"https:\/\/api.w.org\/{rel}","templated":true}]}}