{"id":1381,"date":"2022-11-22T19:28:31","date_gmt":"2022-11-22T17:28:31","guid":{"rendered":"https:\/\/ingrilspa.com\/?post_type=product&#038;p=1381"},"modified":"2025-12-12T11:54:48","modified_gmt":"2025-12-12T09:54:48","slug":"soy-wax-home-scent-velvet-agarwood","status":"publish","type":"product","link":"https:\/\/ingrilspa.com\/lt\/produktas\/soy-wax-home-scent-velvet-agarwood\/","title":{"rendered":"Soj\u0173 Va\u0161ko Nam\u0173 Kvapas - Aksominis Agarmedis, 1vnt."},"content":{"rendered":"<p>\u0160is aksominio agarmed\u017eio nam\u0173 kvapas pagamintas i\u0161 100% soj\u0173 va\u0161ko ir aksominio agarmed\u017eio aromatinio aliejaus. \nJausmingas satinas Turki\u0161k\u0173 ro\u017ei\u0173 puok\u0161t\u0117je, pereinantis \u012f tamsesn\u012f agarmed\u017eio, kedro medienos ir tongapupi\u0173 pagrind\u0105 su g\u0117li\u0173 \u017eied\u0173 akcentais. Tai - prabangi\u0173 rytieti\u0161k\u0173 kvepal\u0173 inspiracija. Tai unikalus, prabangus ir i\u0161skirtinis aromatas. Kvapukas puikiai tiks aromatizuoti norim\u0105 erdv\u0119, kambar\u012f, stal\u010di\u0173, spintel\u0119. 100% rank\u0173 darbo. Kvapuk\u0105 galima lau\u017eyti ir naudoti aromatin\u0117je lempoje. Kvapas i\u0161lieka apie 3 m\u0117nesius. \u0160ie  kvapukai yra dviej\u0173 form\u0173: ovalo ir sta\u010diakampio.<\/p>\n<p>Nam\u0173 kvapo svoris: 29g<\/p>\n<p>Instrukcijos:<br \/>\n1. Nenaudoti automobilyje, nes prie 50\u02daC pradeda mink\u0161t\u0117ti.<br \/>\n2. Kvapukai supakuoti po 1 vienet\u0105.<br \/>\n3. Kvapukai yra rank\u0173 darbo, tod\u0117l i\u0161vaizda ir spalvos gali ne\u017eymiai skirtis nuo pavaizduotos nuotraukoje.<\/p>\n<p>Pastaba: nam\u0173 kvapas pagamintas rankomis, tod\u0117l svoris gali ne\u017eymiai svyruoti apie 5g.<\/p>","protected":false},"excerpt":{"rendered":"<p>\u0160is aksominio agarmed\u017eio nam\u0173 kvapas pagamintas i\u0161 100% soj\u0173 va\u0161ko ir aksominio agarmed\u017eio aromatinio aliejaus. \nJausmingas satinas Turki\u0161k\u0173 ro\u017ei\u0173 puok\u0161t\u0117je, pereinantis \u012f tamsesn\u012f agarmed\u017eio, kedro medienos ir tongapupi\u0173 pagrind\u0105 su g\u0117li\u0173 \u017eied\u0173 akcentais. Tai unikalus, prabangus ir i\u0161skirtinis aromatas.<\/p>","protected":false},"featured_media":1384,"comment_status":"open","ping_status":"closed","template":"","meta":[],"product_brand":[],"product_cat":[314,33],"product_tag":[172,188,235,54,243,68,246,159,269,247,268,55,111,267,258,113],"class_list":{"0":"post-1381","1":"product","2":"type-product","3":"status-publish","4":"has-post-thumbnail","6":"product_cat-free-wrapping","7":"product_cat-homescents","8":"product_tag-agarwood","9":"product_tag-aroma","10":"product_tag-handmade","11":"product_tag-home","12":"product_tag-natural","13":"product_tag-oil","14":"product_tag-oval","15":"product_tag-perfume","16":"product_tag-perfumes","17":"product_tag-rectangular","18":"product_tag-roses","19":"product_tag-scent","20":"product_tag-soy","21":"product_tag-turkish","22":"product_tag-velvet","23":"product_tag-wax","25":"first","26":"instock","27":"shipping-taxable","28":"purchasable","29":"product-type-variable"},"aioseo_notices":[],"_links":{"self":[{"href":"https:\/\/ingrilspa.com\/lt\/wp-json\/wp\/v2\/product\/1381","targetHints":{"allow":["GET"]}}],"collection":[{"href":"https:\/\/ingrilspa.com\/lt\/wp-json\/wp\/v2\/product"}],"about":[{"href":"https:\/\/ingrilspa.com\/lt\/wp-json\/wp\/v2\/types\/product"}],"replies":[{"embeddable":true,"href":"https:\/\/ingrilspa.com\/lt\/wp-json\/wp\/v2\/comments?post=1381"}],"wp:featuredmedia":[{"embeddable":true,"href":"https:\/\/ingrilspa.com\/lt\/wp-json\/wp\/v2\/media\/1384"}],"wp:attachment":[{"href":"https:\/\/ingrilspa.com\/lt\/wp-json\/wp\/v2\/media?parent=1381"}],"wp:term":[{"taxonomy":"product_brand","embeddable":true,"href":"https:\/\/ingrilspa.com\/lt\/wp-json\/wp\/v2\/product_brand?post=1381"},{"taxonomy":"product_cat","embeddable":true,"href":"https:\/\/ingrilspa.com\/lt\/wp-json\/wp\/v2\/product_cat?post=1381"},{"taxonomy":"product_tag","embeddable":true,"href":"https:\/\/ingrilspa.com\/lt\/wp-json\/wp\/v2\/product_tag?post=1381"}],"curies":[{"name":"wp","href":"https:\/\/api.w.org\/{rel}","templated":true}]}}