{"id":1488,"date":"2025-01-11T21:22:25","date_gmt":"2025-01-11T19:22:25","guid":{"rendered":"https:\/\/ingrilspa.com\/?post_type=product&#038;p=1488"},"modified":"2025-11-24T02:42:08","modified_gmt":"2025-11-24T00:42:08","slug":"little-heart-bergamot","status":"publish","type":"product","link":"https:\/\/ingrilspa.com\/lt\/produktas\/little-heart-bergamot\/","title":{"rendered":"Little Heart \u017dvak\u0117 su Bergamote ir Ka\u0161myro Mediena"},"content":{"rendered":"<p><strong>Little Heart \u017dvak\u0117 su Bergamote ir Ka\u0161myro Mediena<\/strong><\/p>\n<p>\u0160ios \u017evak\u0117s pagamintos i\u0161 100% soj\u0173 va\u0161ko ir Bergamot\u0117s, ka\u0161myro medienos aromatinio aliejaus. Rytieti\u0161kas-medienos aromatas su gaivia vir\u0161utine citrus\u0173 ir prieskoni\u0173 u\u017euomina, jausmingomis vidurin\u0117mis ro\u017ei\u0173 ir \u0161afrano \u0161irdies natomis bei tvirta vyri\u0161ka ka\u0161myro medienos, tabako bei odos baze.<br \/>\nDegimo laikas: ~23 val.<\/p>\n<p>Instrukcija:<br \/>\n1. Kiekvieno deginimo metu reguliariai trumpinkite dagt\u012f. Dagtis neturi b\u016bti auk\u0161tesn\u0117 nei 0.5cm.<br \/>\n2. Rekomenduojama viena deginimo sesijos trukm\u0117 4 valandos.<br \/>\n3. \u017dvak\u0119 b\u016btinai laikykite ant \u017evak\u0117m skirto pad\u0117kliuko.<br \/>\n4. Svarbu nestatyti \u017evaki\u0173 vietose, kur yra skersv\u0117jai pvz.: koridoriuje, prie lango arba ventiliatoriaus.<\/p>\n<p>Pastaba: \u017evak\u0117s yra rank\u0173 darbo, tod\u0117l i\u0161vaizda ir spalvos gali ne\u017eymiai skirtis nuo pavaizduotos nuotraukoje. \u0160i \u017evak\u0117 yra pagaminta rankomis, tod\u0117l svoris gali ne\u017eymiai svyruoti apie 5g.<\/p>","protected":false},"excerpt":{"rendered":"<p>\u0160ios \u017evak\u0117s pagamintos i\u0161 100% soj\u0173 va\u0161ko ir Bergamot\u0117s, ka\u0161myro medienos aromatinio aliejaus. Rytieti\u0161kas-medienos aromatas su gaivia vir\u0161utine citrus\u0173 ir prieskoni\u0173 u\u017euomina, jausmingomis vidurin\u0117mis ro\u017ei\u0173 ir \u0161afrano \u0161irdies natomis bei tvirta vyri\u0161ka ka\u0161myro medienos, tabako bei odos baze.<\/p>","protected":false},"featured_media":1489,"comment_status":"open","ping_status":"closed","template":"","meta":[],"product_brand":[],"product_cat":[314,273],"product_tag":[188,115,117,196,277,235,99,276,229,111,274,113,143,200],"class_list":{"0":"post-1488","1":"product","2":"type-product","3":"status-publish","4":"has-post-thumbnail","6":"product_cat-free-wrapping","7":"product_cat-valentines-gifts","8":"product_tag-aroma","9":"product_tag-bergamot","10":"product_tag-cashmere","11":"product_tag-flower","12":"product_tag-green","13":"product_tag-handmade","14":"product_tag-heart","15":"product_tag-love","16":"product_tag-mint","17":"product_tag-soy","18":"product_tag-valentine","19":"product_tag-wax","20":"product_tag-white","21":"product_tag-wood","23":"first","24":"instock","25":"shipping-taxable","26":"purchasable","27":"product-type-simple"},"aioseo_notices":[],"_links":{"self":[{"href":"https:\/\/ingrilspa.com\/lt\/wp-json\/wp\/v2\/product\/1488","targetHints":{"allow":["GET"]}}],"collection":[{"href":"https:\/\/ingrilspa.com\/lt\/wp-json\/wp\/v2\/product"}],"about":[{"href":"https:\/\/ingrilspa.com\/lt\/wp-json\/wp\/v2\/types\/product"}],"replies":[{"embeddable":true,"href":"https:\/\/ingrilspa.com\/lt\/wp-json\/wp\/v2\/comments?post=1488"}],"wp:featuredmedia":[{"embeddable":true,"href":"https:\/\/ingrilspa.com\/lt\/wp-json\/wp\/v2\/media\/1489"}],"wp:attachment":[{"href":"https:\/\/ingrilspa.com\/lt\/wp-json\/wp\/v2\/media?parent=1488"}],"wp:term":[{"taxonomy":"product_brand","embeddable":true,"href":"https:\/\/ingrilspa.com\/lt\/wp-json\/wp\/v2\/product_brand?post=1488"},{"taxonomy":"product_cat","embeddable":true,"href":"https:\/\/ingrilspa.com\/lt\/wp-json\/wp\/v2\/product_cat?post=1488"},{"taxonomy":"product_tag","embeddable":true,"href":"https:\/\/ingrilspa.com\/lt\/wp-json\/wp\/v2\/product_tag?post=1488"}],"curies":[{"name":"wp","href":"https:\/\/api.w.org\/{rel}","templated":true}]}}