{"id":1548,"date":"2023-06-21T22:26:59","date_gmt":"2023-06-21T20:26:59","guid":{"rendered":"https:\/\/ingrilspa.com\/?post_type=product&#038;p=1548"},"modified":"2026-01-07T16:08:47","modified_gmt":"2026-01-07T14:08:47","slug":"emerald-soy-wax-candle","status":"publish","type":"product","link":"https:\/\/ingrilspa.com\/lt\/produktas\/emerald-soy-wax-candle\/","title":{"rendered":"Emeraldin\u0117 \u017dvak\u0117"},"content":{"rendered":"<p>Bergamot\u0117s, ka\u0161myro medienos aromatinis aliejus - rytieti\u0161kas medienos aromatas su gaivia vir\u0161utine citrus\u0173 ir prieskoni\u0173 u\u017euomina, jausmingomis vidurin\u0117mis ro\u017ei\u0173 ir \u0161afrano \u0161irdies natomis bei tvirta vyri\u0161ka ka\u0161myro medienos, tabako bei odos baze. \nPrabangus aromatas!<\/p>\n<p>Medaus ir Kreminio santalo aromatinis aliejus -  saldaus nektaro ir g\u0117li\u0173 pli\u016bpsnis, pereinantis \u012f ka\u0161myro, sausmed\u017eio ir mimozos \u0161erd\u012f ir galiausiai nugulantis kreminio santalo, vanil\u0117s, gintaro ir pa\u010diulio pagrinde. Nepakartojamas, u\u017eburiantis aromatas!<\/p>\n<p>Instrukcija:<\/p>\n<p>1. Kiekvieno deginimo metu reguliariai trumpinkite dagt\u012f. Dagtis neturi b\u016bti auk\u0161tesn\u0117 nei 0.5cm.<br \/>\n2. Rekomenduojama viena deginimo sesijos trukm\u0117 4 valandos.<br \/>\n3. \u017dvak\u0119 b\u016btinai laikykite ant \u017evak\u0117m skirto pad\u0117kliuko.<\/p>\n<p>Pastaba: \u017evak\u0117s yra rank\u0173 darbo, tod\u0117l i\u0161vaizda ir spalvos gali ne\u017eymiai skirtis nuo pavaizduotos nuotraukoje. \u0160i \u017evak\u0117 yra pagaminta rankomis, tod\u0117l svoris gali ne\u017eymiai svyruoti apie 5g.<\/p>\n<p>&nbsp;<\/p>","protected":false},"excerpt":{"rendered":"<p>Emeraldin\u0117 \u017evak\u0117 pagaminta i\u0161 100% soj\u0173 va\u0161ko ir bergamot\u0117s, ka\u0161myro medienos aromatinio aliejaus, ir medaus, kreminio santalo aromatinio aliejaus.<\/p>","protected":false},"featured_media":2013,"comment_status":"open","ping_status":"closed","template":"","meta":[],"product_brand":[],"product_cat":[141,28,255,314,167],"product_tag":[198,161,30,117,164,281,196,194,56,68,199,195,111,197,113],"class_list":{"0":"post-1548","1":"product","2":"type-product","3":"status-publish","4":"has-post-thumbnail","6":"product_cat-casoywax","7":"product_cat-candles","8":"product_cat-christmas-gifts","9":"product_cat-free-wrapping","10":"product_cat-witharomaticoil","11":"product_tag-amber","12":"product_tag-aromatic","13":"product_tag-candle","14":"product_tag-cashmere","15":"product_tag-elegance","16":"product_tag-emerald","17":"product_tag-flower","18":"product_tag-honey","19":"product_tag-lavender","20":"product_tag-oil","21":"product_tag-patchouli","22":"product_tag-sandalwood","23":"product_tag-soy","24":"product_tag-vanilla","25":"product_tag-wax","27":"first","28":"instock","29":"featured","30":"shipping-taxable","31":"purchasable","32":"product-type-variable"},"aioseo_notices":[],"_links":{"self":[{"href":"https:\/\/ingrilspa.com\/lt\/wp-json\/wp\/v2\/product\/1548","targetHints":{"allow":["GET"]}}],"collection":[{"href":"https:\/\/ingrilspa.com\/lt\/wp-json\/wp\/v2\/product"}],"about":[{"href":"https:\/\/ingrilspa.com\/lt\/wp-json\/wp\/v2\/types\/product"}],"replies":[{"embeddable":true,"href":"https:\/\/ingrilspa.com\/lt\/wp-json\/wp\/v2\/comments?post=1548"}],"wp:featuredmedia":[{"embeddable":true,"href":"https:\/\/ingrilspa.com\/lt\/wp-json\/wp\/v2\/media\/2013"}],"wp:attachment":[{"href":"https:\/\/ingrilspa.com\/lt\/wp-json\/wp\/v2\/media?parent=1548"}],"wp:term":[{"taxonomy":"product_brand","embeddable":true,"href":"https:\/\/ingrilspa.com\/lt\/wp-json\/wp\/v2\/product_brand?post=1548"},{"taxonomy":"product_cat","embeddable":true,"href":"https:\/\/ingrilspa.com\/lt\/wp-json\/wp\/v2\/product_cat?post=1548"},{"taxonomy":"product_tag","embeddable":true,"href":"https:\/\/ingrilspa.com\/lt\/wp-json\/wp\/v2\/product_tag?post=1548"}],"curies":[{"name":"wp","href":"https:\/\/api.w.org\/{rel}","templated":true}]}}