{"id":1587,"date":"2023-09-21T14:00:51","date_gmt":"2023-09-21T12:00:51","guid":{"rendered":"https:\/\/ingrilspa.com\/?post_type=product&#038;p=1587"},"modified":"2025-11-24T02:42:09","modified_gmt":"2025-11-24T00:42:09","slug":"home-perfume-black","status":"publish","type":"product","link":"https:\/\/ingrilspa.com\/lt\/produktas\/home-perfume-black\/","title":{"rendered":"Nam\u0173 Kvapai"},"content":{"rendered":"<p>M\u016bs\u0173 nam\u0173 kvapai su lazdel\u0117mis palyd\u0117s Jus \u012f nuostabi\u0105 aromat\u0173 kelion\u0119. Minimalistinio dizaino buteliukas su specialaus pluo\u0161to juodomis lazdel\u0117mis,  lengvai pritaikomas prie kiekvieno interjero. Puikiai tiks J\u016bs\u0173 svetain\u0117je arba jaukiame miegamajame.<\/p>\n<p>- Nam\u0173 kvapai parduodami kartu su septyniomis specialaus pluo\u0161to juodomis lazdel\u0117mis;<br \/>\n-\tJei pageidaujate intensyvesnio kvapo, lazdeles galima da\u017eniau apsukti, kad kvapas sustipr\u0117t\u0173;<br \/>\n-\tM\u0117gaukit\u0117s eleganti\u0161ka ir ypatinga atmosfera iki 5 m\u0117nesi\u0173;<br \/>\n-\tGamyboje naudojami tik sertifikuoti produktai;<br \/>\n-\tSkysta baz\u0117, pagaminta i\u0161 augalin\u0117s kilm\u0117s atsinaujinan\u010dio \u0161altinio.<\/p>\n<p>Kvapai:<br \/>\n-\t\u0160afranas ir Ambra - Rytieti\u0161kas g\u0117linis aromatas su pradin\u0117mis jazmin\u0173 ir \u0161afrano natomis, pereinan\u010diomis \u012f kedro medienos \u0161erd\u012f bei rafinuot\u0105 ambros pagrind\u0105.<br \/>\n<strong>Vir\u0161utin\u0117s Natos:<\/strong> jazminas, \u0161afranas.<br \/>\n<strong>\u0160irdies Natos:<\/strong> kedro mediena.<br \/>\n<strong>Pagrindin\u0117s Natos:<\/strong> ambra.<\/p>\n<p>-\tYpatinga Akimirka - Tai ypatingas kvapas, sukeliantis paslaptingumo, ramyb\u0117s ir jausmingumo poj\u016b\u010dius.<br \/>\n<strong>Vir\u0161utin\u0117s Natos:<\/strong> migdolai, vy\u0161nios, aviet\u0117s.<br \/>\n<strong>\u0160irdies Natos:<\/strong> vilkdalgio \u0161akniastiebis, jazminas, kvapioji tuberoza.<br \/>\n<strong>Pagrindin\u0117s Natos:<\/strong> kvapioji tongapup\u0117, vanil\u0117, kakava, kava, sandalmedis.<\/p>\n<p>-\tMeil\u0117 - nuostabus, tyras, gyvybingosiomis natomis \u017evilgantis aromatas.<br \/>\n<strong>Vir\u0161utin\u0117s Natos:<\/strong> juodieji serbentai, apelsinas, kasijos, greipfrutas, bergamot\u0117.<br \/>\n<strong>\u0160irdies Natos:<\/strong> abrikosas, lelija, jazminas, pakalnut\u0117, ro\u017e\u0117.<br \/>\n<strong>Pagrindin\u0117s Natos:<\/strong> ambra, kvapioji tongapup\u0117 (tonka bean), vanil\u0117, Vird\u017einijos kedras, muskusas.<\/p>\n<p>Naudojimas:<br \/>\n-\tNuimkite nuo dangtelio apsaug\u0105, u\u017esukite dangtel\u012f ir \u012fmerkite lazdeles \u012f buteliuk\u0105;<br \/>\n-\tPirm\u0105 kart\u0105 naudojant, pamirkykite lazdeles 24\u201348 valandas, prie\u0161 jas apver\u010diant;<br \/>\n-\tKuo da\u017eniau vartysite lazdeles, tuo intensyvumas bus stipresnis. Jei difuzija per intensyvi, nuimkite kelet\u0105 lazdeli\u0173;<br \/>\n-\tLaikyti vaikams ir gyv\u016bnams nepasiekiamoje vietoje;<br \/>\n-\tSaugokite nuo kar\u0161\u010dio, kibirk\u0161\u010di\u0173, liepsnos;<br \/>\n-\tPa\u0117m\u0119 lazdeles, nusiplaukite rankas su muilu.<\/p>\n<p>Nam\u0173 Kvapo Kiekis: 100 ml<\/p>\n<p>Tai puiki dovana Jums arba J\u016bs\u0173 mylimam, brangiam \u017emogui!<\/p>","protected":false},"excerpt":{"rendered":"<p><span class=\"Y2IQFc\" lang=\"en\">M\u016bs\u0173 nam\u0173 kvapai su lazdel\u0117mis palyd\u0117s Jus \u012f nuostabi\u0105 aromat\u0173 kelion\u0119. Minimalistinio dizaino buteliukas su specialaus pluo\u0161to juodomis lazdel\u0117mis,  lengvai pritaikomas prie kiekvieno interjero. Puikiai tiks J\u016bs\u0173 svetain\u0117je arba jaukiame miegamajame.<\/span><\/p>","protected":false},"featured_media":1592,"comment_status":"open","ping_status":"closed","template":"","meta":[],"product_brand":[],"product_cat":[255,314,33],"product_tag":[198,188,115,284,287,285,54,286,283,243,68,53,159,269,288,268,289,195,55,197],"class_list":{"0":"post-1587","1":"product","2":"type-product","3":"status-publish","4":"has-post-thumbnail","6":"product_cat-christmas-gifts","7":"product_cat-free-wrapping","8":"product_cat-homescents","9":"product_tag-amber","10":"product_tag-aroma","11":"product_tag-bergamot","12":"product_tag-black-currant","13":"product_tag-cherries","14":"product_tag-coffee","15":"product_tag-home","16":"product_tag-jasmine","17":"product_tag-musk","18":"product_tag-natural","19":"product_tag-oil","20":"product_tag-orange","21":"product_tag-perfume","22":"product_tag-perfumes","23":"product_tag-raspberries","24":"product_tag-roses","25":"product_tag-saffron","26":"product_tag-sandalwood","27":"product_tag-scent","28":"product_tag-vanilla","30":"first","31":"instock","32":"shipping-taxable","33":"purchasable","34":"product-type-variable"},"aioseo_notices":[],"_links":{"self":[{"href":"https:\/\/ingrilspa.com\/lt\/wp-json\/wp\/v2\/product\/1587","targetHints":{"allow":["GET"]}}],"collection":[{"href":"https:\/\/ingrilspa.com\/lt\/wp-json\/wp\/v2\/product"}],"about":[{"href":"https:\/\/ingrilspa.com\/lt\/wp-json\/wp\/v2\/types\/product"}],"replies":[{"embeddable":true,"href":"https:\/\/ingrilspa.com\/lt\/wp-json\/wp\/v2\/comments?post=1587"}],"wp:featuredmedia":[{"embeddable":true,"href":"https:\/\/ingrilspa.com\/lt\/wp-json\/wp\/v2\/media\/1592"}],"wp:attachment":[{"href":"https:\/\/ingrilspa.com\/lt\/wp-json\/wp\/v2\/media?parent=1587"}],"wp:term":[{"taxonomy":"product_brand","embeddable":true,"href":"https:\/\/ingrilspa.com\/lt\/wp-json\/wp\/v2\/product_brand?post=1587"},{"taxonomy":"product_cat","embeddable":true,"href":"https:\/\/ingrilspa.com\/lt\/wp-json\/wp\/v2\/product_cat?post=1587"},{"taxonomy":"product_tag","embeddable":true,"href":"https:\/\/ingrilspa.com\/lt\/wp-json\/wp\/v2\/product_tag?post=1587"}],"curies":[{"name":"wp","href":"https:\/\/api.w.org\/{rel}","templated":true}]}}