{"id":1655,"date":"2023-12-03T20:37:34","date_gmt":"2023-12-03T18:37:34","guid":{"rendered":"https:\/\/ingrilspa.com\/?post_type=product&#038;p=1655"},"modified":"2025-11-24T02:42:09","modified_gmt":"2025-11-24T00:42:09","slug":"womens-beanie","status":"publish","type":"product","link":"https:\/\/ingrilspa.com\/lt\/produktas\/womens-beanie\/","title":{"rendered":"Moteri\u0161ka Kepur\u0117"},"content":{"rendered":"<p>Rank\u0173 darbo, megzta moteri\u0161ka \u017eiemin\u0117 kepur\u0117 su nusegamu kailiniu bumbulu ir u\u017elenktu apvadu.<\/p>\n<p>Si\u016blai: 20% alpaka, 20% vilna ir 60% akrilas. \u0160ie si\u016blai labai \u0161ilti ir i\u0161lieka \u0161ilti net dr\u0117gni, tod\u0117l puikiai tinka visiems, kurie gyvena aktyv\u0173 gyvenimo b\u016bd\u0105. \u0160i \u017eiemin\u0117 kepur\u0117 jaukus, stilingas \u017eiemos aksesuaras.<\/p>\n<p>Prie\u017ei\u016bros instrukcijos: Kepur\u0117 plaunama rankomis, 30 laipsni\u0173 temperat\u016broje<br \/>\nKailinio bumbulo prie\u017ei\u016bra: Sausas valymas<br \/>\nSpalva: Balta, Juoda<\/p>","protected":false},"excerpt":{"rendered":"<p>Rank\u0173 darbo, megzta moteri\u0161ka \u017eiemin\u0117 kepur\u0117 su nusegamu kailiniu bumbulu ir u\u017elenktu apvadu.<\/p>","protected":false},"featured_media":1658,"comment_status":"open","ping_status":"closed","template":"","meta":[],"product_brand":[],"product_cat":[308,255,314],"product_tag":[293,290,296,124,292,256,235,54,291,143,239,295,294],"class_list":{"0":"post-1655","1":"product","2":"type-product","3":"status-publish","4":"has-post-thumbnail","6":"product_cat-other-accessories","7":"product_cat-christmas-gifts","8":"product_cat-free-wrapping","9":"product_tag-alpaca","10":"product_tag-beanie","11":"product_tag-black","12":"product_tag-christmas","13":"product_tag-fur","14":"product_tag-gift","15":"product_tag-handmade","16":"product_tag-home","17":"product_tag-pom","18":"product_tag-white","19":"product_tag-winter","20":"product_tag-womens","21":"product_tag-wool","23":"first","24":"instock","25":"shipping-taxable","26":"purchasable","27":"product-type-variable"},"aioseo_notices":[],"_links":{"self":[{"href":"https:\/\/ingrilspa.com\/lt\/wp-json\/wp\/v2\/product\/1655","targetHints":{"allow":["GET"]}}],"collection":[{"href":"https:\/\/ingrilspa.com\/lt\/wp-json\/wp\/v2\/product"}],"about":[{"href":"https:\/\/ingrilspa.com\/lt\/wp-json\/wp\/v2\/types\/product"}],"replies":[{"embeddable":true,"href":"https:\/\/ingrilspa.com\/lt\/wp-json\/wp\/v2\/comments?post=1655"}],"wp:featuredmedia":[{"embeddable":true,"href":"https:\/\/ingrilspa.com\/lt\/wp-json\/wp\/v2\/media\/1658"}],"wp:attachment":[{"href":"https:\/\/ingrilspa.com\/lt\/wp-json\/wp\/v2\/media?parent=1655"}],"wp:term":[{"taxonomy":"product_brand","embeddable":true,"href":"https:\/\/ingrilspa.com\/lt\/wp-json\/wp\/v2\/product_brand?post=1655"},{"taxonomy":"product_cat","embeddable":true,"href":"https:\/\/ingrilspa.com\/lt\/wp-json\/wp\/v2\/product_cat?post=1655"},{"taxonomy":"product_tag","embeddable":true,"href":"https:\/\/ingrilspa.com\/lt\/wp-json\/wp\/v2\/product_tag?post=1655"}],"curies":[{"name":"wp","href":"https:\/\/api.w.org\/{rel}","templated":true}]}}