{"id":2035,"date":"2025-11-23T00:27:26","date_gmt":"2025-11-22T22:27:26","guid":{"rendered":"https:\/\/ingrilspa.com\/?post_type=product&#038;p=2035"},"modified":"2026-01-11T23:50:40","modified_gmt":"2026-01-11T21:50:40","slug":"merino-wool-scarf","status":"publish","type":"product","link":"https:\/\/ingrilspa.com\/lt\/produktas\/merino-wool-scarf\/","title":{"rendered":"Merino Vilnos \u0160alikas"},"content":{"rendered":"<p>Merino vilnos \u0161alikas yra prabangus, prakti\u0161kas ir universalus aksesuaras, si\u016blantis i\u0161skirtin\u012f komfort\u0105. Jis pagamintas i\u0161 60% merino vilnos ir 40% akrilo. Nat\u016bralus merino vilnos \u0161alikas yra elastingas, tod\u0117l leid\u017eia jaukiai priglusti prie kaklo. Merino vilnos \u0161alikai da\u017enai giriami d\u0117l savo patvarumo ir geb\u0117jimo atsispirti kvapams, tod\u0117l jie yra prakti\u0161ki ir stilingi aksesuarai \u0161altesniam orui.<\/p>\n<p>Prie\u017ei\u016bra:<\/p>\n<p>\u2665 Skalbti RANKOMIS \u0161iltame vandenyje 30C.<br \/>\n\u2665 I\u0161skalb\u0119 \u0161velniai i\u0161pauskite vandens pertekli\u0173.<br \/>\n\u2665 Pad\u0117kite ant lygaus pavir\u0161iaus, kad i\u0161d\u017ei\u016bt\u0173.<\/p>\n<p>Atminkite, kad spalva gali \u0161iek tiek skirtis d\u0117l fotografinio ap\u0161vietimo \u0161altini\u0173 arba ekrano nustatym\u0173.<\/p>","protected":false},"excerpt":{"rendered":"<p>Merino vilnos \u0161alikas yra prabangus, prakti\u0161kas ir universalus aksesuaras, si\u016blantis i\u0161skirtin\u012f komfort\u0105. Jis pagamintas i\u0161 60% merino vilnos ir 40% akrilo.<\/p>","protected":false},"featured_media":2044,"comment_status":"open","ping_status":"closed","template":"","meta":[],"product_brand":[],"product_cat":[308,255,314],"product_tag":[296,302,124,256,277,305,304,303,301,298,239,306,294],"class_list":{"0":"post-2035","1":"product","2":"type-product","3":"status-publish","4":"has-post-thumbnail","6":"product_cat-other-accessories","7":"product_cat-christmas-gifts","8":"product_cat-free-wrapping","9":"product_tag-black","10":"product_tag-brown","11":"product_tag-christmas","12":"product_tag-gift","13":"product_tag-green","14":"product_tag-knit-scarf","15":"product_tag-long-scarf","16":"product_tag-luxurious","17":"product_tag-merino","18":"product_tag-scarf","19":"product_tag-winter","20":"product_tag-women-accessories","21":"product_tag-wool","23":"first","24":"instock","25":"shipping-taxable","26":"purchasable","27":"product-type-variable"},"aioseo_notices":[],"_links":{"self":[{"href":"https:\/\/ingrilspa.com\/lt\/wp-json\/wp\/v2\/product\/2035","targetHints":{"allow":["GET"]}}],"collection":[{"href":"https:\/\/ingrilspa.com\/lt\/wp-json\/wp\/v2\/product"}],"about":[{"href":"https:\/\/ingrilspa.com\/lt\/wp-json\/wp\/v2\/types\/product"}],"replies":[{"embeddable":true,"href":"https:\/\/ingrilspa.com\/lt\/wp-json\/wp\/v2\/comments?post=2035"}],"wp:featuredmedia":[{"embeddable":true,"href":"https:\/\/ingrilspa.com\/lt\/wp-json\/wp\/v2\/media\/2044"}],"wp:attachment":[{"href":"https:\/\/ingrilspa.com\/lt\/wp-json\/wp\/v2\/media?parent=2035"}],"wp:term":[{"taxonomy":"product_brand","embeddable":true,"href":"https:\/\/ingrilspa.com\/lt\/wp-json\/wp\/v2\/product_brand?post=2035"},{"taxonomy":"product_cat","embeddable":true,"href":"https:\/\/ingrilspa.com\/lt\/wp-json\/wp\/v2\/product_cat?post=2035"},{"taxonomy":"product_tag","embeddable":true,"href":"https:\/\/ingrilspa.com\/lt\/wp-json\/wp\/v2\/product_tag?post=2035"}],"curies":[{"name":"wp","href":"https:\/\/api.w.org\/{rel}","templated":true}]}}