{"id":2193,"date":"2022-02-04T13:38:27","date_gmt":"2022-02-04T11:38:27","guid":{"rendered":"https:\/\/ingrilspa.com\/?post_type=product&#038;p=2193"},"modified":"2025-11-30T02:13:13","modified_gmt":"2025-11-30T00:13:13","slug":"love-candle","status":"publish","type":"product","link":"https:\/\/ingrilspa.com\/lt\/produktas\/love-candle\/","title":{"rendered":"\u017dvak\u0117 Meil\u0117"},"content":{"rendered":"<p><strong>\u017dvak\u0117 Meil\u0117 su Amor Amor Aromatiniu Aliejumi<\/strong><\/p>\n<p>\u0160i \u017evak\u0117 pagaminta i\u0161 100% soj\u0173 va\u0161ko ir magi\u0161ko g\u0117li\u0173 bei vaisi\u0173  aromatinio aliejaus. Nuostabus, tyras, gyvybingosiomis natomis \u017evilgantis aromatas. Meil\u0119 simbolizuoja ir pagrindin\u0117 aromato nata \u2013 sodrus, aistra alsuojantis raudon\u0173 ro\u017ei\u0173 kvapas. Intriguojanti, bet atgaivinti gebanti kompozicija.<br \/>\nDegimo laikas: ~6 val.<\/p>\n<p>Instrukcija:<br \/>\n1. Kiekvieno deginimo metu reguliariai trumpinkite dagt\u012f. Dagtis neturi b\u016bti auk\u0161tesn\u0117 nei 0.5cm.<br \/>\n2. Rekomenduojama viena deginimo sesijos trukm\u0117 2 valandos.<br \/>\n3. \u017dvak\u0119 b\u016btinai laikykite ant \u017evak\u0117m skirto pad\u0117kliuko.<br \/>\n4. Svarbu nestatyti \u017evaki\u0173 vietose, kur yra skersv\u0117jai pvz.: koridoriuje, prie lango arba ventiliatoriaus.<\/p>\n<p><iframe title=\"YouTube video player\" src=\"https:\/\/www.youtube.com\/embed\/JMZ2V2ES8pk?si=2grL_56nXhGcrKj2\" width=\"315\" height=\"315\" frameborder=\"0\" allowfullscreen=\"allowfullscreen\"><\/iframe><\/p>\n<p>Pastaba: \u017evak\u0117s yra rank\u0173 darbo, tod\u0117l i\u0161vaizda ir spalvos gali ne\u017eymiai skirtis nuo pavaizduotos nuotraukoje. \u0160i \u017evak\u0117 yra pagaminta rankomis, tod\u0117l svoris gali ne\u017eymiai svyruoti apie 5g.<\/p>","protected":false},"excerpt":{"rendered":"<p>\u0160i \u017evak\u0117 pagaminta i\u0161 100% soj\u0173 va\u0161ko ir magi\u0161ko g\u0117li\u0173 bei vaisi\u0173  aromatinio aliejaus. Nuostabus, tyras, gyvybingosiomis natomis \u017evilgantis aromatas. Meil\u0119 simbolizuoja ir pagrindin\u0117 aromato nata \u2013 sodrus, aistra alsuojantis raudon\u0173 ro\u017ei\u0173 kvapas. Intriguojanti, bet atgaivinti gebanti kompozicija.<\/p>","protected":false},"featured_media":2196,"comment_status":"open","ping_status":"closed","template":"","meta":[],"product_brand":[],"product_cat":[141,28,314,273],"product_tag":[188,196,136,235,99,276,111,307,274,113,143],"class_list":{"0":"post-2193","1":"product","2":"type-product","3":"status-publish","4":"has-post-thumbnail","6":"product_cat-casoywax","7":"product_cat-candles","8":"product_cat-free-wrapping","9":"product_cat-valentines-gifts","10":"product_tag-aroma","11":"product_tag-flower","12":"product_tag-gold","13":"product_tag-handmade","14":"product_tag-heart","15":"product_tag-love","16":"product_tag-soy","17":"product_tag-soywax","18":"product_tag-valentine","19":"product_tag-wax","20":"product_tag-white","22":"first","23":"instock","24":"shipping-taxable","25":"purchasable","26":"product-type-variable"},"aioseo_notices":[],"_links":{"self":[{"href":"https:\/\/ingrilspa.com\/lt\/wp-json\/wp\/v2\/product\/2193","targetHints":{"allow":["GET"]}}],"collection":[{"href":"https:\/\/ingrilspa.com\/lt\/wp-json\/wp\/v2\/product"}],"about":[{"href":"https:\/\/ingrilspa.com\/lt\/wp-json\/wp\/v2\/types\/product"}],"replies":[{"embeddable":true,"href":"https:\/\/ingrilspa.com\/lt\/wp-json\/wp\/v2\/comments?post=2193"}],"wp:featuredmedia":[{"embeddable":true,"href":"https:\/\/ingrilspa.com\/lt\/wp-json\/wp\/v2\/media\/2196"}],"wp:attachment":[{"href":"https:\/\/ingrilspa.com\/lt\/wp-json\/wp\/v2\/media?parent=2193"}],"wp:term":[{"taxonomy":"product_brand","embeddable":true,"href":"https:\/\/ingrilspa.com\/lt\/wp-json\/wp\/v2\/product_brand?post=2193"},{"taxonomy":"product_cat","embeddable":true,"href":"https:\/\/ingrilspa.com\/lt\/wp-json\/wp\/v2\/product_cat?post=2193"},{"taxonomy":"product_tag","embeddable":true,"href":"https:\/\/ingrilspa.com\/lt\/wp-json\/wp\/v2\/product_tag?post=2193"}],"curies":[{"name":"wp","href":"https:\/\/api.w.org\/{rel}","templated":true}]}}