{"id":401,"date":"2021-12-01T00:00:24","date_gmt":"2021-11-30T22:00:24","guid":{"rendered":"http:\/\/ownshopwp.spiraclethemes.com\/demo1\/?post_type=product&#038;p=12"},"modified":"2026-01-07T17:20:30","modified_gmt":"2026-01-07T15:20:30","slug":"candle-beeswax1","status":"publish","type":"product","link":"https:\/\/ingrilspa.com\/lt\/produktas\/candle-beeswax1\/","title":{"rendered":"Bi\u010di\u0173 Va\u0161ko \u017dvak\u0117"},"content":{"rendered":"<p>Nat\u016brali rank\u0173 darbo \u017evak\u0117, pagaminta i\u0161 bi\u010di\u0173 va\u0161ko plok\u0161tel\u0117s.  Bi\u010di\u0173 va\u0161ko \u017evak\u0117s skaniai kvepia pievomis, medumi, g\u0117l\u0117mis. \u0160ios \u017evak\u0117s yra netoksi\u0161kos, neter\u0161ia aplinkos.<br \/>\nI\u0161 nat\u016bralaus bi\u010di\u0173 va\u0161ko pagaminta \u017evak\u0117 dega ilgiau nei \u012fprasta ir visi\u0161kai i\u0161dega be liku\u010di\u0173 ir suod\u017ei\u0173 susidarymo. Jo tirpimo metu \u012f or\u0105 patenka apie 50 skirting\u0173 med\u017eiag\u0173 ir eterio jungini\u0173, kurie \u012fkvepiami tiesiai \u012f plau\u010dius. Tai labai naudinga \u017emogaus kv\u0117pavimo sistemai. Degimo laikas: 6-7val.<\/p>\n<p><iframe title=\"BeesWax Candle from www.ingrilspa.com\" width=\"540\" height=\"960\" src=\"https:\/\/www.youtube.com\/embed\/-xNjzJLyHV4?feature=oembed\" frameborder=\"0\" allow=\"accelerometer; autoplay; clipboard-write; encrypted-media; gyroscope; picture-in-picture; web-share\" referrerpolicy=\"strict-origin-when-cross-origin\" allowfullscreen><\/iframe><\/p>\n<p>Instrukcijos:<br \/>\n1. Kiekvieno deginimo metu reguliariai trumpinkite dagt\u012f. Dagtis neturi b\u016bti auk\u0161tesn\u0117 nei 0.5cm<br \/>\n2. \u017dvak\u0119 b\u016btinai laikykite ant \u017evak\u0117m skirto pad\u0117kliuko.<br \/>\n3. Nepaisant vis\u0173 teigiam\u0173 bi\u010di\u0173 va\u0161ko savybi\u0173, i\u0161 jo pagamintos \u017evak\u0117s turi kontraindikacij\u0173, pavyzd\u017eiui, alergin\u0119 reakcij\u0105 \u012f bi\u010di\u0173 produktus.<\/p>\n<p>Pastaba: \u017evak\u0117s yra rank\u0173 darbo, tod\u0117l i\u0161vaizda ir spalvos gali ne\u017eymiai skirtis nuo pavaizduotos nuotraukoje. \u0160i \u017evak\u0117 yra pagaminta rankomis, tod\u0117l svoris gali ne\u017eymiai svyruoti apie 2g.<\/p>","protected":false},"excerpt":{"rendered":"<p>Nat\u016brali rank\u0173 darbo \u017evak\u0117, pagaminta i\u0161 bi\u010di\u0173 va\u0161ko plok\u0161tel\u0117s.  Bi\u010di\u0173 va\u0161ko \u017evak\u0117s skaniai kvepia pievomis, medumi, g\u0117l\u0117mis. \u0160ios \u017evak\u0117s yra netoksi\u0161kos, neter\u0161ia aplinkos.<\/p>","protected":false},"featured_media":2026,"comment_status":"open","ping_status":"closed","template":"","meta":[],"product_brand":[],"product_cat":[80,28,255,314],"product_tag":[81,30,196,194,193,243,83],"class_list":{"0":"post-401","1":"product","2":"type-product","3":"status-publish","4":"has-post-thumbnail","6":"product_cat-beeswax","7":"product_cat-candles","8":"product_cat-christmas-gifts","9":"product_cat-free-wrapping","10":"product_tag-beeswax","11":"product_tag-candle","12":"product_tag-flower","13":"product_tag-honey","14":"product_tag-interior","15":"product_tag-natural","16":"product_tag-vaskas","18":"first","19":"instock","20":"shipping-taxable","21":"purchasable","22":"product-type-simple"},"aioseo_notices":[],"_links":{"self":[{"href":"https:\/\/ingrilspa.com\/lt\/wp-json\/wp\/v2\/product\/401","targetHints":{"allow":["GET"]}}],"collection":[{"href":"https:\/\/ingrilspa.com\/lt\/wp-json\/wp\/v2\/product"}],"about":[{"href":"https:\/\/ingrilspa.com\/lt\/wp-json\/wp\/v2\/types\/product"}],"replies":[{"embeddable":true,"href":"https:\/\/ingrilspa.com\/lt\/wp-json\/wp\/v2\/comments?post=401"}],"wp:featuredmedia":[{"embeddable":true,"href":"https:\/\/ingrilspa.com\/lt\/wp-json\/wp\/v2\/media\/2026"}],"wp:attachment":[{"href":"https:\/\/ingrilspa.com\/lt\/wp-json\/wp\/v2\/media?parent=401"}],"wp:term":[{"taxonomy":"product_brand","embeddable":true,"href":"https:\/\/ingrilspa.com\/lt\/wp-json\/wp\/v2\/product_brand?post=401"},{"taxonomy":"product_cat","embeddable":true,"href":"https:\/\/ingrilspa.com\/lt\/wp-json\/wp\/v2\/product_cat?post=401"},{"taxonomy":"product_tag","embeddable":true,"href":"https:\/\/ingrilspa.com\/lt\/wp-json\/wp\/v2\/product_tag?post=401"}],"curies":[{"name":"wp","href":"https:\/\/api.w.org\/{rel}","templated":true}]}}