{"id":42,"date":"2022-07-10T00:50:41","date_gmt":"2022-07-09T22:50:41","guid":{"rendered":"http:\/\/ownshopwp.spiraclethemes.com\/demo1\/?post_type=product&#038;p=42"},"modified":"2025-12-11T01:07:22","modified_gmt":"2025-12-10T23:07:22","slug":"candle-bubble2","status":"publish","type":"product","link":"https:\/\/ingrilspa.com\/lt\/produktas\/candle-bubble2\/","title":{"rendered":"Burbulin\u0117 Sald\u017eiojo Apelsino Soj\u0173 Va\u0161ko \u017dvak\u0117"},"content":{"rendered":"<p>\u0160is \u017evak\u0117s kvapas primena \u0160v. Kald\u0117das ar sald\u017eius kepinius namuose. Soj\u0173 va\u0161ko \u017evak\u0117 i\u0161 naturali\u0173 med\u017eiag\u0173, 100% soj\u0173 va\u0161ko ir trij\u0173 100% eterini\u0173 aliej\u0173: saldaus apelsino, cinamono, citrinos. Sald\u017ei\u0173 apelsin\u0173 \u017evak\u0117 skleid\u017eia nepakartojam\u0105 eterini\u0173 aliej\u0173 aromat\u0105 ir jos neu\u017edegus. Degimo laikas: ~10 val.<\/p>\n<p>Instrukcija:<br \/>\n1. Kiekvieno deginimo metu reguliariai trumpinkite dagt\u012f. Dagtis neturi b\u016bti auk\u0161tesn\u0117 nei 0.5cm.<br \/>\n2. Rekomenduojama viena deginimo sesijos trukm\u0117 2 valandos.<br \/>\n3. \u017dvak\u0119 b\u016btinai laikykite ant \u017evak\u0117m skirto pad\u0117kliuko.<\/p>\n<p>Pastaba: \u017evak\u0117s yra rank\u0173 darbo, tod\u0117l i\u0161vaizda ir spalvos gali ne\u017eymiai skirtis nuo pavaizduotos nuotraukoje. \u0160i \u017evak\u0117 yra pagaminta rankomis, tod\u0117l svoris gali ne\u017eymiai svyruoti apie 5g.<\/p>","protected":false},"excerpt":{"rendered":"<p>\u0160is \u017evak\u0117s kvapas primena \u0160v. Kald\u0117das ar sald\u017eius kepinius namuose. Soj\u0173 va\u0161ko \u017evak\u0117 i\u0161 naturali\u0173 med\u017eiag\u0173, 100% soj\u0173 va\u0161ko ir trij\u0173 100% eterini\u0173 aliej\u0173: saldaus apelsino, cinamono, citrinos.<\/p>","protected":false},"featured_media":563,"comment_status":"open","ping_status":"closed","template":"","meta":[],"product_brand":[],"product_cat":[141,28,255,314,166],"product_tag":[188,77,30,221,272,222,243,53,237,111,75,113],"class_list":{"0":"post-42","1":"product","2":"type-product","3":"status-publish","4":"has-post-thumbnail","6":"product_cat-casoywax","7":"product_cat-candles","8":"product_cat-christmas-gifts","9":"product_cat-free-wrapping","10":"product_cat-withessentialoil","11":"product_tag-aroma","12":"product_tag-bubbled","13":"product_tag-candle","14":"product_tag-cinnamon","15":"product_tag-essential","16":"product_tag-lemon","17":"product_tag-natural","18":"product_tag-orange","19":"product_tag-smells","20":"product_tag-soy","21":"product_tag-sweet","22":"product_tag-wax","24":"first","25":"instock","26":"shipping-taxable","27":"purchasable","28":"product-type-simple"},"aioseo_notices":[],"_links":{"self":[{"href":"https:\/\/ingrilspa.com\/lt\/wp-json\/wp\/v2\/product\/42","targetHints":{"allow":["GET"]}}],"collection":[{"href":"https:\/\/ingrilspa.com\/lt\/wp-json\/wp\/v2\/product"}],"about":[{"href":"https:\/\/ingrilspa.com\/lt\/wp-json\/wp\/v2\/types\/product"}],"replies":[{"embeddable":true,"href":"https:\/\/ingrilspa.com\/lt\/wp-json\/wp\/v2\/comments?post=42"}],"wp:featuredmedia":[{"embeddable":true,"href":"https:\/\/ingrilspa.com\/lt\/wp-json\/wp\/v2\/media\/563"}],"wp:attachment":[{"href":"https:\/\/ingrilspa.com\/lt\/wp-json\/wp\/v2\/media?parent=42"}],"wp:term":[{"taxonomy":"product_brand","embeddable":true,"href":"https:\/\/ingrilspa.com\/lt\/wp-json\/wp\/v2\/product_brand?post=42"},{"taxonomy":"product_cat","embeddable":true,"href":"https:\/\/ingrilspa.com\/lt\/wp-json\/wp\/v2\/product_cat?post=42"},{"taxonomy":"product_tag","embeddable":true,"href":"https:\/\/ingrilspa.com\/lt\/wp-json\/wp\/v2\/product_tag?post=42"}],"curies":[{"name":"wp","href":"https:\/\/api.w.org\/{rel}","templated":true}]}}