{"id":50,"date":"2021-12-01T00:00:35","date_gmt":"2021-11-30T22:00:35","guid":{"rendered":"http:\/\/ownshopwp.spiraclethemes.com\/demo1\/?post_type=product&#038;p=50"},"modified":"2025-12-11T01:07:53","modified_gmt":"2025-12-10T23:07:53","slug":"candle-bubbled","status":"publish","type":"product","link":"https:\/\/ingrilspa.com\/lt\/produktas\/candle-bubbled\/","title":{"rendered":"Burbulin\u0117 Levand\u0173 Soj\u0173 Va\u0161ko \u017dvak\u0117"},"content":{"rendered":"<p>\u0160i burbulin\u0117 levand\u0173 soj\u0173 va\u0161ko \u017evak\u0117 i\u0161 100% sojos va\u0161ko ir 100% levand\u0173 eterinio aliejaus. Nepakartojamas kvapas sklinda ir jos neu\u017edegus. Tiesiog aromaterapija j\u016bs\u0173 namuose. \u0160ios \u017evak\u0117s kvapas ramina, gerina mieg\u0105 ir atpalaiduoja. Levand\u0173 \u017evak\u0117s gali b\u016bti baltos arba violetin\u0117s (levandin\u0117s) spalvos. Degimo laikas: ~10 val. \u017dvak\u0117 supakuota po 1 vienet\u0105.<\/p>\n<p>Instrukcija:<br \/>\n1. Kiekvieno deginimo metu reguliariai trumpinkite dagt\u012f. Dagtis neturi b\u016bti auk\u0161tesn\u0117 nei 0.5cm.<br \/>\n2. Rekomenduojama viena deginimo sesijos trukm\u0117 2 valandos.<br \/>\n3. \u017dvak\u0119 b\u016btinai laikykite ant \u017evak\u0117m skirto pad\u0117kliuko.<\/p>\n<p>Pastaba: \u017evak\u0117s yra rank\u0173 darbo, tod\u0117l i\u0161vaizda ir spalvos gali ne\u017eymiai skirtis nuo pavaizduotos nuotraukoje. \u0160i \u017evak\u0117 yra pagaminta rankomis, tod\u0117l svoris gali ne\u017eymiai svyruoti apie 5g.<\/p>","protected":false},"excerpt":{"rendered":"<p>\u0160i burbulin\u0117 levand\u0173 soj\u0173 va\u0161ko \u017evak\u0117 i\u0161 100% sojos va\u0161ko ir 100% levand\u0173 eterinio aliejaus. Nepakartojamas kvapas sklinda ir jos neu\u017edegus. Tiesiog aromaterapija j\u016bs\u0173 namuose.<\/p>","protected":false},"featured_media":716,"comment_status":"open","ping_status":"closed","template":"","meta":[],"product_brand":[],"product_cat":[141,28,314,166],"product_tag":[188,77,30,272,56,243,68,241,237,111,113,143],"class_list":{"0":"post-50","1":"product","2":"type-product","3":"status-publish","4":"has-post-thumbnail","6":"product_cat-casoywax","7":"product_cat-candles","8":"product_cat-free-wrapping","9":"product_cat-withessentialoil","10":"product_tag-aroma","11":"product_tag-bubbled","12":"product_tag-candle","13":"product_tag-essential","14":"product_tag-lavender","15":"product_tag-natural","16":"product_tag-oil","17":"product_tag-purple","18":"product_tag-smells","19":"product_tag-soy","20":"product_tag-wax","21":"product_tag-white","23":"first","24":"instock","25":"shipping-taxable","26":"purchasable","27":"product-type-variable"},"aioseo_notices":[],"_links":{"self":[{"href":"https:\/\/ingrilspa.com\/lt\/wp-json\/wp\/v2\/product\/50","targetHints":{"allow":["GET"]}}],"collection":[{"href":"https:\/\/ingrilspa.com\/lt\/wp-json\/wp\/v2\/product"}],"about":[{"href":"https:\/\/ingrilspa.com\/lt\/wp-json\/wp\/v2\/types\/product"}],"replies":[{"embeddable":true,"href":"https:\/\/ingrilspa.com\/lt\/wp-json\/wp\/v2\/comments?post=50"}],"wp:featuredmedia":[{"embeddable":true,"href":"https:\/\/ingrilspa.com\/lt\/wp-json\/wp\/v2\/media\/716"}],"wp:attachment":[{"href":"https:\/\/ingrilspa.com\/lt\/wp-json\/wp\/v2\/media?parent=50"}],"wp:term":[{"taxonomy":"product_brand","embeddable":true,"href":"https:\/\/ingrilspa.com\/lt\/wp-json\/wp\/v2\/product_brand?post=50"},{"taxonomy":"product_cat","embeddable":true,"href":"https:\/\/ingrilspa.com\/lt\/wp-json\/wp\/v2\/product_cat?post=50"},{"taxonomy":"product_tag","embeddable":true,"href":"https:\/\/ingrilspa.com\/lt\/wp-json\/wp\/v2\/product_tag?post=50"}],"curies":[{"name":"wp","href":"https:\/\/api.w.org\/{rel}","templated":true}]}}