{"id":51,"date":"2023-06-21T22:25:04","date_gmt":"2023-06-21T20:25:04","guid":{"rendered":"http:\/\/ownshopwp.spiraclethemes.com\/demo1\/?post_type=product&#038;p=51"},"modified":"2025-11-24T16:18:24","modified_gmt":"2025-11-24T14:18:24","slug":"soap-himalayan","status":"publish","type":"product","link":"https:\/\/ingrilspa.com\/lt\/produktas\/soap-himalayan\/","title":{"rendered":"Prabangus Himalaj\u0173 Muilas"},"content":{"rendered":"<p>O\u017ekos pieno muilas su Avokado aliejumi, Himalaj\u0173 druska ir trim 100% eteriniais aliejais: Sald\u017ei\u0173 apelsin\u0173, Ylang Ylang (Kvapioji kananga) ir Levand\u0173. Puikus kvapas, primenantis kvepian\u010di\u0173 g\u0117li\u0173 piev\u0105.<\/p>\n<p>Avokad\u0173 aliejus tinkamas sausos odos prie\u017ei\u016brai. Jis suteikia odai ypatingo \u0161velnumo.<\/p>\n<p>Himalaj\u0173 druska ramina, atpalaiduoja, regeneruoja ir dr\u0117kina od\u0105.<\/p>\n<p>Saldusis apelsinas geros nuotaikos u\u017etaisas, turintis detoksikuojan\u010di\u0173 savybi\u0173, stiprina imunitet\u0105, regeneruoja od\u0105, gerina nuotaik\u0105, ramina.<\/p>\n<p>Ylang Ylang eterinis aliejus yra galingas afrodiziakas, gerinantis nuotaik\u0105, \u017eadinantis jausmingum\u0105, gyvenimo d\u017eiaugsm\u0105, o aistra skaistina od\u0105, stiprina nagus. Tai vienas \u017eaviausi\u0173 egzoti\u0161k\u0173, g\u0117li\u0173 kvap\u0173.<\/p>\n<p>Levand\u0173 eterinis aliejus vienas geriausi\u0173 eterini\u0173 aliej\u0173 gydant akn\u0119 ir egzem\u0105, odos u\u017edegimus. Slopina bakterij\u0173, sukelian\u010di\u0173 odos infekcijas, dauginim\u0105si, \u0161velnina od\u0105, saugo nuo randeli\u0173 susidarymo. Be to, labai skatina nauj\u0173, sveik\u0173 l\u0105steli\u0173 augim\u0105.<\/p>\n<p>Muilo svoris: 125g<\/p>\n<p>Pastaba: muilas yra rank\u0173 darbo, tod\u0117l i\u0161vaizda ir spalvos gali ne\u017eymiai skirtis nuo pavaizduotos nuotraukoje. Muilas pagamintas rankomis, tod\u0117l svoris gali ne\u017eymiai svyruoti apie 5g.<\/p>","protected":false},"excerpt":{"rendered":"<p>O\u017ekos pieno muilas su Avokado aliejumi, Himalaj\u0173 druska ir trim 100% eteriniais aliejais: Sald\u017ei\u0173 apelsin\u0173, Ylang Ylang (Kvapioji kananga) ir Levand\u0173. Puikus kvapas, primenantis kvepian\u010di\u0173 g\u0117li\u0173 piev\u0105.<\/p>","protected":false},"featured_media":2030,"comment_status":"open","ping_status":"closed","template":"","meta":[],"product_brand":[],"product_cat":[314,50,32,273],"product_tag":[67,196,69,145,56,70,122,68,53,248,209,249],"class_list":{"0":"post-51","1":"product","2":"type-product","3":"status-publish","4":"has-post-thumbnail","6":"product_cat-free-wrapping","7":"product_cat-soluxury","8":"product_cat-soaps","9":"product_cat-valentines-gifts","10":"product_tag-avocado","11":"product_tag-flower","12":"product_tag-himalayan","13":"product_tag-kananga","14":"product_tag-lavender","15":"product_tag-luxury","16":"product_tag-milk","17":"product_tag-oil","18":"product_tag-orange","19":"product_tag-salt","20":"product_tag-skin","21":"product_tag-ylang-ylang","23":"first","24":"instock","25":"featured","26":"shipping-taxable","27":"purchasable","28":"product-type-simple"},"aioseo_notices":[],"_links":{"self":[{"href":"https:\/\/ingrilspa.com\/lt\/wp-json\/wp\/v2\/product\/51","targetHints":{"allow":["GET"]}}],"collection":[{"href":"https:\/\/ingrilspa.com\/lt\/wp-json\/wp\/v2\/product"}],"about":[{"href":"https:\/\/ingrilspa.com\/lt\/wp-json\/wp\/v2\/types\/product"}],"replies":[{"embeddable":true,"href":"https:\/\/ingrilspa.com\/lt\/wp-json\/wp\/v2\/comments?post=51"}],"wp:featuredmedia":[{"embeddable":true,"href":"https:\/\/ingrilspa.com\/lt\/wp-json\/wp\/v2\/media\/2030"}],"wp:attachment":[{"href":"https:\/\/ingrilspa.com\/lt\/wp-json\/wp\/v2\/media?parent=51"}],"wp:term":[{"taxonomy":"product_brand","embeddable":true,"href":"https:\/\/ingrilspa.com\/lt\/wp-json\/wp\/v2\/product_brand?post=51"},{"taxonomy":"product_cat","embeddable":true,"href":"https:\/\/ingrilspa.com\/lt\/wp-json\/wp\/v2\/product_cat?post=51"},{"taxonomy":"product_tag","embeddable":true,"href":"https:\/\/ingrilspa.com\/lt\/wp-json\/wp\/v2\/product_tag?post=51"}],"curies":[{"name":"wp","href":"https:\/\/api.w.org\/{rel}","templated":true}]}}