{"id":52,"date":"2021-12-01T00:00:34","date_gmt":"2021-11-30T22:00:34","guid":{"rendered":"http:\/\/ownshopwp.spiraclethemes.com\/demo1\/?post_type=product&#038;p=52"},"modified":"2025-12-17T13:48:36","modified_gmt":"2025-12-17T11:48:36","slug":"soy-wax-home-scent-sweet-orange","status":"publish","type":"product","link":"https:\/\/ingrilspa.com\/lt\/produktas\/soy-wax-home-scent-sweet-orange\/","title":{"rendered":"Soj\u0173 Va\u0161ko Nam\u0173 Kvapas - Saldus Apelsinas, 1 vnt."},"content":{"rendered":"<p>\u0160is saldaus apelsino nam\u0173 kvapas pagamintas i\u0161 100% soj\u0173 va\u0161ko ir trij\u0173 100% eterini\u0173 aliej\u0173: saldaus apelsino, gvazdik\u0117li\u0173 ir citrinos. Nuostabus gaivinantis aromatas. Saldus apelsinas tai d\u017eiugesio ir geros nuotaikos eterinis aliejus. Kvapukas puikiai tiks aromatizuoti norim\u0105 erdv\u0119, kambar\u012f, stal\u010di\u0173, spintel\u0119. Kvapas i\u0161lieka apie 3 m\u0117nesius. Saldaus apelsino kvapukai yra dviej\u0173 form\u0173: ovalo ir sta\u010diakampio.<\/p>\n<p>Nam\u0173 kvapo svoris: 30g<\/p>\n<p>Instrukcijos:<br \/>\n1. Nenaudoti automobilyje, nes prie 50\u02daC pradeda mink\u0161t\u0117ti.<br \/>\n2. Kvapukai supakuoti po 1 vienet\u0105.<br \/>\n3. Kvapukai yra rank\u0173 darbo, tod\u0117l i\u0161vaizda ir spalvos gali ne\u017eymiai skirtis nuo pavaizduotos nuotraukoje.<\/p>\n<p>Pastaba: nam\u0173 kvapas pagamintas rankomis, tod\u0117l svoris gali ne\u017eymiai svyruoti apie 5g.<\/p>","protected":false},"excerpt":{"rendered":"<p>\u0160is saldaus apelsino nam\u0173 kvapas pagamintas i\u0161 100% soj\u0173 va\u0161ko ir trij\u0173 100% eterini\u0173 aliej\u0173: saldaus apelsino, gvazdik\u0117li\u0173 ir citrinos. Nuostabus gaivinantis aromatas.<\/p>","protected":false},"featured_media":722,"comment_status":"open","ping_status":"closed","template":"","meta":[],"product_brand":[],"product_cat":[255,314,33],"product_tag":[188,223,54,222,68,53,246,247,75],"class_list":{"0":"post-52","1":"product","2":"type-product","3":"status-publish","4":"has-post-thumbnail","6":"product_cat-christmas-gifts","7":"product_cat-free-wrapping","8":"product_cat-homescents","9":"product_tag-aroma","10":"product_tag-cloves","11":"product_tag-home","12":"product_tag-lemon","13":"product_tag-oil","14":"product_tag-orange","15":"product_tag-oval","16":"product_tag-rectangular","17":"product_tag-sweet","19":"first","20":"instock","21":"shipping-taxable","22":"purchasable","23":"product-type-variable"},"aioseo_notices":[],"_links":{"self":[{"href":"https:\/\/ingrilspa.com\/lt\/wp-json\/wp\/v2\/product\/52","targetHints":{"allow":["GET"]}}],"collection":[{"href":"https:\/\/ingrilspa.com\/lt\/wp-json\/wp\/v2\/product"}],"about":[{"href":"https:\/\/ingrilspa.com\/lt\/wp-json\/wp\/v2\/types\/product"}],"replies":[{"embeddable":true,"href":"https:\/\/ingrilspa.com\/lt\/wp-json\/wp\/v2\/comments?post=52"}],"wp:featuredmedia":[{"embeddable":true,"href":"https:\/\/ingrilspa.com\/lt\/wp-json\/wp\/v2\/media\/722"}],"wp:attachment":[{"href":"https:\/\/ingrilspa.com\/lt\/wp-json\/wp\/v2\/media?parent=52"}],"wp:term":[{"taxonomy":"product_brand","embeddable":true,"href":"https:\/\/ingrilspa.com\/lt\/wp-json\/wp\/v2\/product_brand?post=52"},{"taxonomy":"product_cat","embeddable":true,"href":"https:\/\/ingrilspa.com\/lt\/wp-json\/wp\/v2\/product_cat?post=52"},{"taxonomy":"product_tag","embeddable":true,"href":"https:\/\/ingrilspa.com\/lt\/wp-json\/wp\/v2\/product_tag?post=52"}],"curies":[{"name":"wp","href":"https:\/\/api.w.org\/{rel}","templated":true}]}}