{"id":56,"date":"2021-12-01T00:00:47","date_gmt":"2021-11-30T22:00:47","guid":{"rendered":"http:\/\/ownshopwp.spiraclethemes.com\/demo1\/?post_type=product&#038;p=56"},"modified":"2025-12-11T23:07:43","modified_gmt":"2025-12-11T21:07:43","slug":"sow-wax-home-scent-lavender","status":"publish","type":"product","link":"https:\/\/ingrilspa.com\/lt\/produktas\/sow-wax-home-scent-lavender\/","title":{"rendered":"Soj\u0173 Va\u0161ko Nam\u0173 Kvapas - Levandos, 1vnt."},"content":{"rendered":"<p>\u0160is levand\u0173 nam\u0173 kvapas pagamintas i\u0161 100% soj\u0173 va\u0161ko ir 100% levand\u0173 eterinio aliejaus. Nuostabus raminantis aromatas. Levand\u0173 eterinis aliejus sukuria jauki\u0105 atmosfer\u0105, ramina ir padeda kovoti su nemiga. Veikia kaip i\u0161skirtinis afrodiziakas. Kaip ir kitus eterinius aliejus, juos galima naudoti patalp\u0173 valymui, dezinfekcijai, aromatizavimui. Tai puiki priemon\u0117 nuo kand\u017ei\u0173. Kvapas puikiai tinka norimai erdvei, kambariui, stal\u010diui ar spintai suteikti nuostab\u0173 aromat\u0105. Kvapas i\u0161lieka apie 3 m\u0117nesius. Levand\u0173 kvapai b\u016bna dviej\u0173 form\u0173: oval\u016bs ir sta\u010diakampiai.<\/p>\n<p>Nam\u0173 kvapo svoris: 29g<\/p>\n<p>Instrukcijos:<br \/>\n1. Nenaudoti automobilyje, nes prie 50\u02daC pradeda mink\u0161t\u0117ti.<br \/>\n2. Kvapukai supakuoti po 1 vienet\u0105.<br \/>\n3. Kvapukai yra rank\u0173 darbo, tod\u0117l i\u0161vaizda ir spalvos gali ne\u017eymiai skirtis nuo pavaizduotos nuotraukoje.<\/p>\n<p>Pastaba: nam\u0173 kvapas pagamintas rankomis, tod\u0117l svoris gali ne\u017eymiai svyruoti apie 5g.<\/p>","protected":false},"excerpt":{"rendered":"<p>\u0160is levand\u0173 nam\u0173 kvapas pagamintas i\u0161 100% soj\u0173 va\u0161ko ir 100% levand\u0173 eterinio aliejaus. Nuostabus raminantis aromatas.<\/p>","protected":false},"featured_media":724,"comment_status":"open","ping_status":"closed","template":"","meta":[],"product_brand":[],"product_cat":[314,33],"product_tag":[188,224,244,196,54,193,56,59,68,237],"class_list":{"0":"post-56","1":"product","2":"type-product","3":"status-publish","4":"has-post-thumbnail","6":"product_cat-free-wrapping","7":"product_cat-homescents","8":"product_tag-aroma","9":"product_tag-buds","10":"product_tag-cozy","11":"product_tag-flower","12":"product_tag-home","13":"product_tag-interior","14":"product_tag-lavender","15":"product_tag-namu","16":"product_tag-oil","17":"product_tag-smells","19":"first","20":"instock","21":"featured","22":"shipping-taxable","23":"purchasable","24":"product-type-variable"},"aioseo_notices":[],"_links":{"self":[{"href":"https:\/\/ingrilspa.com\/lt\/wp-json\/wp\/v2\/product\/56","targetHints":{"allow":["GET"]}}],"collection":[{"href":"https:\/\/ingrilspa.com\/lt\/wp-json\/wp\/v2\/product"}],"about":[{"href":"https:\/\/ingrilspa.com\/lt\/wp-json\/wp\/v2\/types\/product"}],"replies":[{"embeddable":true,"href":"https:\/\/ingrilspa.com\/lt\/wp-json\/wp\/v2\/comments?post=56"}],"wp:featuredmedia":[{"embeddable":true,"href":"https:\/\/ingrilspa.com\/lt\/wp-json\/wp\/v2\/media\/724"}],"wp:attachment":[{"href":"https:\/\/ingrilspa.com\/lt\/wp-json\/wp\/v2\/media?parent=56"}],"wp:term":[{"taxonomy":"product_brand","embeddable":true,"href":"https:\/\/ingrilspa.com\/lt\/wp-json\/wp\/v2\/product_brand?post=56"},{"taxonomy":"product_cat","embeddable":true,"href":"https:\/\/ingrilspa.com\/lt\/wp-json\/wp\/v2\/product_cat?post=56"},{"taxonomy":"product_tag","embeddable":true,"href":"https:\/\/ingrilspa.com\/lt\/wp-json\/wp\/v2\/product_tag?post=56"}],"curies":[{"name":"wp","href":"https:\/\/api.w.org\/{rel}","templated":true}]}}