{"id":57,"date":"2022-07-10T00:45:44","date_gmt":"2022-07-09T22:45:44","guid":{"rendered":"http:\/\/ownshopwp.spiraclethemes.com\/demo1\/?post_type=product&#038;p=57"},"modified":"2025-12-10T09:58:12","modified_gmt":"2025-12-10T07:58:12","slug":"soap-bee","status":"publish","type":"product","link":"https:\/\/ingrilspa.com\/lt\/produktas\/soap-bee\/","title":{"rendered":"Sald\u017eiojo Apelsino Muilas Bitut\u0117"},"content":{"rendered":"<p>O\u017ekos pieno muilas su migdol\u0173 aliejumi, medumi ir trimis 100% eteriniais aliejais sald\u017ei\u0173 apelsin\u0173, bergamot\u0117s ir frankincenso. Puikus kvapas, kuris pakelia nuotaik\u0105.<\/p>\n<p>Migdol\u0173 aliejus rekomenduojamas gydant saus\u0105, jautri\u0105, suerzint\u0105 od\u0105, egzemas, padeda \u012fveikti odos u\u017edegimus ir nie\u017e\u0117jim\u0105, o k\u016bnui suteikia aksominio \u017evilgesio.<\/p>\n<p>Saldusis apelsinas geros nuotaikos u\u017etaisas, turintis detoksikuojan\u010di\u0173 savybi\u0173, stiprina imunitet\u0105, regeneruoja od\u0105, gerina nuotaik\u0105, ramina.<\/p>\n<p>Bergamot\u0117 turi antiseptini\u0173 savybi\u0173 bei padeda esant aknei, odos u\u017edegimams.<\/p>\n<p>Frankincensas ypatingai subtilaus, turtingo ir \u0161velniai salsvo kvapo. Jis aktyvina sveik\u0105 l\u0105steli\u0173 augim\u0105 ir odos l\u0105steli\u0173 atsik\u016brim\u0105.<\/p>\n<p>Muilo svoris: 75g<\/p>\n<p>Pastaba: muilas yra rank\u0173 darbo, tod\u0117l i\u0161vaizda ir spalvos gali ne\u017eymiai skirtis nuo pavaizduotos nuotraukoje. Muilas pagamintas rankomis, tod\u0117l svoris gali ne\u017eymiai svyruoti apie 5g.<\/p>\n<p><iframe title=\"#Soaps #dovanos #handmade  #christmas #merrychristmas #kal\u0117dos #lietuviskapreke #rankudarbas\" width=\"540\" height=\"960\" src=\"https:\/\/www.youtube.com\/embed\/SKg7lS6d9I0?feature=oembed\" frameborder=\"0\" allow=\"accelerometer; autoplay; clipboard-write; encrypted-media; gyroscope; picture-in-picture; web-share\" referrerpolicy=\"strict-origin-when-cross-origin\" allowfullscreen><\/iframe><\/p>","protected":false},"excerpt":{"rendered":"<p>O\u017ekos pieno muilas su migdol\u0173 aliejumi, medumi ir trimis 100% eteriniais aliejais sald\u017ei\u0173 apelsin\u0173, bergamot\u0117s ir frankincenso. Puikus kvapas, kuris pakelia nuotaik\u0105.<\/p>","protected":false},"featured_media":2016,"comment_status":"open","ping_status":"closed","template":"","meta":[],"product_brand":[],"product_cat":[255,314,49,32],"product_tag":[131,115,128,194,68,53,209,29,75],"class_list":{"0":"post-57","1":"product","2":"type-product","3":"status-publish","4":"has-post-thumbnail","6":"product_cat-christmas-gifts","7":"product_cat-free-wrapping","8":"product_cat-soorange","9":"product_cat-soaps","10":"product_tag-almond","11":"product_tag-bergamot","12":"product_tag-frankincense","13":"product_tag-honey","14":"product_tag-oil","15":"product_tag-orange","16":"product_tag-skin","17":"product_tag-soap","18":"product_tag-sweet","20":"first","21":"instock","22":"shipping-taxable","23":"purchasable","24":"product-type-simple"},"aioseo_notices":[],"_links":{"self":[{"href":"https:\/\/ingrilspa.com\/lt\/wp-json\/wp\/v2\/product\/57","targetHints":{"allow":["GET"]}}],"collection":[{"href":"https:\/\/ingrilspa.com\/lt\/wp-json\/wp\/v2\/product"}],"about":[{"href":"https:\/\/ingrilspa.com\/lt\/wp-json\/wp\/v2\/types\/product"}],"replies":[{"embeddable":true,"href":"https:\/\/ingrilspa.com\/lt\/wp-json\/wp\/v2\/comments?post=57"}],"wp:featuredmedia":[{"embeddable":true,"href":"https:\/\/ingrilspa.com\/lt\/wp-json\/wp\/v2\/media\/2016"}],"wp:attachment":[{"href":"https:\/\/ingrilspa.com\/lt\/wp-json\/wp\/v2\/media?parent=57"}],"wp:term":[{"taxonomy":"product_brand","embeddable":true,"href":"https:\/\/ingrilspa.com\/lt\/wp-json\/wp\/v2\/product_brand?post=57"},{"taxonomy":"product_cat","embeddable":true,"href":"https:\/\/ingrilspa.com\/lt\/wp-json\/wp\/v2\/product_cat?post=57"},{"taxonomy":"product_tag","embeddable":true,"href":"https:\/\/ingrilspa.com\/lt\/wp-json\/wp\/v2\/product_tag?post=57"}],"curies":[{"name":"wp","href":"https:\/\/api.w.org\/{rel}","templated":true}]}}