{"id":582,"date":"2022-02-01T00:00:26","date_gmt":"2022-01-31T22:00:26","guid":{"rendered":"https:\/\/ingrilspa.com\/?post_type=product&#038;p=582"},"modified":"2025-12-10T09:58:12","modified_gmt":"2025-12-10T07:58:12","slug":"tea-lavender1","status":"publish","type":"product","link":"https:\/\/ingrilspa.com\/lt\/produktas\/tea-lavender1\/","title":{"rendered":"Levand\u0173 \u017died\u0173 ir Lapeli\u0173 Arbata"},"content":{"rendered":"<p>Levandos auginamos m\u016bs\u0173 sode, auga naturaliai be tr\u0105\u0161\u0173. Kiekvienas lapelis ir \u017eiedelis nuskintas rankomis. Levand\u0173 arbata veikia atpalaiduojan\u010diai ir raminan\u010diai. Balansuoja nerv\u0173 sistem\u0105. Puikiai tinka turintiems problem\u0173 su vir\u0161kinimo sistema, padeda suma\u017einti prie\u0161menstruacinius sindromus. Itin tinka prie\u0161 mieg\u0105, meditacij\u0105, jog\u0105, voni\u0105. Levandos puikiai tinka su citrina, medumi, m\u0117tomis ir kitomis \u017eolel\u0117mis.  Levand\u0173 lapelius ir \u017eiedelius galima naudoti kulinarijoje. Puikiai tiks prie \u017euvies, vi\u0161tienos patiekal\u0173, pada\u017eamas, saldiems kepiniams.<\/p>\n<p>Paruo\u0161imas: vienam puodeliui paruo\u0161ti reik\u0117s 1-2 arbatini\u0173 \u0161auk\u0161teli\u0173 arbat\u017eoli\u0173, kurias reikia u\u017eplikyti virintu vandeniu ir palaikyti 8-10 min., kol pritrauks arba kol i\u0161gausite norim\u0105 intensyvum\u0105.<\/p>\n<p>Levand\u0173 arbatos svoris: 15g<\/p>\n<p><strong>Svarbu!<\/strong><br \/>\nLevanda laikoma vaistiniu augalu, tod\u0117l be nauding\u0173 savybi\u0173 ji taip pat turi kontraindikacij\u0173:<br \/>\n1. Negalima vartoti esant \u017eemam kraujosp\u016bd\u017eiui.<br \/>\n2. N\u0117\u0161tumo metu levand\u0173 arbata taip pat nerekomenduojama.<br \/>\n3. Laktacijos laikotarpiu nerekomenduojama.<br \/>\n4. Nerekomenduojama gerti daugiau nei 0,5 litro per par\u0105.<br \/>\nBe to, svarbu negerti arbatos d\u0117l individualios netolerancijos.<\/p>","protected":false},"excerpt":{"rendered":"<p>Levandos auginamos m\u016bs\u0173 sode, auga naturaliai be tr\u0105\u0161\u0173. Kiekvienas lapelis ir \u017eiedelis nuskintas rankomis.  Levand\u0173 arbata veikia atpalaiduojan\u010diai ir raminan\u010diai. Balansuoja nerv\u0173 sistem\u0105.<\/p>","protected":false},"featured_media":718,"comment_status":"open","ping_status":"closed","template":"","meta":[],"product_brand":[],"product_cat":[314,84],"product_tag":[228,224,233,232,231,196,230,194,56,222,226,229,225,234,75,85,227],"class_list":{"0":"post-582","1":"product","2":"type-product","3":"status-publish","4":"has-post-thumbnail","6":"product_cat-free-wrapping","7":"product_cat-tea","8":"product_tag-bath","9":"product_tag-buds","10":"product_tag-chiken","11":"product_tag-cooking","12":"product_tag-fish","13":"product_tag-flower","14":"product_tag-herbs","15":"product_tag-honey","16":"product_tag-lavender","17":"product_tag-lemon","18":"product_tag-meditation","19":"product_tag-mint","20":"product_tag-relaxing","21":"product_tag-sauce","22":"product_tag-sweet","23":"product_tag-tea","24":"product_tag-yoga","26":"first","27":"outofstock","28":"shipping-taxable","29":"purchasable","30":"product-type-simple"},"aioseo_notices":[],"_links":{"self":[{"href":"https:\/\/ingrilspa.com\/lt\/wp-json\/wp\/v2\/product\/582","targetHints":{"allow":["GET"]}}],"collection":[{"href":"https:\/\/ingrilspa.com\/lt\/wp-json\/wp\/v2\/product"}],"about":[{"href":"https:\/\/ingrilspa.com\/lt\/wp-json\/wp\/v2\/types\/product"}],"replies":[{"embeddable":true,"href":"https:\/\/ingrilspa.com\/lt\/wp-json\/wp\/v2\/comments?post=582"}],"wp:featuredmedia":[{"embeddable":true,"href":"https:\/\/ingrilspa.com\/lt\/wp-json\/wp\/v2\/media\/718"}],"wp:attachment":[{"href":"https:\/\/ingrilspa.com\/lt\/wp-json\/wp\/v2\/media?parent=582"}],"wp:term":[{"taxonomy":"product_brand","embeddable":true,"href":"https:\/\/ingrilspa.com\/lt\/wp-json\/wp\/v2\/product_brand?post=582"},{"taxonomy":"product_cat","embeddable":true,"href":"https:\/\/ingrilspa.com\/lt\/wp-json\/wp\/v2\/product_cat?post=582"},{"taxonomy":"product_tag","embeddable":true,"href":"https:\/\/ingrilspa.com\/lt\/wp-json\/wp\/v2\/product_tag?post=582"}],"curies":[{"name":"wp","href":"https:\/\/api.w.org\/{rel}","templated":true}]}}