{"id":584,"date":"2025-01-11T00:00:45","date_gmt":"2025-01-10T22:00:45","guid":{"rendered":"https:\/\/ingrilspa.com\/?post_type=product&#038;p=584"},"modified":"2025-11-24T02:42:08","modified_gmt":"2025-11-24T00:42:08","slug":"soap-heart1","status":"publish","type":"product","link":"https:\/\/ingrilspa.com\/lt\/produktas\/soap-heart1\/","title":{"rendered":"Sald\u017eiojo Apelsino Muilas \u0160irdel\u0117s Formos"},"content":{"rendered":"<p>O\u017ekos pieno muilas su migdol\u0173 aliejumi ir dviem 100% naturaliais eteriniais aliejais: \u0161ald\u017ei\u0173 apelsin\u0173 ir frankincenso. Puikus kvapas, kuris pakelia nuotaik\u0105.<\/p>\n<p>Migdol\u0173 aliejus rekomenduojamas gydant saus\u0105, jautri\u0105, suerzint\u0105 od\u0105, egzemas, padeda \u012fveikti odos u\u017edegimus ir nie\u017e\u0117jim\u0105, o k\u016bnui suteikia aksominio \u017evilgesio.<\/p>\n<p>Saldusis apelsinas geros nuotaikos u\u017etaisas, turintis detoksikuojan\u010di\u0173 savybi\u0173, stiprina imunitet\u0105, regeneruoja od\u0105, gerina nuotaik\u0105, ramina.<\/p>\n<p>Frankincensas ypatingai subtilaus, turtingo ir \u0161velniai salsvo kvapo. Jis aktyvina sveik\u0105 l\u0105steli\u0173 augim\u0105 ir odos l\u0105steli\u0173 atsik\u016brim\u0105.<\/p>\n<p>Muilo svoris: 100 g<\/p>\n<p>Pastaba: muilas yra rank\u0173 darbo, tod\u0117l i\u0161vaizda ir spalvos gali ne\u017eymiai skirtis nuo pavaizduotos nuotraukoje. Muilas pagamintas rankomis, tod\u0117l svoris gali ne\u017eymiai svyruoti apie 5g.<\/p>","protected":false},"excerpt":{"rendered":"<p>Kal\u0117dinis o\u017ekos pieno muilas su migdol\u0173 aliejumi ir dviem 100% naturaliais eteriniais aliejais: \u0161ald\u017ei\u0173 apelsin\u0173 ir frankincenso. Puikus kvapas, kuris pakelia nuotaik\u0105.<\/p>","protected":false},"featured_media":717,"comment_status":"open","ping_status":"closed","template":"","meta":[],"product_brand":[],"product_cat":[314,49,32,273],"product_tag":[131,128,99,68,53,209,29,75],"class_list":{"0":"post-584","1":"product","2":"type-product","3":"status-publish","4":"has-post-thumbnail","6":"product_cat-free-wrapping","7":"product_cat-soorange","8":"product_cat-soaps","9":"product_cat-valentines-gifts","10":"product_tag-almond","11":"product_tag-frankincense","12":"product_tag-heart","13":"product_tag-oil","14":"product_tag-orange","15":"product_tag-skin","16":"product_tag-soap","17":"product_tag-sweet","19":"first","20":"instock","21":"shipping-taxable","22":"purchasable","23":"product-type-simple"},"aioseo_notices":[],"_links":{"self":[{"href":"https:\/\/ingrilspa.com\/lt\/wp-json\/wp\/v2\/product\/584","targetHints":{"allow":["GET"]}}],"collection":[{"href":"https:\/\/ingrilspa.com\/lt\/wp-json\/wp\/v2\/product"}],"about":[{"href":"https:\/\/ingrilspa.com\/lt\/wp-json\/wp\/v2\/types\/product"}],"replies":[{"embeddable":true,"href":"https:\/\/ingrilspa.com\/lt\/wp-json\/wp\/v2\/comments?post=584"}],"wp:featuredmedia":[{"embeddable":true,"href":"https:\/\/ingrilspa.com\/lt\/wp-json\/wp\/v2\/media\/717"}],"wp:attachment":[{"href":"https:\/\/ingrilspa.com\/lt\/wp-json\/wp\/v2\/media?parent=584"}],"wp:term":[{"taxonomy":"product_brand","embeddable":true,"href":"https:\/\/ingrilspa.com\/lt\/wp-json\/wp\/v2\/product_brand?post=584"},{"taxonomy":"product_cat","embeddable":true,"href":"https:\/\/ingrilspa.com\/lt\/wp-json\/wp\/v2\/product_cat?post=584"},{"taxonomy":"product_tag","embeddable":true,"href":"https:\/\/ingrilspa.com\/lt\/wp-json\/wp\/v2\/product_tag?post=584"}],"curies":[{"name":"wp","href":"https:\/\/api.w.org\/{rel}","templated":true}]}}