{"id":586,"date":"2022-02-01T00:00:04","date_gmt":"2022-01-31T22:00:04","guid":{"rendered":"https:\/\/ingrilspa.com\/?post_type=product&#038;p=586"},"modified":"2025-11-24T02:45:17","modified_gmt":"2025-11-24T00:45:17","slug":"lip-balm1","status":"publish","type":"product","link":"https:\/\/ingrilspa.com\/lt\/produktas\/lip-balm1\/","title":{"rendered":"Bi\u010di\u0173 Va\u0161ko L\u016bp\u0173 Balzamas"},"content":{"rendered":"<p>Bi\u010di\u0173 va\u0161ko l\u016bp\u0173 balzamas \u2013 intensyviai dr\u0117kina ir apsaugo l\u016bpas.<\/p>\n<p>Sud\u0117tis: bi\u010di\u0173 va\u0161kas, migdol\u0173 aliejus, kokos\u0173 aliejus ir trys 100% natural\u016bs eteriniai aliejai: bergamot\u0117, saldus apelsinas, frankincensas.<\/p>\n<p>Bi\u010di\u0173 va\u0161kas padeda u\u017efiksuoti dr\u0117gm\u0119, kad oda b\u016bt\u0173 mink\u0161ta, elastinga, dr\u0117kinama.<\/p>\n<p>Almond oil is recommended for treating dry, sensitive, irritated skin, eczema helps to overcome skin inflammation and itching.<\/p>\n<p>Kokos\u0173 aliejus suteikia antioksidant\u0173, dr\u0117kina, suma\u017eina sen\u0117jimo po\u017eymius, padidina maistini\u0173 med\u017eiag\u0173 kiek\u012f ir padeda apsaugoti od\u0105.<\/p>\n<p>Bergamot\u0117 turi antiseptini\u0173 savybi\u0173 bei padeda esant aknei, odos u\u017edegimams.<\/p>\n<p>Saldusis apelsinas geros nuotaikos u\u017etaisas, turintis detoksikuojan\u010di\u0173 savybi\u0173, stiprina imunitet\u0105, regeneruoja od\u0105, gerina nuotaik\u0105, ramina.<\/p>\n<p>Frankincense essential oil has an extremely delicate, rich, and mildly sweet smell. It activates healthy cell growth and skin cell regeneration.<\/p>\n<p>Bi\u010di\u0173 va\u0161ko l\u016bp\u0173 balzamo svoris: 5g<\/p>\n<p><iframe title=\"#lipbalm #lipbalmlover #handmade #dovanos #kal\u0117dos #rankudarbas #lietuviskapreke #naturalproducts\" width=\"640\" height=\"360\" src=\"https:\/\/www.youtube.com\/embed\/lHfoa8_6GJg?feature=oembed\" frameborder=\"0\" allow=\"accelerometer; autoplay; clipboard-write; encrypted-media; gyroscope; picture-in-picture; web-share\" referrerpolicy=\"strict-origin-when-cross-origin\" allowfullscreen><\/iframe><\/p>","protected":false},"excerpt":{"rendered":"<p>Bi\u010di\u0173 va\u0161ko l\u016bp\u0173 balzamas \u2013 intensyviai dr\u0117kina ir apsaugo l\u016bpas.<\/p>","protected":false},"featured_media":587,"comment_status":"open","ping_status":"closed","template":"","meta":[],"product_brand":[],"product_cat":[39,314],"product_tag":[131,88,81,115,217,128,87,68,53,209,75],"class_list":{"0":"post-586","1":"product","2":"type-product","3":"status-publish","4":"has-post-thumbnail","6":"product_cat-cosmetics","7":"product_cat-free-wrapping","8":"product_tag-almond","9":"product_tag-balm","10":"product_tag-beeswax","11":"product_tag-bergamot","12":"product_tag-coconut","13":"product_tag-frankincense","14":"product_tag-lip","15":"product_tag-oil","16":"product_tag-orange","17":"product_tag-skin","18":"product_tag-sweet","20":"first","21":"instock","22":"shipping-taxable","23":"purchasable","24":"product-type-simple"},"aioseo_notices":[],"_links":{"self":[{"href":"https:\/\/ingrilspa.com\/lt\/wp-json\/wp\/v2\/product\/586","targetHints":{"allow":["GET"]}}],"collection":[{"href":"https:\/\/ingrilspa.com\/lt\/wp-json\/wp\/v2\/product"}],"about":[{"href":"https:\/\/ingrilspa.com\/lt\/wp-json\/wp\/v2\/types\/product"}],"replies":[{"embeddable":true,"href":"https:\/\/ingrilspa.com\/lt\/wp-json\/wp\/v2\/comments?post=586"}],"wp:featuredmedia":[{"embeddable":true,"href":"https:\/\/ingrilspa.com\/lt\/wp-json\/wp\/v2\/media\/587"}],"wp:attachment":[{"href":"https:\/\/ingrilspa.com\/lt\/wp-json\/wp\/v2\/media?parent=586"}],"wp:term":[{"taxonomy":"product_brand","embeddable":true,"href":"https:\/\/ingrilspa.com\/lt\/wp-json\/wp\/v2\/product_brand?post=586"},{"taxonomy":"product_cat","embeddable":true,"href":"https:\/\/ingrilspa.com\/lt\/wp-json\/wp\/v2\/product_cat?post=586"},{"taxonomy":"product_tag","embeddable":true,"href":"https:\/\/ingrilspa.com\/lt\/wp-json\/wp\/v2\/product_tag?post=586"}],"curies":[{"name":"wp","href":"https:\/\/api.w.org\/{rel}","templated":true}]}}