{"id":588,"date":"2022-02-01T00:00:57","date_gmt":"2022-01-31T22:00:57","guid":{"rendered":"https:\/\/ingrilspa.com\/?post_type=product&#038;p=588"},"modified":"2025-11-24T02:45:16","modified_gmt":"2025-11-24T00:45:16","slug":"blend1","status":"publish","type":"product","link":"https:\/\/ingrilspa.com\/lt\/produktas\/blend1\/","title":{"rendered":"Harmonija Aromaterapinis Mi\u0161inys"},"content":{"rendered":"<p>Aromaterapinis Mi\u0161inys Harmonija - nat\u016brali priemon\u0117 nervin\u0117s sistemos raminimui, stresui, \u012ftampai ir nerimastingumui nuimti.<\/p>\n<p>Sud\u0117tis: migdol\u0173 aliejus ir trys eteriniai aliejai: bergamot\u0117, levanda ir fankincensas. Bergamot\u0117, levanda ir frankincensas labai atpalaiduoja k\u016bn\u0105 ir prot\u0105. Tai padeda palengvinti j\u016bs\u0173 r\u016bpes\u010dius ir b\u0117das, ir mintimis nukeliauti \u012f taikos ir ramyb\u0117s oaz\u0119.<\/p>\n<p>Aromaterapinis Mi\u0161inys Harmonija su rutuliniu aplikatoriumi. Tepkite rie\u0161us, smilkinius, paausius, kakl\u0105, kitus pulso ta\u0161kus ir m\u0117gaukit\u0117s aromaterapija.<\/p>\n<p>Aromaterapinio Mi\u0161inio Harmonija t\u016bris: 10ml<\/p>\n<p>Pastaba: prie\u0161 naudogami Aromaterapin\u012f Mi\u0161in\u012f Harmonija , pasitepkite ma\u017eame odos plote ir steb\u0117kite ar neturite odos reakcijos.<\/p>","protected":false},"excerpt":{"rendered":"<p>Aromaterapinis mi\u0161inys Harmony yra pagamintas i\u0161 migdol\u0173 aliejaus ir trij\u0173 100% nat\u016brali\u0173 eterini\u0173 aliej\u0173: bergamo\u010di\u0173, levand\u0173 ir frankincenso \u2013 tai nat\u016brali priemon\u0117 nerv\u0173 sistemai nuraminti, ma\u017eina stres\u0105, \u012ftamp\u0105 ir nerim\u0105.<\/p>","protected":false},"featured_media":589,"comment_status":"open","ping_status":"closed","template":"","meta":[],"product_brand":[],"product_cat":[39,314],"product_tag":[131,91,115,92,128,93,56,208,68,207],"class_list":{"0":"post-588","1":"product","2":"type-product","3":"status-publish","4":"has-post-thumbnail","6":"product_cat-cosmetics","7":"product_cat-free-wrapping","8":"product_tag-almond","9":"product_tag-aromatherapy","10":"product_tag-bergamot","11":"product_tag-blend","12":"product_tag-frankincense","13":"product_tag-harmony","14":"product_tag-lavender","15":"product_tag-neck","16":"product_tag-oil","17":"product_tag-wrists","19":"first","20":"instock","21":"shipping-taxable","22":"purchasable","23":"product-type-simple"},"aioseo_notices":[],"_links":{"self":[{"href":"https:\/\/ingrilspa.com\/lt\/wp-json\/wp\/v2\/product\/588","targetHints":{"allow":["GET"]}}],"collection":[{"href":"https:\/\/ingrilspa.com\/lt\/wp-json\/wp\/v2\/product"}],"about":[{"href":"https:\/\/ingrilspa.com\/lt\/wp-json\/wp\/v2\/types\/product"}],"replies":[{"embeddable":true,"href":"https:\/\/ingrilspa.com\/lt\/wp-json\/wp\/v2\/comments?post=588"}],"wp:featuredmedia":[{"embeddable":true,"href":"https:\/\/ingrilspa.com\/lt\/wp-json\/wp\/v2\/media\/589"}],"wp:attachment":[{"href":"https:\/\/ingrilspa.com\/lt\/wp-json\/wp\/v2\/media?parent=588"}],"wp:term":[{"taxonomy":"product_brand","embeddable":true,"href":"https:\/\/ingrilspa.com\/lt\/wp-json\/wp\/v2\/product_brand?post=588"},{"taxonomy":"product_cat","embeddable":true,"href":"https:\/\/ingrilspa.com\/lt\/wp-json\/wp\/v2\/product_cat?post=588"},{"taxonomy":"product_tag","embeddable":true,"href":"https:\/\/ingrilspa.com\/lt\/wp-json\/wp\/v2\/product_tag?post=588"}],"curies":[{"name":"wp","href":"https:\/\/api.w.org\/{rel}","templated":true}]}}