{"id":59,"date":"2021-12-01T00:00:22","date_gmt":"2021-11-30T22:00:22","guid":{"rendered":"http:\/\/ownshopwp.spiraclethemes.com\/demo1\/?post_type=product&#038;p=59"},"modified":"2025-11-24T16:21:20","modified_gmt":"2025-11-24T14:21:20","slug":"soap-massage01","status":"publish","type":"product","link":"https:\/\/ingrilspa.com\/lt\/produktas\/soap-massage01\/","title":{"rendered":"Masa\u017einis Sald\u017eiojo Apelsino Muilas"},"content":{"rendered":"<p>O\u017ekos pieno muilas su migdol\u0173 aliejumi, medumi ir trimis 100% eteriniais aliejais sald\u017ei\u0173 apelsin\u0173, bergamot\u0117s ir frankincenso. Puikus kvapas, kuris pakelia nuotaik\u0105.<\/p>\n<p>Migdol\u0173 aliejus rekomenduojamas gydant saus\u0105, jautri\u0105, suerzint\u0105 od\u0105, egzemas, padeda \u012fveikti odos u\u017edegimus ir nie\u017e\u0117jim\u0105, o k\u016bnui suteikia aksominio \u017evilgesio.<\/p>\n<p>Saldusis apelsinas geros nuotaikos u\u017etaisas, turintis detoksikuojan\u010di\u0173 savybi\u0173, stiprina imunitet\u0105, regeneruoja od\u0105, gerina nuotaik\u0105, ramina.<\/p>\n<p>Bergamot\u0117 turi antiseptini\u0173 savybi\u0173 bei padeda esant aknei, odos u\u017edegimams.<\/p>\n<p>Frankincensas ypatingai subtilaus, turtingo ir \u0161velniai salsvo kvapo. Jis aktyvina sveik\u0105 l\u0105steli\u0173 augim\u0105 ir odos l\u0105steli\u0173 atsik\u016brim\u0105.<\/p>\n<p>Muilo svoris: 140g<\/p>\n<p>Pastaba: muilas yra rank\u0173 darbo, tod\u0117l i\u0161vaizda ir spalvos gali ne\u017eymiai skirtis nuo pavaizduotos nuotraukoje. Muilas pagamintas rankomis, tod\u0117l svoris gali ne\u017eymiai svyruoti apie 5g.<\/p>\n<p><iframe title=\"#Soaps #dovanos #handmade  #christmas #merrychristmas #kal\u0117dos #lietuviskapreke #rankudarbas\" width=\"540\" height=\"960\" src=\"https:\/\/www.youtube.com\/embed\/SKg7lS6d9I0?feature=oembed\" frameborder=\"0\" allow=\"accelerometer; autoplay; clipboard-write; encrypted-media; gyroscope; picture-in-picture; web-share\" referrerpolicy=\"strict-origin-when-cross-origin\" allowfullscreen><\/iframe><\/p>","protected":false},"excerpt":{"rendered":"<p>O\u017ekos pieno muilas su migdol\u0173 aliejumi, medumi ir trimis 100% eteriniais aliejais sald\u017ei\u0173 apelsin\u0173, bergamot\u0117s ir frankincenso. Puikus kvapas, kuris pakelia nuotaik\u0105.<\/p>","protected":false},"featured_media":2029,"comment_status":"open","ping_status":"closed","template":"","meta":[],"product_brand":[],"product_cat":[314,49,32],"product_tag":[131,115,128,61,68,53,209,29,75],"class_list":{"0":"post-59","1":"product","2":"type-product","3":"status-publish","4":"has-post-thumbnail","6":"product_cat-free-wrapping","7":"product_cat-soorange","8":"product_cat-soaps","9":"product_tag-almond","10":"product_tag-bergamot","11":"product_tag-frankincense","12":"product_tag-massage","13":"product_tag-oil","14":"product_tag-orange","15":"product_tag-skin","16":"product_tag-soap","17":"product_tag-sweet","19":"first","20":"instock","21":"featured","22":"shipping-taxable","23":"purchasable","24":"product-type-simple"},"aioseo_notices":[],"_links":{"self":[{"href":"https:\/\/ingrilspa.com\/lt\/wp-json\/wp\/v2\/product\/59","targetHints":{"allow":["GET"]}}],"collection":[{"href":"https:\/\/ingrilspa.com\/lt\/wp-json\/wp\/v2\/product"}],"about":[{"href":"https:\/\/ingrilspa.com\/lt\/wp-json\/wp\/v2\/types\/product"}],"replies":[{"embeddable":true,"href":"https:\/\/ingrilspa.com\/lt\/wp-json\/wp\/v2\/comments?post=59"}],"wp:featuredmedia":[{"embeddable":true,"href":"https:\/\/ingrilspa.com\/lt\/wp-json\/wp\/v2\/media\/2029"}],"wp:attachment":[{"href":"https:\/\/ingrilspa.com\/lt\/wp-json\/wp\/v2\/media?parent=59"}],"wp:term":[{"taxonomy":"product_brand","embeddable":true,"href":"https:\/\/ingrilspa.com\/lt\/wp-json\/wp\/v2\/product_brand?post=59"},{"taxonomy":"product_cat","embeddable":true,"href":"https:\/\/ingrilspa.com\/lt\/wp-json\/wp\/v2\/product_cat?post=59"},{"taxonomy":"product_tag","embeddable":true,"href":"https:\/\/ingrilspa.com\/lt\/wp-json\/wp\/v2\/product_tag?post=59"}],"curies":[{"name":"wp","href":"https:\/\/api.w.org\/{rel}","templated":true}]}}