{"id":590,"date":"2022-02-01T00:00:43","date_gmt":"2022-01-31T22:00:43","guid":{"rendered":"https:\/\/ingrilspa.com\/?post_type=product&#038;p=590"},"modified":"2025-12-10T09:58:12","modified_gmt":"2025-12-10T07:58:12","slug":"beeswax-salve1","status":"publish","type":"product","link":"https:\/\/ingrilspa.com\/lt\/produktas\/beeswax-salve1\/","title":{"rendered":"Bi\u010di\u0173 Va\u0161ko Tepalas Nuo Per\u0161alimo"},"content":{"rendered":"<p>Bi\u010di\u0173 va\u0161ko tepalas nuo per\u0161alimo (pvz., slogos, kosulio, u\u017ekimimo) simptomams lengvinti ir suaugusiesiems, ir vyresniems kaip 2 met\u0173 vaikams.<\/p>\n<p>Sud\u0117tis: bi\u010di\u0173 va\u0161kas, alyvuogi\u0173 aliejus, kokos\u0173 aliejus ir trys 100% nat\u016bral\u016bs eteriniai aliejai: bergamo\u010di\u0173, eukalipt\u0173 ir pu\u0161\u0173.<\/p>\n<p>Bi\u010di\u0173 va\u0161kas padeda u\u017efiksuoti dr\u0117gm\u0119, kad oda b\u016bt\u0173 mink\u0161ta, elastinga, dr\u0117kinama.<\/p>\n<p>Alyvuogi\u0173 aliejus yra puikus odos dr\u0117kiklis, ypa\u010d tepamas ant dr\u0117gnos odos, kai poros yra atviros, ir gali veikti kaip antrasis odos barjeras sausai, suskeld\u0117jusiai odai \u017eiem\u0105.<\/p>\n<p>Kokos\u0173 aliejus suteikia antioksidant\u0173, dr\u0117kina, suma\u017eina sen\u0117jimo po\u017eymius, padidina maistini\u0173 med\u017eiag\u0173 kiek\u012f ir padeda apsaugoti od\u0105.<\/p>\n<p>Bergamot\u0117 turi antiseptini\u0173 savybi\u0173 bei padeda esant aknei, odos u\u017edegimams.<\/p>\n<p>Eukalipto aliejus gali ne tik nutildyti kosul\u012f, bet ir pad\u0117ti pa\u0161alinti gleives i\u0161 kr\u016btin\u0117s. \u012ekv\u0117pus gar\u0173, pagamint\u0173 naudojant eterin\u012f aliej\u0173, gali atsilaisvinti gleiv\u0117s, tod\u0117l kosint jos pasi\u0161alina.<\/p>\n<p>Manoma, kad pu\u0161\u0173 eterinis aliejus palaiko imunin\u0119 funkcij\u0105, valo kv\u0117pavimo takus, \u0161alina per\u0161alimo, kosulio, sinusito, astmos ir gripo simptomus bei palengvina infekcij\u0173 gijim\u0105.<\/p>\n<p>Bi\u010di\u0173 va\u0161ko tepal\u0105 naudoti ant odos kelet\u0105 kart\u0173 per dien\u0105. Prie\u0161 mieg\u0105 tepamas kr\u016btin\u0117s srityje ir ant nugaros. Po to \u0161iltai apvyniojama flaneliniu ar vilnoniu audiniu arba reikia \u0161iltai apsirengti.<\/p>\n<p>Bi\u010di\u0173 va\u0161ko kr\u016btin\u0117s ir gerkl\u0117s tepalas, t\u016bris: 60ml<\/p>\n<p>ATKREIPKITE D\u0116MES\u012e: neskirtas vidaus naudojimui. Nenaudoti ant atvir\u0173 pj\u016bvi\u0173 ar \u017eaizd\u0173. Netinka n\u0117\u0161tumo ar \u017eindymo laikotarpiu. Prie\u0161 naudojim\u0105 rekomenduojame atlikti m\u0117ginio test\u0105.<\/p>","protected":false},"excerpt":{"rendered":"<p>Bi\u010di\u0173 va\u0161ko tepalas nuo per\u0161alimo (pvz., slogos, kosulio, u\u017ekimimo) simptomams lengvinti ir suaugusiesiems, ir vyresniems kaip 2 met\u0173 vaikams.<\/p>","protected":false},"featured_media":591,"comment_status":"open","ping_status":"closed","template":"","meta":[],"product_brand":[],"product_cat":[39,314],"product_tag":[81,115,214,217,218,216,219,97,209,215],"class_list":{"0":"post-590","1":"product","2":"type-product","3":"status-publish","4":"has-post-thumbnail","6":"product_cat-cosmetics","7":"product_cat-free-wrapping","8":"product_tag-beeswax","9":"product_tag-bergamot","10":"product_tag-chest","11":"product_tag-coconut","12":"product_tag-eucalyptus","13":"product_tag-olive","14":"product_tag-pine","15":"product_tag-salve","16":"product_tag-skin","17":"product_tag-throat","19":"first","20":"instock","21":"shipping-taxable","22":"purchasable","23":"product-type-simple"},"aioseo_notices":[],"_links":{"self":[{"href":"https:\/\/ingrilspa.com\/lt\/wp-json\/wp\/v2\/product\/590","targetHints":{"allow":["GET"]}}],"collection":[{"href":"https:\/\/ingrilspa.com\/lt\/wp-json\/wp\/v2\/product"}],"about":[{"href":"https:\/\/ingrilspa.com\/lt\/wp-json\/wp\/v2\/types\/product"}],"replies":[{"embeddable":true,"href":"https:\/\/ingrilspa.com\/lt\/wp-json\/wp\/v2\/comments?post=590"}],"wp:featuredmedia":[{"embeddable":true,"href":"https:\/\/ingrilspa.com\/lt\/wp-json\/wp\/v2\/media\/591"}],"wp:attachment":[{"href":"https:\/\/ingrilspa.com\/lt\/wp-json\/wp\/v2\/media?parent=590"}],"wp:term":[{"taxonomy":"product_brand","embeddable":true,"href":"https:\/\/ingrilspa.com\/lt\/wp-json\/wp\/v2\/product_brand?post=590"},{"taxonomy":"product_cat","embeddable":true,"href":"https:\/\/ingrilspa.com\/lt\/wp-json\/wp\/v2\/product_cat?post=590"},{"taxonomy":"product_tag","embeddable":true,"href":"https:\/\/ingrilspa.com\/lt\/wp-json\/wp\/v2\/product_tag?post=590"}],"curies":[{"name":"wp","href":"https:\/\/api.w.org\/{rel}","templated":true}]}}