{"id":595,"date":"2022-02-01T00:00:26","date_gmt":"2022-01-31T22:00:26","guid":{"rendered":"https:\/\/ingrilspa.com\/?post_type=product&#038;p=595"},"modified":"2026-01-07T17:14:33","modified_gmt":"2026-01-07T15:14:33","slug":"sweet-orange-candle","status":"publish","type":"product","link":"https:\/\/ingrilspa.com\/lt\/produktas\/sweet-orange-candle\/","title":{"rendered":"Sald\u017eiojo Apelsino Soj\u0173 Va\u0161ko \u017dvak\u0117"},"content":{"rendered":"<p>\u0160i soj\u0173 va\u0161ko \u017evak\u0117 pagaminta i\u0161 100% soj\u0173 va\u0161ko ir keturi\u0173 100% nat\u016brali\u0173 eterini\u0173 aliej\u0173: apelsin\u0173, cinamono, citrin\u0173 ir gvazdik\u0117li\u0173. \u017dvak\u0117s kvapas primena linksmas Kal\u0117das ar sald\u017eius kepinius namuose. Degimo laikas: ~23 val.<\/p>\n<p>\u017dvak\u0117s deginimo metu, cinamono lazdel\u0117ms atsilaisvinus va\u0161ke, b\u016btina jas i\u0161imti. Cinamono lazdeli\u0173 deginti negalima.<\/p>\n<p>Instrukcija:<br \/>\n1. Kiekvieno deginimo metu reguliariai trumpinkite dagt\u012f. Dagtis neturi b\u016bti auk\u0161tesn\u0117 nei 0.5cm.<br \/>\n2. Rekomenduojama viena deginimo sesijos trukm\u0117 4 valandos.<br \/>\n3. \u017dvak\u0119 laikykite ant \u017evak\u0117m skirto pad\u0117kliuko.<\/p>\n<p>Pastaba: \u017evak\u0117s yra rank\u0173 darbo, tod\u0117l i\u0161vaizda ir spalvos gali ne\u017eymiai skirtis nuo pavaizduotos nuotraukoje. \u0160i \u017evak\u0117 yra pagaminta rankomis, tod\u0117l svoris gali ne\u017eymiai svyruoti apie 5g.<\/p>","protected":false},"excerpt":{"rendered":"<p>\u0160i soj\u0173 va\u0161ko \u017evak\u0117 pagaminta i\u0161 100% soj\u0173 va\u0161ko ir keturi\u0173 100% nat\u016brali\u0173 eterini\u0173 aliej\u0173: apelsin\u0173, cinamono, citrin\u0173 ir gvazdik\u0117li\u0173. \u017dvak\u0117s kvapas primena linksmas Kal\u0117das ar sald\u017eius kepinius namuose.<\/p>","protected":false},"featured_media":1534,"comment_status":"open","ping_status":"closed","template":"","meta":[],"product_brand":[],"product_cat":[141,28,255,314,166],"product_tag":[30,221,223,222,68,53,111,75,113],"class_list":{"0":"post-595","1":"product","2":"type-product","3":"status-publish","4":"has-post-thumbnail","6":"product_cat-casoywax","7":"product_cat-candles","8":"product_cat-christmas-gifts","9":"product_cat-free-wrapping","10":"product_cat-withessentialoil","11":"product_tag-candle","12":"product_tag-cinnamon","13":"product_tag-cloves","14":"product_tag-lemon","15":"product_tag-oil","16":"product_tag-orange","17":"product_tag-soy","18":"product_tag-sweet","19":"product_tag-wax","21":"first","22":"instock","23":"shipping-taxable","24":"purchasable","25":"product-type-simple"},"aioseo_notices":[],"_links":{"self":[{"href":"https:\/\/ingrilspa.com\/lt\/wp-json\/wp\/v2\/product\/595","targetHints":{"allow":["GET"]}}],"collection":[{"href":"https:\/\/ingrilspa.com\/lt\/wp-json\/wp\/v2\/product"}],"about":[{"href":"https:\/\/ingrilspa.com\/lt\/wp-json\/wp\/v2\/types\/product"}],"replies":[{"embeddable":true,"href":"https:\/\/ingrilspa.com\/lt\/wp-json\/wp\/v2\/comments?post=595"}],"wp:featuredmedia":[{"embeddable":true,"href":"https:\/\/ingrilspa.com\/lt\/wp-json\/wp\/v2\/media\/1534"}],"wp:attachment":[{"href":"https:\/\/ingrilspa.com\/lt\/wp-json\/wp\/v2\/media?parent=595"}],"wp:term":[{"taxonomy":"product_brand","embeddable":true,"href":"https:\/\/ingrilspa.com\/lt\/wp-json\/wp\/v2\/product_brand?post=595"},{"taxonomy":"product_cat","embeddable":true,"href":"https:\/\/ingrilspa.com\/lt\/wp-json\/wp\/v2\/product_cat?post=595"},{"taxonomy":"product_tag","embeddable":true,"href":"https:\/\/ingrilspa.com\/lt\/wp-json\/wp\/v2\/product_tag?post=595"}],"curies":[{"name":"wp","href":"https:\/\/api.w.org\/{rel}","templated":true}]}}