{"id":598,"date":"2022-02-01T00:00:25","date_gmt":"2022-01-31T22:00:25","guid":{"rendered":"https:\/\/ingrilspa.com\/?post_type=product&#038;p=598"},"modified":"2025-12-10T13:17:41","modified_gmt":"2025-12-10T11:17:41","slug":"lavender-bag","status":"publish","type":"product","link":"https:\/\/ingrilspa.com\/lt\/produktas\/lavender-bag\/","title":{"rendered":"Rank\u0173 Darbo Levand\u0173 Mai\u0161elis, 1 vnt."},"content":{"rendered":"<p>Levand\u0173 mai\u0161eliai i\u0161 ekologi\u0161kai augint\u0173 levand\u0173 mano kieme. Mai\u0161elis megztas i\u0161 100% medviln\u0117s si\u016blo.<\/p>\n<p>Mai\u0161elio svoris: 9g<\/p>\n<p>Pastaba: mai\u0161elis yra rank\u0173 darbo, tod\u0117l i\u0161vaizda ir spalvos gali \u0161iek tiek skirtis nuo pavaizduot\u0173 nuotraukoje.<\/p>","protected":false},"excerpt":{"rendered":"<p>Levand\u0173 mai\u0161eliai i\u0161 ekologi\u0161kai augint\u0173 levand\u0173 mano kieme. Mai\u0161elis megztas i\u0161 100% medviln\u0117s si\u016blo.<\/p>","protected":false},"featured_media":652,"comment_status":"open","ping_status":"closed","template":"","meta":[],"product_brand":[],"product_cat":[314,106],"product_tag":[161,224,236,235,54,193,56,237],"class_list":{"0":"post-598","1":"product","2":"type-product","3":"status-publish","4":"has-post-thumbnail","6":"product_cat-free-wrapping","7":"product_cat-homedecor","8":"product_tag-aromatic","9":"product_tag-buds","10":"product_tag-cotton","11":"product_tag-handmade","12":"product_tag-home","13":"product_tag-interior","14":"product_tag-lavender","15":"product_tag-smells","17":"first","18":"outofstock","19":"shipping-taxable","20":"purchasable","21":"product-type-simple"},"aioseo_notices":[],"_links":{"self":[{"href":"https:\/\/ingrilspa.com\/lt\/wp-json\/wp\/v2\/product\/598","targetHints":{"allow":["GET"]}}],"collection":[{"href":"https:\/\/ingrilspa.com\/lt\/wp-json\/wp\/v2\/product"}],"about":[{"href":"https:\/\/ingrilspa.com\/lt\/wp-json\/wp\/v2\/types\/product"}],"replies":[{"embeddable":true,"href":"https:\/\/ingrilspa.com\/lt\/wp-json\/wp\/v2\/comments?post=598"}],"wp:featuredmedia":[{"embeddable":true,"href":"https:\/\/ingrilspa.com\/lt\/wp-json\/wp\/v2\/media\/652"}],"wp:attachment":[{"href":"https:\/\/ingrilspa.com\/lt\/wp-json\/wp\/v2\/media?parent=598"}],"wp:term":[{"taxonomy":"product_brand","embeddable":true,"href":"https:\/\/ingrilspa.com\/lt\/wp-json\/wp\/v2\/product_brand?post=598"},{"taxonomy":"product_cat","embeddable":true,"href":"https:\/\/ingrilspa.com\/lt\/wp-json\/wp\/v2\/product_cat?post=598"},{"taxonomy":"product_tag","embeddable":true,"href":"https:\/\/ingrilspa.com\/lt\/wp-json\/wp\/v2\/product_tag?post=598"}],"curies":[{"name":"wp","href":"https:\/\/api.w.org\/{rel}","templated":true}]}}