{"id":602,"date":"2022-02-01T00:00:08","date_gmt":"2022-01-31T22:00:08","guid":{"rendered":"https:\/\/ingrilspa.com\/?post_type=product&#038;p=602"},"modified":"2025-11-24T16:06:50","modified_gmt":"2025-11-24T14:06:50","slug":"candle-luxury","status":"publish","type":"product","link":"https:\/\/ingrilspa.com\/lt\/produktas\/candle-luxury\/","title":{"rendered":"Prabangi Soj\u0173 Va\u0161ko \u017dvak\u0117"},"content":{"rendered":"<p>\u0160i soj\u0173 va\u0161ko \u017evak\u0117 pagaminta i\u0161 100% soj\u0173 va\u0161ko ir bergamot\u0117s, ka\u0161myro medienos aromatinio aliejaus. Rytieti\u0161kas-medienos aromatas su gaivia vir\u0161utine citrus\u0173 ir prieskoni\u0173 u\u017euomina, jausmingomis vidurin\u0117mis ro\u017ei\u0173 ir \u0161afrano \u0161irdies natomis bei tvirta vyri\u0161ka ka\u0161myro medienos, tabako bei odos baze. Prabangus aromatas!<br \/>\nDegimo laikas: ~44val.<\/p>\n<p><iframe title=\"Luxury Soy Wax Candle from www.ingrilspa.com\" width=\"540\" height=\"960\" src=\"https:\/\/www.youtube.com\/embed\/nU52B1nmZf4?feature=oembed\" frameborder=\"0\" allow=\"accelerometer; autoplay; clipboard-write; encrypted-media; gyroscope; picture-in-picture; web-share\" referrerpolicy=\"strict-origin-when-cross-origin\" allowfullscreen><\/iframe><\/p>\n<p>Instrukcija:<br \/>\n1. Kiekvieno deginimo metu reguliariai trumpinkite dagt\u012f. Dagtis neturi b\u016bti auk\u0161tesn\u0117 nei 0.5cm.<br \/>\n2. Rekomenduojama viena deginimo sesijos trukm\u0117 4 valandos.<br \/>\n3. \u017dvak\u0119 b\u016btinai laikykite ant \u017evak\u0117m skirto pad\u0117kliuko.<\/p>\n<p>Pastaba: \u017evak\u0117s yra rank\u0173 darbo, tod\u0117l i\u0161vaizda ir spalvos gali ne\u017eymiai skirtis nuo pavaizduotos nuotraukoje. \u0160i \u017evak\u0117 yra pagaminta rankomis, tod\u0117l svoris gali ne\u017eymiai svyruoti apie 5g.<\/p>","protected":false},"excerpt":{"rendered":"<p>\u0160i soj\u0173 va\u0161ko \u017evak\u0117 pagaminta i\u0161 100% soj\u0173 va\u0161ko ir bergamot\u0117s, ka\u0161myro medienos aromatinio aliejaus. Rytieti\u0161kas-medienos aromatas su gaivia vir\u0161utine citrus\u0173 ir prieskoni\u0173 u\u017euomina, jausmingomis vidurin\u0117mis ro\u017ei\u0173 ir \u0161afrano \u0161irdies natomis bei tvirta vyri\u0161ka ka\u0161myro medienos, tabako bei odos baze. Prabangus aromatas!<\/p>","protected":false},"featured_media":2024,"comment_status":"open","ping_status":"closed","template":"","meta":[],"product_brand":[],"product_cat":[141,28,314,167],"product_tag":[188,115,30,117,201,70,68,240,111,113,200],"class_list":{"0":"post-602","1":"product","2":"type-product","3":"status-publish","4":"has-post-thumbnail","6":"product_cat-casoywax","7":"product_cat-candles","8":"product_cat-free-wrapping","9":"product_cat-witharomaticoil","10":"product_tag-aroma","11":"product_tag-bergamot","12":"product_tag-candle","13":"product_tag-cashmere","14":"product_tag-citrus","15":"product_tag-luxury","16":"product_tag-oil","17":"product_tag-rose","18":"product_tag-soy","19":"product_tag-wax","20":"product_tag-wood","22":"first","23":"instock","24":"featured","25":"shipping-taxable","26":"purchasable","27":"product-type-simple"},"aioseo_notices":[],"_links":{"self":[{"href":"https:\/\/ingrilspa.com\/lt\/wp-json\/wp\/v2\/product\/602","targetHints":{"allow":["GET"]}}],"collection":[{"href":"https:\/\/ingrilspa.com\/lt\/wp-json\/wp\/v2\/product"}],"about":[{"href":"https:\/\/ingrilspa.com\/lt\/wp-json\/wp\/v2\/types\/product"}],"replies":[{"embeddable":true,"href":"https:\/\/ingrilspa.com\/lt\/wp-json\/wp\/v2\/comments?post=602"}],"wp:featuredmedia":[{"embeddable":true,"href":"https:\/\/ingrilspa.com\/lt\/wp-json\/wp\/v2\/media\/2024"}],"wp:attachment":[{"href":"https:\/\/ingrilspa.com\/lt\/wp-json\/wp\/v2\/media?parent=602"}],"wp:term":[{"taxonomy":"product_brand","embeddable":true,"href":"https:\/\/ingrilspa.com\/lt\/wp-json\/wp\/v2\/product_brand?post=602"},{"taxonomy":"product_cat","embeddable":true,"href":"https:\/\/ingrilspa.com\/lt\/wp-json\/wp\/v2\/product_cat?post=602"},{"taxonomy":"product_tag","embeddable":true,"href":"https:\/\/ingrilspa.com\/lt\/wp-json\/wp\/v2\/product_tag?post=602"}],"curies":[{"name":"wp","href":"https:\/\/api.w.org\/{rel}","templated":true}]}}