{"id":603,"date":"2022-02-01T00:00:33","date_gmt":"2022-01-31T22:00:33","guid":{"rendered":"https:\/\/ingrilspa.com\/?post_type=product&#038;p=603"},"modified":"2026-01-07T17:13:05","modified_gmt":"2026-01-07T15:13:05","slug":"candle-celebration","status":"publish","type":"product","link":"https:\/\/ingrilspa.com\/lt\/produktas\/candle-celebration\/","title":{"rendered":"\u0160ventin\u0117 Soj\u0173 Va\u0161ko \u017dvak\u0117"},"content":{"rendered":"<p>\u0160i soj\u0173 va\u0161ko \u017evak\u0117 pagaminta i\u0161 100% soj\u0173 va\u0161ko ir apelsino su prieskoniais aromatinio aliejaus. Sald\u017eiar\u016bg\u0161\u010diai citrusiniai vaisiai su klasikiniais \u0161ventiniais prieskoniais, kuriuos su\u0161velnina \u0105\u017euolo saman\u0173, vanil\u0117s ir pa\u010diulio pagrindas. Tai - skanus, \u0161ventinis, citrus\u0173, prieskoni\u0173 ir vanil\u0117s aromatas. Nepakartojamas aromatas! Degimo laikas: ~4val.<\/p>\n<p>Instrukcija:<br \/>\n1. Kiekvieno deginimo metu reguliariai trumpinkite dagt\u012f. Dagtis neturi b\u016bti auk\u0161tesn\u0117 nei 0.5cm.<br \/>\n2. Rekomenduojama viena deginimo sesijos trukm\u0117 2 valandos.<br \/>\n3. \u017dvak\u0119 b\u016btinai laikykite ant \u017evak\u0117m skirto pad\u0117kliuko.<\/p>\n<p>Pastaba: \u017evak\u0117s yra rank\u0173 darbo, tod\u0117l i\u0161vaizda ir spalvos gali ne\u017eymiai skirtis nuo pavaizduotos nuotraukoje. \u0160i \u017evak\u0117 yra pagaminta rankomis, tod\u0117l svoris gali ne\u017eymiai svyruoti apie 5g.<\/p>","protected":false},"excerpt":{"rendered":"<p>\u0160i soj\u0173 va\u0161ko \u017evak\u0117 pagaminta i\u0161 100% soj\u0173 va\u0161ko ir apelsino su prieskoniais aromatinio aliejaus. Sald\u017eiar\u016bg\u0161\u010diai citrusiniai vaisiai su klasikiniais \u0161ventiniais prieskoniais, kuriuos su\u0161velnina \u0105\u017euolo saman\u0173, vanil\u0117s ir pa\u010diulio pagrindas.<\/p>","protected":false},"featured_media":2031,"comment_status":"open","ping_status":"closed","template":"","meta":[],"product_brand":[],"product_cat":[141,28,314,167],"product_tag":[161,30,107,201,220,68,53,199,111,197,113],"class_list":{"0":"post-603","1":"product","2":"type-product","3":"status-publish","4":"has-post-thumbnail","6":"product_cat-casoywax","7":"product_cat-candles","8":"product_cat-free-wrapping","9":"product_cat-witharomaticoil","10":"product_tag-aromatic","11":"product_tag-candle","12":"product_tag-celebration","13":"product_tag-citrus","14":"product_tag-fruits","15":"product_tag-oil","16":"product_tag-orange","17":"product_tag-patchouli","18":"product_tag-soy","19":"product_tag-vanilla","20":"product_tag-wax","22":"first","23":"instock","24":"shipping-taxable","25":"purchasable","26":"product-type-simple"},"aioseo_notices":[],"_links":{"self":[{"href":"https:\/\/ingrilspa.com\/lt\/wp-json\/wp\/v2\/product\/603","targetHints":{"allow":["GET"]}}],"collection":[{"href":"https:\/\/ingrilspa.com\/lt\/wp-json\/wp\/v2\/product"}],"about":[{"href":"https:\/\/ingrilspa.com\/lt\/wp-json\/wp\/v2\/types\/product"}],"replies":[{"embeddable":true,"href":"https:\/\/ingrilspa.com\/lt\/wp-json\/wp\/v2\/comments?post=603"}],"wp:featuredmedia":[{"embeddable":true,"href":"https:\/\/ingrilspa.com\/lt\/wp-json\/wp\/v2\/media\/2031"}],"wp:attachment":[{"href":"https:\/\/ingrilspa.com\/lt\/wp-json\/wp\/v2\/media?parent=603"}],"wp:term":[{"taxonomy":"product_brand","embeddable":true,"href":"https:\/\/ingrilspa.com\/lt\/wp-json\/wp\/v2\/product_brand?post=603"},{"taxonomy":"product_cat","embeddable":true,"href":"https:\/\/ingrilspa.com\/lt\/wp-json\/wp\/v2\/product_cat?post=603"},{"taxonomy":"product_tag","embeddable":true,"href":"https:\/\/ingrilspa.com\/lt\/wp-json\/wp\/v2\/product_tag?post=603"}],"curies":[{"name":"wp","href":"https:\/\/api.w.org\/{rel}","templated":true}]}}