{"id":607,"date":"2022-02-01T00:00:44","date_gmt":"2022-01-31T22:00:44","guid":{"rendered":"https:\/\/ingrilspa.com\/?post_type=product&#038;p=607"},"modified":"2025-11-24T02:45:16","modified_gmt":"2025-11-24T00:45:16","slug":"lavender-hydrolat","status":"publish","type":"product","link":"https:\/\/ingrilspa.com\/lt\/produktas\/lavender-hydrolat\/","title":{"rendered":"Levand\u0173 Hidrolatas, 1 vnt."},"content":{"rendered":"<p>100% nat\u016bralus levand\u0173 hidrolatas skirtas j\u016bs\u0173 k\u016bnui ir sielai. M\u016bs\u0173 hidrolatai distiliuojami naudojant \u0161vie\u017ei\u0105 augalin\u0119 med\u017eiag\u0105 i\u0161 m\u016bs\u0173 levand\u0173 \u016bkio.<\/p>\n<p>Levand\u0173 hidrolatas yra distiliuojamas i\u0161 \u017eydin\u010di\u0173 Lavandula angustifolia vir\u0161\u016bni\u0173. Distiliavimo proceso metu i\u0161 vandens pa\u0161alinamas eterinis aliejus. Likusiame vandenyje (hidrolate) yra levand\u0173 eterinio aliejaus p\u0117dsak\u0173 ir tirpi\u0173 element\u0173 i\u0161 augal\u0173 stieb\u0173, \u017eied\u0173 ir pumpur\u0173.<\/p>\n<p>Levand\u0173 hidrolatas yra vienas universaliausi\u0173, idealiai tinkantis vis\u0173 tip\u0173 odai. Rekomenduojamas odai su i\u0161sipl\u0117tusiomis poromis. Apsaugo nuo por\u0173 u\u017esikim\u0161imo, padeda suvienodinti odos spalv\u0105. Ramina ir v\u0117sina od\u0105 po deginimosi saul\u0117je, depiliacijos ar skutimosi. Levand\u0173 hidrolatas atgaivina plaukus ir gr\u0105\u017eina plaukams \u017evilges\u012f. Galima purk\u0161ti tiesiai ant plauk\u0173 arba naudoti kaip skalavimo priemon\u0119. Levand\u0173 Hidrolatas gali b\u016bti naudojamas kaip makia\u017eo valiklis, vietinis prausiklis ar tonikas, perkaitusiai odai atv\u0117sinti ir sudr\u0117kinti od\u0105 prie\u0161 tepant veido aliejus. Levand\u0173 hidrolatas gali b\u016bti naudojamas k\u016bno losjonuose, veido serumuose, po skutimosi, kremuose, geliuose ir kituose preparatuose. Hidrolatas taip pat yra 100% grynas antiseptikas, vabzd\u017ei\u0173 repelentas, taip pat puikiai tinka patalynei ir kambario aplinkai. Jo v\u0117sinan\u010dios savyb\u0117s yra dovana vasar\u0105.<\/p>\n<p>&nbsp;<\/p>\n<p>Levand\u0173 hidrolato t\u016bris: 100ml<\/p>","protected":false},"excerpt":{"rendered":"<p>100% nat\u016bralus levand\u0173 hidrolatas skirtas j\u016bs\u0173 k\u016bnui ir sielai. M\u016bs\u0173 hidrolatai distiliuojami naudojant \u0161vie\u017ei\u0105 augalin\u0119 med\u017eiag\u0105 i\u0161 m\u016bs\u0173 levand\u0173 \u016bkio.<\/p>","protected":false},"featured_media":719,"comment_status":"open","ping_status":"closed","template":"","meta":[],"product_brand":[],"product_cat":[39,314],"product_tag":[211,210,56,212,209,213],"class_list":{"0":"post-607","1":"product","2":"type-product","3":"status-publish","4":"has-post-thumbnail","6":"product_cat-cosmetics","7":"product_cat-free-wrapping","8":"product_tag-hair","9":"product_tag-hydrosol","10":"product_tag-lavender","11":"product_tag-makeup","12":"product_tag-skin","13":"product_tag-toner","15":"first","16":"instock","17":"shipping-taxable","18":"purchasable","19":"product-type-simple"},"aioseo_notices":[],"_links":{"self":[{"href":"https:\/\/ingrilspa.com\/lt\/wp-json\/wp\/v2\/product\/607","targetHints":{"allow":["GET"]}}],"collection":[{"href":"https:\/\/ingrilspa.com\/lt\/wp-json\/wp\/v2\/product"}],"about":[{"href":"https:\/\/ingrilspa.com\/lt\/wp-json\/wp\/v2\/types\/product"}],"replies":[{"embeddable":true,"href":"https:\/\/ingrilspa.com\/lt\/wp-json\/wp\/v2\/comments?post=607"}],"wp:featuredmedia":[{"embeddable":true,"href":"https:\/\/ingrilspa.com\/lt\/wp-json\/wp\/v2\/media\/719"}],"wp:attachment":[{"href":"https:\/\/ingrilspa.com\/lt\/wp-json\/wp\/v2\/media?parent=607"}],"wp:term":[{"taxonomy":"product_brand","embeddable":true,"href":"https:\/\/ingrilspa.com\/lt\/wp-json\/wp\/v2\/product_brand?post=607"},{"taxonomy":"product_cat","embeddable":true,"href":"https:\/\/ingrilspa.com\/lt\/wp-json\/wp\/v2\/product_cat?post=607"},{"taxonomy":"product_tag","embeddable":true,"href":"https:\/\/ingrilspa.com\/lt\/wp-json\/wp\/v2\/product_tag?post=607"}],"curies":[{"name":"wp","href":"https:\/\/api.w.org\/{rel}","templated":true}]}}