{"id":619,"date":"2022-02-01T00:00:12","date_gmt":"2022-01-31T22:00:12","guid":{"rendered":"https:\/\/ingrilspa.com\/?post_type=product&#038;p=619"},"modified":"2025-11-24T02:45:17","modified_gmt":"2025-11-24T00:45:17","slug":"soap-goats1","status":"publish","type":"product","link":"https:\/\/ingrilspa.com\/lt\/produktas\/soap-goats1\/","title":{"rendered":"O\u017ekos Pieno Muilas su Levand\u0173 Eteriniu Aliejumi, 1 vnt."},"content":{"rendered":"<p>O\u017ekos pieno muilas su 100% naturaliu levand\u0173 eteriniu aliejumi ir migdol\u0173 aliejumi.  O\u017ekos pienas od\u0105 dr\u0117kina, mink\u0161tina. Gali b\u016bti naudingas ma\u017einant odos u\u017edegim\u0105.<\/p>\n<p>Migdol\u0173 aliejus rekomenduojamas gydant saus\u0105, jautri\u0105, suerzint\u0105 od\u0105, egzemas, padeda \u012fveikti odos u\u017edegimus ir nie\u017e\u0117jim\u0105, o k\u016bnui suteikia aksominio \u017evilgesio.<\/p>\n<p>Levand\u0173 eterinis aliejus yra vienas geriausi\u0173 eterini\u0173 aliej\u0173 gydant akn\u0119 ir egzem\u0105, odos u\u017edegimus. Slopina bakterij\u0173, sukelian\u010di\u0173 odos infekcijas, augim\u0105, mink\u0161tina od\u0105 ir apsaugo nuo rand\u0173 susidarymo. Jis taip pat stipriai skatina nauj\u0173, sveik\u0173 l\u0105steli\u0173 augim\u0105.<\/p>\n<p>Muilo svoris: 90g<\/p>\n<p>Pastaba: muilas yra rank\u0173 darbo, tod\u0117l i\u0161vaizda ir spalvos gali ne\u017eymiai skirtis nuo pavaizduotos nuotraukoje. Muilas pagamintas rankomis, tod\u0117l svoris gali ne\u017eymiai svyruoti apie 5g.<\/p>","protected":false},"excerpt":{"rendered":"<p>O\u017ekos pieno muilas su 100% naturaliu levand\u0173 eteriniu aliejumi ir migdol\u0173 aliejumi.  O\u017ekos pienas od\u0105 dr\u0117kina, mink\u0161tina. Gali b\u016bti naudingas ma\u017einant odos u\u017edegim\u0105.<\/p>","protected":false},"featured_media":620,"comment_status":"open","ping_status":"closed","template":"","meta":[],"product_brand":[],"product_cat":[314,48,32],"product_tag":[131,56,122,68,209,29,238],"class_list":{"0":"post-619","1":"product","2":"type-product","3":"status-publish","4":"has-post-thumbnail","6":"product_cat-free-wrapping","7":"product_cat-solavander","8":"product_cat-soaps","9":"product_tag-almond","10":"product_tag-lavender","11":"product_tag-milk","12":"product_tag-oil","13":"product_tag-skin","14":"product_tag-soap","15":"product_tag-soften","17":"first","18":"instock","19":"shipping-taxable","20":"purchasable","21":"product-type-simple"},"aioseo_notices":[],"_links":{"self":[{"href":"https:\/\/ingrilspa.com\/lt\/wp-json\/wp\/v2\/product\/619","targetHints":{"allow":["GET"]}}],"collection":[{"href":"https:\/\/ingrilspa.com\/lt\/wp-json\/wp\/v2\/product"}],"about":[{"href":"https:\/\/ingrilspa.com\/lt\/wp-json\/wp\/v2\/types\/product"}],"replies":[{"embeddable":true,"href":"https:\/\/ingrilspa.com\/lt\/wp-json\/wp\/v2\/comments?post=619"}],"wp:featuredmedia":[{"embeddable":true,"href":"https:\/\/ingrilspa.com\/lt\/wp-json\/wp\/v2\/media\/620"}],"wp:attachment":[{"href":"https:\/\/ingrilspa.com\/lt\/wp-json\/wp\/v2\/media?parent=619"}],"wp:term":[{"taxonomy":"product_brand","embeddable":true,"href":"https:\/\/ingrilspa.com\/lt\/wp-json\/wp\/v2\/product_brand?post=619"},{"taxonomy":"product_cat","embeddable":true,"href":"https:\/\/ingrilspa.com\/lt\/wp-json\/wp\/v2\/product_cat?post=619"},{"taxonomy":"product_tag","embeddable":true,"href":"https:\/\/ingrilspa.com\/lt\/wp-json\/wp\/v2\/product_tag?post=619"}],"curies":[{"name":"wp","href":"https:\/\/api.w.org\/{rel}","templated":true}]}}