{"id":680,"date":"2022-05-11T23:01:04","date_gmt":"2022-05-11T21:01:04","guid":{"rendered":"https:\/\/ingrilspa.com\/?post_type=product&#038;p=680"},"modified":"2025-11-24T02:43:33","modified_gmt":"2025-11-24T00:43:33","slug":"soy-wax-02","status":"publish","type":"product","link":"https:\/\/ingrilspa.com\/lt\/produktas\/soy-wax-02\/","title":{"rendered":"Perl\u0173 Soj\u0173 Va\u0161ko \u017dvak\u0117"},"content":{"rendered":"<p>\u0160i soj\u0173 va\u0161ko \u017evak\u0117 pagaminta i\u0161 100% soj\u0173 va\u0161ko ir Bergamot\u0117s, Kvapiosios Kanangos aromatinio aliejaus. Jaukus bergamot\u0117s ir apelsin\u0173 \u017eied\u0173 aromatas, pereinantis \u012f svaiginant\u012f kvapiosios kanangos, sald\u017ei\u0173 tonkos pupeli\u0173 ir prieskoni\u0173 patal\u0105 su gaiviu vetiverijos, pa\u010diulio ir gintaro pagrindu. U\u017eburiantis aromatas! Degimo Laikas: ~ 14 valand\u0173.<\/p>\n<p>Instrukcija:<br \/>\n1. Kiekvieno deginimo metu reguliariai trumpinkite dagt\u012f. Dagtis neturi b\u016bti auk\u0161tesn\u0117 nei 0.5cm.<br \/>\n2. Rekomenduojama viena deginimo sesijos trukm\u0117 4 valandos.<br \/>\n3. \u017dvak\u0119 b\u016btinai laikykite ant \u017evak\u0117m skirto pad\u0117kliuko.<\/p>\n<p>Pastaba: \u017evak\u0117s yra rank\u0173 darbo, tod\u0117l i\u0161vaizda ir spalvos gali ne\u017eymiai skirtis nuo pavaizduotos nuotraukoje. \u0160i \u017evak\u0117 yra pagaminta rankomis, tod\u0117l svoris gali ne\u017eymiai svyruoti apie 5g.<\/p>","protected":false},"excerpt":{"rendered":"<p>\u0160i soj\u0173 va\u0161ko \u017evak\u0117 pagaminta i\u0161 100% soj\u0173 va\u0161ko ir Bergamot\u0117s, Kvapiosios Kanangos aromatinio aliejaus. Jaukus bergamot\u0117s ir apelsin\u0173 \u017eied\u0173 aromatas, pereinantis \u012f svaiginant\u012f kvapiosios kanangos, sald\u017ei\u0173 tonkos pupeli\u0173 ir prieskoni\u0173 patal\u0105 su gaiviu vetiverijos, pa\u010diulio ir gintaro pagrindu. U\u017eburiantis aromatas!<\/p>","protected":false},"featured_media":683,"comment_status":"open","ping_status":"closed","template":"","meta":[],"product_brand":[],"product_cat":[141,28,314,167],"product_tag":[198,188,115,30,145,199,149,111,113],"class_list":{"0":"post-680","1":"product","2":"type-product","3":"status-publish","4":"has-post-thumbnail","6":"product_cat-casoywax","7":"product_cat-candles","8":"product_cat-free-wrapping","9":"product_cat-witharomaticoil","10":"product_tag-amber","11":"product_tag-aroma","12":"product_tag-bergamot","13":"product_tag-candle","14":"product_tag-kananga","15":"product_tag-patchouli","16":"product_tag-pearl","17":"product_tag-soy","18":"product_tag-wax","20":"first","21":"instock","22":"shipping-taxable","23":"purchasable","24":"product-type-variable"},"aioseo_notices":[],"_links":{"self":[{"href":"https:\/\/ingrilspa.com\/lt\/wp-json\/wp\/v2\/product\/680","targetHints":{"allow":["GET"]}}],"collection":[{"href":"https:\/\/ingrilspa.com\/lt\/wp-json\/wp\/v2\/product"}],"about":[{"href":"https:\/\/ingrilspa.com\/lt\/wp-json\/wp\/v2\/types\/product"}],"replies":[{"embeddable":true,"href":"https:\/\/ingrilspa.com\/lt\/wp-json\/wp\/v2\/comments?post=680"}],"wp:featuredmedia":[{"embeddable":true,"href":"https:\/\/ingrilspa.com\/lt\/wp-json\/wp\/v2\/media\/683"}],"wp:attachment":[{"href":"https:\/\/ingrilspa.com\/lt\/wp-json\/wp\/v2\/media?parent=680"}],"wp:term":[{"taxonomy":"product_brand","embeddable":true,"href":"https:\/\/ingrilspa.com\/lt\/wp-json\/wp\/v2\/product_brand?post=680"},{"taxonomy":"product_cat","embeddable":true,"href":"https:\/\/ingrilspa.com\/lt\/wp-json\/wp\/v2\/product_cat?post=680"},{"taxonomy":"product_tag","embeddable":true,"href":"https:\/\/ingrilspa.com\/lt\/wp-json\/wp\/v2\/product_tag?post=680"}],"curies":[{"name":"wp","href":"https:\/\/api.w.org\/{rel}","templated":true}]}}