{"id":690,"date":"2022-05-23T21:37:56","date_gmt":"2022-05-23T19:37:56","guid":{"rendered":"https:\/\/ingrilspa.com\/?post_type=product&#038;p=690"},"modified":"2025-11-24T02:43:33","modified_gmt":"2025-11-24T00:43:33","slug":"mrblue-soy-wax-candle","status":"publish","type":"product","link":"https:\/\/ingrilspa.com\/lt\/produktas\/mrblue-soy-wax-candle\/","title":{"rendered":"Misteris Blue Soj\u0173 Va\u0161ko \u017dvak\u0117"},"content":{"rendered":"<p>Tyliai \u0161nekanti Mr. Blue soj\u0173 va\u0161ko \u017evak\u0117 pagaminta i\u0161 100% soj\u0173 va\u0161ko ir rytieti\u0161ko - \u017ealumos aromatinio aliejaus. Odos akcentai su gaiviomis kadagio uogomis, pipirais ir \u017eali\u0105ja mat\u0117s arbata, pereinantys \u012f \u017eali\u0105 ir \u017eemi\u0161k\u0105 pagrind\u0105. \u0160varus, vyri\u0161kas, \u017eoleli\u0173, mi\u0161ko \u017ealumos, prieskoni\u0173 kvapas su lengvu odos atspalviu.<\/p>\n<p>Deganti medin\u0117 dagtis primins medienos sprags\u0117jimo gars\u0105. Dagtis draugi\u0161ka gamtai, \u0161varus dagties degimas. Rank\u0173 darbo, pagaminta pagal u\u017esakym\u0105 JAV ir niekaip papildomai neapdorota chemin\u0117mis med\u017eiagomis - maksimaliai nat\u016brali mediena. Degimo laikas: ~32 val.<\/p>\n<p>Instrukcija:<\/p>\n<p>1. Kiekvieno deginimo metu reguliariai trumpinkite dagt\u012f. Prie\u0161 u\u017edegim\u0105 medines dagtis rekomenduojama pakirpti iki 3-5 mm. Jeigu dagtis bus per ilga, ji u\u017eges. Prie\u0161 pakartotin\u012f dagties u\u017edegim\u0105 reikia atsargiai pa\u0161alinti susidarius\u012f nuod\u0117gul\u012f. Medin\u0117s dagtys savaime nepasitrumpina - jei po 4 valand\u0173 degimo liepsna tampa per auk\u0161ta, laikas dagt\u012f patrumpinti.<br \/>\n2. Rekomenduojama viena deginimo sesijos trukm\u0117 4 valandos.<br \/>\n3. \u017dvak\u0119 b\u016btinai laikykite ant \u017evak\u0117m skirto pad\u0117kliuko.<br \/>\n4. Medin\u0119 dagt\u012f reikt\u0173 u\u017egesinti, kai lieka apie 13 mm auk\u0161\u010dio va\u0161ko.<br \/>\n5. Svarbu nestatyti \u017evaki\u0173 vietose, kur yra skersv\u0117jai pvz.: koridoriuje, prie lango arba ventiliatoriaus.<\/p>\n<p>Pastaba: \u017evak\u0117s yra rank\u0173 darbo, tod\u0117l i\u0161vaizda ir spalvos gali ne\u017eymiai skirtis nuo pavaizduotos nuotraukoje. \u0160i \u017evak\u0117 yra pagaminta rankomis, tod\u0117l svoris gali ne\u017eymiai svyruoti apie 5g.<\/p>\n<p>&nbsp;<\/p>","protected":false},"excerpt":{"rendered":"<p>Tyliai \u0161nekanti Mr. Blue soj\u0173 va\u0161ko \u017evak\u0117 pagaminta i\u0161 100% soj\u0173 va\u0161ko ir rytieti\u0161ko - \u017ealumos aromatinio aliejaus. Odos akcentai su gaiviomis kadagio uogomis, pipirais ir \u017eali\u0105ja mat\u0117s arbata, pereinantys \u012f \u017eali\u0105 ir \u017eemi\u0161k\u0105 pagrind\u0105. \u0160varus, vyri\u0161kas, \u017eoleli\u0173, mi\u0161ko \u017ealumos, prieskoni\u0173 kvapas su lengvu odos atspalviu.<\/p>","protected":false},"featured_media":755,"comment_status":"open","ping_status":"closed","template":"","meta":[],"product_brand":[],"product_cat":[141,28,314,167],"product_tag":[161,204,150,30,206,151,205,111,113,138,152],"class_list":{"0":"post-690","1":"product","2":"type-product","3":"status-publish","4":"has-post-thumbnail","6":"product_cat-casoywax","7":"product_cat-candles","8":"product_cat-free-wrapping","9":"product_cat-witharomaticoil","10":"product_tag-aromatic","11":"product_tag-berries","12":"product_tag-blue","13":"product_tag-candle","14":"product_tag-forest","15":"product_tag-mr-blue","16":"product_tag-pepper","17":"product_tag-soy","18":"product_tag-wax","19":"product_tag-wick","20":"product_tag-wooden","22":"first","23":"instock","24":"shipping-taxable","25":"purchasable","26":"product-type-simple"},"aioseo_notices":[],"_links":{"self":[{"href":"https:\/\/ingrilspa.com\/lt\/wp-json\/wp\/v2\/product\/690","targetHints":{"allow":["GET"]}}],"collection":[{"href":"https:\/\/ingrilspa.com\/lt\/wp-json\/wp\/v2\/product"}],"about":[{"href":"https:\/\/ingrilspa.com\/lt\/wp-json\/wp\/v2\/types\/product"}],"replies":[{"embeddable":true,"href":"https:\/\/ingrilspa.com\/lt\/wp-json\/wp\/v2\/comments?post=690"}],"wp:featuredmedia":[{"embeddable":true,"href":"https:\/\/ingrilspa.com\/lt\/wp-json\/wp\/v2\/media\/755"}],"wp:attachment":[{"href":"https:\/\/ingrilspa.com\/lt\/wp-json\/wp\/v2\/media?parent=690"}],"wp:term":[{"taxonomy":"product_brand","embeddable":true,"href":"https:\/\/ingrilspa.com\/lt\/wp-json\/wp\/v2\/product_brand?post=690"},{"taxonomy":"product_cat","embeddable":true,"href":"https:\/\/ingrilspa.com\/lt\/wp-json\/wp\/v2\/product_cat?post=690"},{"taxonomy":"product_tag","embeddable":true,"href":"https:\/\/ingrilspa.com\/lt\/wp-json\/wp\/v2\/product_tag?post=690"}],"curies":[{"name":"wp","href":"https:\/\/api.w.org\/{rel}","templated":true}]}}