{"id":696,"date":"2025-08-03T23:45:33","date_gmt":"2025-08-03T21:45:33","guid":{"rendered":"https:\/\/ingrilspa.com\/?post_type=product&#038;p=696"},"modified":"2025-11-24T23:05:40","modified_gmt":"2025-11-24T21:05:40","slug":"laven-lemon-soy-wax-candle","status":"publish","type":"product","link":"https:\/\/ingrilspa.com\/lt\/produktas\/laven-lemon-soy-wax-candle\/","title":{"rendered":"Lauko Soj\u0173 Va\u0161ko \u017dvak\u0117 Levanda ir Citrin\u017eol\u0117"},"content":{"rendered":"<p>Lauko soj\u0173 va\u0161ko \u017evak\u0117 \"Levanda ir citrin\u017eol\u0117\" pagaminta i\u0161 100% soj\u0173 va\u0161ko ir levand\u0173, ir citrin\u017eol\u0117s aromatinio aliejaus. Aromating\u0173 levand\u0173, g\u0117li\u0173 ir citrus\u0173 kvapas jaukiame muskuso, gintaro ir balzamo pagrinde. Tai - stipri ir \u012ftraukianti levand\u0173 ir citrus\u0173 klasika.<\/p>\n<p>Instrukcija:<\/p>\n<p>1. Kiekvieno deginimo metu reguliariai trumpinkite dagt\u012f. Dagtis neturi b\u016bti auk\u0161tesn\u0117 nei 0.5cm.<br \/>\n2. Rekomenduojama viena deginimo sesijos trukm\u0117 4 valandos.<br \/>\n3. \u017dvak\u0119 b\u016btinai laikykite ant \u017evak\u0117m skirto pad\u0117kliuko.<\/p>\n<p>Pastaba: \u017evak\u0117s yra rank\u0173 darbo, tod\u0117l i\u0161vaizda ir spalvos gali ne\u017eymiai skirtis nuo pavaizduotos nuotraukoje. \u0160i \u017evak\u0117 yra pagaminta rankomis, tod\u0117l svoris gali ne\u017eymiai svyruoti apie 5g.<\/p>\n<p>&nbsp;<\/p>\n<p><iframe title=\"Calm summer vibes with handmade lavender &amp; citronella candles  #shorts #candlemaking #aestheticDIY\" width=\"640\" height=\"360\" src=\"https:\/\/www.youtube.com\/embed\/yun3zicD5hg?feature=oembed\" frameborder=\"0\" allow=\"accelerometer; autoplay; clipboard-write; encrypted-media; gyroscope; picture-in-picture; web-share\" referrerpolicy=\"strict-origin-when-cross-origin\" allowfullscreen><\/iframe><\/p>\n<p>&nbsp;<\/p>","protected":false},"excerpt":{"rendered":"<p>Lauko soj\u0173 va\u0161ko \u017evak\u0117 \"Levanda ir citrin\u017eol\u0117\" pagaminta i\u0161 100% soj\u0173 va\u0161ko ir levand\u0173, ir citrin\u017eol\u0117s aromatinio aliejaus. Aromating\u0173 levand\u0173, g\u0117li\u0173 ir citrus\u0173 kvapas jaukiame muskuso, gintaro ir balzamo pagrinde. Tai - stipri ir \u012ftraukianti levand\u0173 ir citrus\u0173 klasika.<\/p>","protected":false},"featured_media":697,"comment_status":"open","ping_status":"closed","template":"","meta":[],"product_brand":[],"product_cat":[141,28,167],"product_tag":[198,161,30,201,196,56,156,153,111,113],"class_list":{"0":"post-696","1":"product","2":"type-product","3":"status-publish","4":"has-post-thumbnail","6":"product_cat-casoywax","7":"product_cat-candles","8":"product_cat-witharomaticoil","9":"product_tag-amber","10":"product_tag-aromatic","11":"product_tag-candle","12":"product_tag-citrus","13":"product_tag-flower","14":"product_tag-lavender","15":"product_tag-lemongrass","16":"product_tag-outdoor","17":"product_tag-soy","18":"product_tag-wax","20":"first","21":"instock","22":"shipping-taxable","23":"purchasable","24":"product-type-variable"},"aioseo_notices":[],"_links":{"self":[{"href":"https:\/\/ingrilspa.com\/lt\/wp-json\/wp\/v2\/product\/696","targetHints":{"allow":["GET"]}}],"collection":[{"href":"https:\/\/ingrilspa.com\/lt\/wp-json\/wp\/v2\/product"}],"about":[{"href":"https:\/\/ingrilspa.com\/lt\/wp-json\/wp\/v2\/types\/product"}],"replies":[{"embeddable":true,"href":"https:\/\/ingrilspa.com\/lt\/wp-json\/wp\/v2\/comments?post=696"}],"wp:featuredmedia":[{"embeddable":true,"href":"https:\/\/ingrilspa.com\/lt\/wp-json\/wp\/v2\/media\/697"}],"wp:attachment":[{"href":"https:\/\/ingrilspa.com\/lt\/wp-json\/wp\/v2\/media?parent=696"}],"wp:term":[{"taxonomy":"product_brand","embeddable":true,"href":"https:\/\/ingrilspa.com\/lt\/wp-json\/wp\/v2\/product_brand?post=696"},{"taxonomy":"product_cat","embeddable":true,"href":"https:\/\/ingrilspa.com\/lt\/wp-json\/wp\/v2\/product_cat?post=696"},{"taxonomy":"product_tag","embeddable":true,"href":"https:\/\/ingrilspa.com\/lt\/wp-json\/wp\/v2\/product_tag?post=696"}],"curies":[{"name":"wp","href":"https:\/\/api.w.org\/{rel}","templated":true}]}}