{"id":698,"date":"2022-05-23T22:17:44","date_gmt":"2022-05-23T20:17:44","guid":{"rendered":"https:\/\/ingrilspa.com\/?post_type=product&#038;p=698"},"modified":"2025-11-24T02:43:33","modified_gmt":"2025-11-24T00:43:33","slug":"boss-perfume-soy-wax-candle","status":"publish","type":"product","link":"https:\/\/ingrilspa.com\/lt\/produktas\/boss-perfume-soy-wax-candle\/","title":{"rendered":"Boss Perfume Soj\u0173 Va\u0161ko \u017dvak\u0117"},"content":{"rendered":"<p>Tyliai \u0161nekanti Boss Perfume soj\u0173 va\u0161ko \u017evak\u0117 pagaminta i\u0161 100% soj\u0173 va\u0161ko ir Boss Selection Men aromatinio aliejaus. \u0160is aromatas skirtas - vyrui kuris pasitiki savimi, s\u0117km\u0117s lydimam ir eleganti\u0161kam vyrui, besidid\u017eiuojan\u010diam savo s\u0117kme bei laim\u0117jimais.<\/p>\n<p>Aromatas \u2013 rafinuotas ir stiprus, gaivus ir pikanti\u0161kas. I\u0161 prad\u017ei\u0173 pl\u016bsteli v\u0117si prieskoni\u0173 ir citrusini\u0173 vaisi\u0173 \u2013 mandarin\u0173, rausv\u0173j\u0173 pipir\u0173 ir greipfrut\u0173 \u2013 kvapo gaiva. J\u0105 lydi kedr\u0173 spygli\u0173 ir \u017evaig\u017edany\u017ei\u0173 kvapas. \u0160\u012f be galo vyri\u0161k\u0105 kvap\u0173 derin\u012f vainikuoja geism\u0105 \u017eadinantis aksominis medienos kvapas \u2013 pakvimpa kvapiaisiais auksabarzd\u017eiais, muskusu, kedrais ir pa\u010diuliais.<\/p>\n<p>Deganti medin\u0117 dagtis primins medienos sprags\u0117jimo gars\u0105. Dagtis draugi\u0161ka gamtai, \u0161varus dagties degimas. Rank\u0173 darbo, pagaminta pagal u\u017esakym\u0105 JAV ir niekaip papildomai neapdorota chemin\u0117mis med\u017eiagomis - maksimaliai nat\u016brali mediena. Degimo laikas: ~32 val.<\/p>\n<p>Instrukcija:<\/p>\n<p>1. Kiekvieno deginimo metu reguliariai trumpinkite dagt\u012f. Prie\u0161 u\u017edegim\u0105 medines dagtis rekomenduojama pakirpti iki 3-5 mm. Jeigu dagtis bus per ilga, ji u\u017eges. Prie\u0161 pakartotin\u012f dagties u\u017edegim\u0105 reikia atsargiai pa\u0161alinti susidarius\u012f nuod\u0117gul\u012f. Medin\u0117s dagtys savaime nepasitrumpina - jei po 4 valand\u0173 degimo liepsna tampa per auk\u0161ta, laikas dagt\u012f patrumpinti.<br \/>\n2. Rekomenduojama viena deginimo sesijos trukm\u0117 4 valandos.<br \/>\n3. \u017dvak\u0119 b\u016btinai laikykite ant \u017evak\u0117m skirto pad\u0117kliuko.<br \/>\n4. Medin\u0119 dagt\u012f reikt\u0173 u\u017egesinti, kai lieka apie 13 mm auk\u0161\u010dio va\u0161ko.<br \/>\n5. Svarbu nestatyti \u017evaki\u0173 vietose, kur yra skersv\u0117jai pvz.: koridoriuje, prie lango arba ventiliatoriaus.<\/p>\n<p>Pastaba: \u017evak\u0117s yra rank\u0173 darbo, tod\u0117l i\u0161vaizda ir spalvos gali ne\u017eymiai skirtis nuo pavaizduotos nuotraukoje. \u0160i \u017evak\u0117 yra pagaminta rankomis, tod\u0117l svoris gali ne\u017eymiai svyruoti apie 5g.<\/p>\n<p>&nbsp;<\/p>","protected":false},"excerpt":{"rendered":"<p>Tyliai \u0161nekanti Boss Perfume soj\u0173 va\u0161ko \u017evak\u0117 pagaminta i\u0161 100% soj\u0173 va\u0161ko ir Boss Selection Men aromatinio aliejaus. \u0160is aromatas skirtas - vyrui kuris pasitiki savimi, s\u0117km\u0117s lydimam ir eleganti\u0161kam vyrui, besidid\u017eiuojan\u010diam savo s\u0117kme bei laim\u0117jimais.<\/p>","protected":false},"featured_media":754,"comment_status":"open","ping_status":"closed","template":"","meta":[],"product_brand":[],"product_cat":[141,28,314,167],"product_tag":[161,158,30,186,157,68,153,159,111,113,152],"class_list":{"0":"post-698","1":"product","2":"type-product","3":"status-publish","4":"has-post-thumbnail","6":"product_cat-casoywax","7":"product_cat-candles","8":"product_cat-free-wrapping","9":"product_cat-witharomaticoil","10":"product_tag-aromatic","11":"product_tag-boss","12":"product_tag-candle","13":"product_tag-fragrance","14":"product_tag-men","15":"product_tag-oil","16":"product_tag-outdoor","17":"product_tag-perfume","18":"product_tag-soy","19":"product_tag-wax","20":"product_tag-wooden","22":"first","23":"instock","24":"featured","25":"shipping-taxable","26":"purchasable","27":"product-type-simple"},"aioseo_notices":[],"_links":{"self":[{"href":"https:\/\/ingrilspa.com\/lt\/wp-json\/wp\/v2\/product\/698","targetHints":{"allow":["GET"]}}],"collection":[{"href":"https:\/\/ingrilspa.com\/lt\/wp-json\/wp\/v2\/product"}],"about":[{"href":"https:\/\/ingrilspa.com\/lt\/wp-json\/wp\/v2\/types\/product"}],"replies":[{"embeddable":true,"href":"https:\/\/ingrilspa.com\/lt\/wp-json\/wp\/v2\/comments?post=698"}],"wp:featuredmedia":[{"embeddable":true,"href":"https:\/\/ingrilspa.com\/lt\/wp-json\/wp\/v2\/media\/754"}],"wp:attachment":[{"href":"https:\/\/ingrilspa.com\/lt\/wp-json\/wp\/v2\/media?parent=698"}],"wp:term":[{"taxonomy":"product_brand","embeddable":true,"href":"https:\/\/ingrilspa.com\/lt\/wp-json\/wp\/v2\/product_brand?post=698"},{"taxonomy":"product_cat","embeddable":true,"href":"https:\/\/ingrilspa.com\/lt\/wp-json\/wp\/v2\/product_cat?post=698"},{"taxonomy":"product_tag","embeddable":true,"href":"https:\/\/ingrilspa.com\/lt\/wp-json\/wp\/v2\/product_tag?post=698"}],"curies":[{"name":"wp","href":"https:\/\/api.w.org\/{rel}","templated":true}]}}