{"id":709,"date":"2022-07-10T00:48:36","date_gmt":"2022-07-09T22:48:36","guid":{"rendered":"https:\/\/ingrilspa.com\/?post_type=product&#038;p=709"},"modified":"2026-01-11T23:50:26","modified_gmt":"2026-01-11T21:50:26","slug":"moai-candle","status":"publish","type":"product","link":"https:\/\/ingrilspa.com\/lt\/produktas\/moai-candle\/","title":{"rendered":"Moai Soj\u0173 Va\u0161ko \u017dvak\u0117"},"content":{"rendered":"<p>Moai soj\u0173 va\u0161ko \u017evak\u0117 pagaminta i\u0161 100% soj\u0173 va\u0161ko ir Medaus ir Kreminio santalo aromatinio aliejaus. Saldaus nektaro ir g\u0117li\u0173 pli\u016bpsnis, pereinantis \u012f ka\u0161myro, sausmed\u017eio ir mimozos \u0161erd\u012f ir galiausiai nugulantis kreminio santalo, vanil\u0117s, gintaro ir pa\u010diulio pagrinde. Nepakartojamas, u\u017eburiantis aromatas! Degimo laikas: ~ 16 val.<\/p>\n<p>Instrukcija:<\/p>\n<p>1. Kiekvieno deginimo metu reguliariai trumpinkite dagt\u012f. Dagtis neturi b\u016bti auk\u0161tesn\u0117 nei 0.5cm.<br \/>\n2. Rekomenduojama viena deginimo sesijos trukm\u0117 2 valandos.<br \/>\n3. \u017dvak\u0119 b\u016btinai laikykite ant \u017evak\u0117m skirto pad\u0117kliuko.<\/p>\n<p>Pastaba: \u017evak\u0117s yra rank\u0173 darbo, tod\u0117l i\u0161vaizda ir spalvos gali ne\u017eymiai skirtis nuo pavaizduotos nuotraukoje. \u0160i \u017evak\u0117 yra pagaminta rankomis, tod\u0117l svoris gali ne\u017eymiai svyruoti apie 5g.<\/p>\n<p>&nbsp;<\/p>","protected":false},"excerpt":{"rendered":"<p>Moai soj\u0173 va\u0161ko \u017evak\u0117 pagaminta i\u0161 100% soj\u0173 va\u0161ko ir Medaus ir Kreminio santalo aromatinio aliejaus. Saldaus nektaro ir g\u0117li\u0173 pli\u016bpsnis, pereinantis \u012f ka\u0161myro, sausmed\u017eio ir mimozos \u0161erd\u012f ir galiausiai nugulantis kreminio santalo, vanil\u0117s, gintaro ir pa\u010diulio pagrinde.<\/p>","protected":false},"featured_media":710,"comment_status":"open","ping_status":"closed","template":"","meta":[],"product_brand":[],"product_cat":[141,28,314,167],"product_tag":[198,161,30,117,196,194,56,165,68,199,195,111,197,113],"class_list":{"0":"post-709","1":"product","2":"type-product","3":"status-publish","4":"has-post-thumbnail","6":"product_cat-casoywax","7":"product_cat-candles","8":"product_cat-free-wrapping","9":"product_cat-witharomaticoil","10":"product_tag-amber","11":"product_tag-aromatic","12":"product_tag-candle","13":"product_tag-cashmere","14":"product_tag-flower","15":"product_tag-honey","16":"product_tag-lavender","17":"product_tag-moai","18":"product_tag-oil","19":"product_tag-patchouli","20":"product_tag-sandalwood","21":"product_tag-soy","22":"product_tag-vanilla","23":"product_tag-wax","25":"first","26":"instock","27":"featured","28":"shipping-taxable","29":"purchasable","30":"product-type-simple"},"aioseo_notices":[],"_links":{"self":[{"href":"https:\/\/ingrilspa.com\/lt\/wp-json\/wp\/v2\/product\/709","targetHints":{"allow":["GET"]}}],"collection":[{"href":"https:\/\/ingrilspa.com\/lt\/wp-json\/wp\/v2\/product"}],"about":[{"href":"https:\/\/ingrilspa.com\/lt\/wp-json\/wp\/v2\/types\/product"}],"replies":[{"embeddable":true,"href":"https:\/\/ingrilspa.com\/lt\/wp-json\/wp\/v2\/comments?post=709"}],"wp:featuredmedia":[{"embeddable":true,"href":"https:\/\/ingrilspa.com\/lt\/wp-json\/wp\/v2\/media\/710"}],"wp:attachment":[{"href":"https:\/\/ingrilspa.com\/lt\/wp-json\/wp\/v2\/media?parent=709"}],"wp:term":[{"taxonomy":"product_brand","embeddable":true,"href":"https:\/\/ingrilspa.com\/lt\/wp-json\/wp\/v2\/product_brand?post=709"},{"taxonomy":"product_cat","embeddable":true,"href":"https:\/\/ingrilspa.com\/lt\/wp-json\/wp\/v2\/product_cat?post=709"},{"taxonomy":"product_tag","embeddable":true,"href":"https:\/\/ingrilspa.com\/lt\/wp-json\/wp\/v2\/product_tag?post=709"}],"curies":[{"name":"wp","href":"https:\/\/api.w.org\/{rel}","templated":true}]}}