{"id":728,"date":"2022-07-06T20:54:28","date_gmt":"2022-07-06T18:54:28","guid":{"rendered":"https:\/\/ingrilspa.com\/?post_type=product&#038;p=728"},"modified":"2025-11-24T02:43:33","modified_gmt":"2025-11-24T00:43:33","slug":"candle-care-kit","status":"publish","type":"product","link":"https:\/\/ingrilspa.com\/lt\/produktas\/candle-care-kit\/","title":{"rendered":"\u017dvaki\u0173 Prie\u017ei\u016bros Rinkinys"},"content":{"rendered":"<p>\u017dvaki\u0173 prie\u017ei\u016bros rinkinys skirtas \u017evaki\u0173 prie\u017ei\u016brai ir patogiam j\u0173 naudojimui.<br \/>\nRinkin\u012f sudaro: \u017evak\u0117s dagties \u017eirkl\u0117s, \u017evak\u0117s gesintuvas (varpelis), \u017evak\u0117s dagties kabliukas, ner\u016bdijan\u010dio plieno l\u0117k\u0161tut\u0117.<\/p>","protected":false},"excerpt":{"rendered":"<p>\u017dvaki\u0173 prie\u017ei\u016bros rinkinys skirtas \u017evaki\u0173 prie\u017ei\u016brai ir patogiam j\u0173 naudojimui. Rinkinyje esan\u010dius \u012frankius galima \u012fsigyti ir atskirai.<\/p>","protected":false},"featured_media":729,"comment_status":"open","ping_status":"closed","template":"","meta":[],"product_brand":[],"product_cat":[119,28,314],"product_tag":[161,190,158,30,191,193,56,157,68,153,159,192,132,111,113,187],"class_list":{"0":"post-728","1":"product","2":"type-product","3":"status-publish","4":"has-post-thumbnail","6":"product_cat-caaccessories","7":"product_cat-candles","8":"product_cat-free-wrapping","9":"product_tag-aromatic","10":"product_tag-bell","11":"product_tag-boss","12":"product_tag-candle","13":"product_tag-hook","14":"product_tag-interior","15":"product_tag-lavender","16":"product_tag-men","17":"product_tag-oil","18":"product_tag-outdoor","19":"product_tag-perfume","20":"product_tag-plate","21":"product_tag-scissors","22":"product_tag-soy","23":"product_tag-wax","24":"product_tag-women","26":"first","27":"instock","28":"shipping-taxable","29":"purchasable","30":"product-type-variable","31":"has-default-attributes"},"aioseo_notices":[],"_links":{"self":[{"href":"https:\/\/ingrilspa.com\/lt\/wp-json\/wp\/v2\/product\/728","targetHints":{"allow":["GET"]}}],"collection":[{"href":"https:\/\/ingrilspa.com\/lt\/wp-json\/wp\/v2\/product"}],"about":[{"href":"https:\/\/ingrilspa.com\/lt\/wp-json\/wp\/v2\/types\/product"}],"replies":[{"embeddable":true,"href":"https:\/\/ingrilspa.com\/lt\/wp-json\/wp\/v2\/comments?post=728"}],"wp:featuredmedia":[{"embeddable":true,"href":"https:\/\/ingrilspa.com\/lt\/wp-json\/wp\/v2\/media\/729"}],"wp:attachment":[{"href":"https:\/\/ingrilspa.com\/lt\/wp-json\/wp\/v2\/media?parent=728"}],"wp:term":[{"taxonomy":"product_brand","embeddable":true,"href":"https:\/\/ingrilspa.com\/lt\/wp-json\/wp\/v2\/product_brand?post=728"},{"taxonomy":"product_cat","embeddable":true,"href":"https:\/\/ingrilspa.com\/lt\/wp-json\/wp\/v2\/product_cat?post=728"},{"taxonomy":"product_tag","embeddable":true,"href":"https:\/\/ingrilspa.com\/lt\/wp-json\/wp\/v2\/product_tag?post=728"}],"curies":[{"name":"wp","href":"https:\/\/api.w.org\/{rel}","templated":true}]}}