{"id":742,"date":"2022-07-06T22:18:47","date_gmt":"2022-07-06T20:18:47","guid":{"rendered":"https:\/\/ingrilspa.com\/?post_type=product&#038;p=742"},"modified":"2025-11-24T02:43:32","modified_gmt":"2025-11-24T00:43:32","slug":"amore-mio-candle","status":"publish","type":"product","link":"https:\/\/ingrilspa.com\/lt\/produktas\/amore-mio-candle\/","title":{"rendered":"Tyliai \u0160nekanti Amore Mio Soj\u0173 Va\u0161ko \u017dvak\u0117"},"content":{"rendered":"<p>\u0160i soj\u0173 va\u0161ko \u017evak\u0117 pagaminta i\u0161 100% soj\u0173 va\u0161ko ir magi\u0161ko g\u0117li\u0173 bei vaisi\u0173  aromatinio aliejaus. Nuostabus, tyras, gyvybingosiomis natomis \u017evilgantis aromatas. Meil\u0119 simbolizuoja ir pagrindin\u0117 aromato nata \u2013 sodrus, aistra alsuojantis raudon\u0173 ro\u017ei\u0173 kvapas. Intriguojanti, bet atgaivinti gebanti kompozicija.<\/p>\n<p>Deganti medin\u0117 dagtis primins medienos sprags\u0117jimo gars\u0105. Dagtis draugi\u0161ka gamtai, \u0161varus dagties degimas. Rank\u0173 darbo, pagaminta pagal u\u017esakym\u0105 JAV ir niekaip papildomai neapdorota chemin\u0117mis med\u017eiagomis - maksimaliai nat\u016brali mediena. Degimo laikas: ~36 val.<\/p>\n<p>Instrukcija:<\/p>\n<p>1. Kiekvieno deginimo metu reguliariai trumpinkite dagt\u012f. Dagtis neturi b\u016bti auk\u0161tesn\u0117 nei 0.5cm.<br \/>\n2. Rekomenduojama viena deginimo sesijos trukm\u0117 4 valandos.<br \/>\n3. \u017dvak\u0119 b\u016btinai laikykite ant \u017evak\u0117m skirto pad\u0117kliuko.<br \/>\n4. Medin\u0119 dagt\u012f reikt\u0173 u\u017egesinti, kai lieka apie 13 mm auk\u0161\u010dio va\u0161ko.<br \/>\n5. Svarbu nestatyti \u017evaki\u0173 vietose, kur yra skersv\u0117jai pvz.: koridoriuje, prie lango arba ventiliatoriaus.<\/p>\n<p>Pastaba: \u017evak\u0117s yra rank\u0173 darbo, tod\u0117l i\u0161vaizda ir spalvos gali ne\u017eymiai skirtis nuo pavaizduotos nuotraukoje. \u0160i \u017evak\u0117 yra pagaminta rankomis, tod\u0117l svoris gali ne\u017eymiai svyruoti apie 5g.<\/p>\n<p>&nbsp;<\/p>","protected":false},"excerpt":{"rendered":"<p>\u0160i soj\u0173 va\u0161ko \u017evak\u0117 pagaminta i\u0161 100% soj\u0173 va\u0161ko ir magi\u0161ko g\u0117li\u0173 bei vaisi\u0173  aromatinio aliejaus. Nuostabus, tyras, gyvybingosiomis natomis \u017evilgantis aromatas. Deganti medin\u0117 dagtis primins medienos sprags\u0117jimo gars\u0105.<\/p>","protected":false},"featured_media":743,"comment_status":"open","ping_status":"closed","template":"","meta":[],"product_brand":[],"product_cat":[141,28,314,167],"product_tag":[161,30,184,189,68,111,113,187,152,78],"class_list":{"0":"post-742","1":"product","2":"type-product","3":"status-publish","4":"has-post-thumbnail","6":"product_cat-casoywax","7":"product_cat-candles","8":"product_cat-free-wrapping","9":"product_cat-witharomaticoil","10":"product_tag-aromatic","11":"product_tag-candle","12":"product_tag-flowers","13":"product_tag-fruity","14":"product_tag-oil","15":"product_tag-soy","16":"product_tag-wax","17":"product_tag-women","18":"product_tag-wooden","19":"product_tag-zvake","21":"first","22":"instock","23":"shipping-taxable","24":"purchasable","25":"product-type-simple"},"aioseo_notices":[],"_links":{"self":[{"href":"https:\/\/ingrilspa.com\/lt\/wp-json\/wp\/v2\/product\/742","targetHints":{"allow":["GET"]}}],"collection":[{"href":"https:\/\/ingrilspa.com\/lt\/wp-json\/wp\/v2\/product"}],"about":[{"href":"https:\/\/ingrilspa.com\/lt\/wp-json\/wp\/v2\/types\/product"}],"replies":[{"embeddable":true,"href":"https:\/\/ingrilspa.com\/lt\/wp-json\/wp\/v2\/comments?post=742"}],"wp:featuredmedia":[{"embeddable":true,"href":"https:\/\/ingrilspa.com\/lt\/wp-json\/wp\/v2\/media\/743"}],"wp:attachment":[{"href":"https:\/\/ingrilspa.com\/lt\/wp-json\/wp\/v2\/media?parent=742"}],"wp:term":[{"taxonomy":"product_brand","embeddable":true,"href":"https:\/\/ingrilspa.com\/lt\/wp-json\/wp\/v2\/product_brand?post=742"},{"taxonomy":"product_cat","embeddable":true,"href":"https:\/\/ingrilspa.com\/lt\/wp-json\/wp\/v2\/product_cat?post=742"},{"taxonomy":"product_tag","embeddable":true,"href":"https:\/\/ingrilspa.com\/lt\/wp-json\/wp\/v2\/product_tag?post=742"}],"curies":[{"name":"wp","href":"https:\/\/api.w.org\/{rel}","templated":true}]}}