{"id":744,"date":"2022-07-10T00:33:40","date_gmt":"2022-07-09T22:33:40","guid":{"rendered":"https:\/\/ingrilspa.com\/?post_type=product&#038;p=744"},"modified":"2025-11-24T02:43:32","modified_gmt":"2025-11-24T00:43:32","slug":"quietly-speaking-mr-adventure-candle","status":"publish","type":"product","link":"https:\/\/ingrilspa.com\/lt\/produktas\/quietly-speaking-mr-adventure-candle\/","title":{"rendered":"Tyliai \u0160nekanti Mr. Adventure Soj\u0173 Va\u0161ko \u017dvak\u0117"},"content":{"rendered":"<p>\u0160i \u017evak\u0117 pagaminta i\u0161 100% soj\u0173 va\u0161ko ir v\u0117saus vandenyno aromatinio aliejaus. \u0160varus, \u0161vie\u017eias ir suteikiantis energijos vyri\u0161kas aromatas su vir\u0161utin\u0117mis citrus\u0173, druskos ir aitrumo natomis, pereinan\u010diomis \u012f g\u0117lin\u0119-prieskonin\u0119 \u0161erd\u012f ir sunk\u0173 muskuso, tabako bei santalo pagrind\u0105. Tai - vandens, \u017ealumos, j\u016bros, gaiviai a\u0161tri\u0173 nat\u0173 \u017eaismas, u\u017ebaigiamas medienos ir muskuso pagrindu. Gaivi klasika.<\/p>\n<p>Deganti medin\u0117 dagtis primins medienos sprags\u0117jimo gars\u0105. Dagtis draugi\u0161ka gamtai, \u0161varus dagties degimas. Rank\u0173 darbo, pagaminta pagal u\u017esakym\u0105 JAV ir niekaip papildomai neapdorota chemin\u0117mis med\u017eiagomis - maksimaliai nat\u016brali mediena. Degimo laikas: ~36 val.<\/p>\n<p>Instrukcija:<\/p>\n<p>1. Kiekvieno deginimo metu reguliariai trumpinkite dagt\u012f. Dagtis neturi b\u016bti auk\u0161tesn\u0117 nei 0.5cm.<br \/>\n2. Rekomenduojama viena deginimo sesijos trukm\u0117 4 valandos.<br \/>\n3. \u017dvak\u0119 b\u016btinai laikykite ant \u017evak\u0117m skirto pad\u0117kliuko.<br \/>\n4. Medin\u0119 dagt\u012f reikt\u0173 u\u017egesinti, kai lieka apie 13 mm auk\u0161\u010dio va\u0161ko.<br \/>\n5. Svarbu nestatyti \u017evaki\u0173 vietose, kur yra skersv\u0117jai pvz.: koridoriuje, prie lango arba ventiliatoriaus.<\/p>\n<p>Pastaba: \u017evak\u0117s yra rank\u0173 darbo, tod\u0117l i\u0161vaizda ir spalvos gali ne\u017eymiai skirtis nuo pavaizduotos nuotraukoje. \u0160i \u017evak\u0117 yra pagaminta rankomis, tod\u0117l svoris gali ne\u017eymiai svyruoti apie 5g.<\/p>\n<p>&nbsp;<\/p>","protected":false},"excerpt":{"rendered":"<p>\u0160i \u017evak\u0117 pagaminta i\u0161 100% soj\u0173 va\u0161ko ir v\u0117saus vandenyno aromatinio aliejaus. \u0160varus, \u0161vie\u017eias ir suteikiantis energijos vyri\u0161kas aromatas su vir\u0161utin\u0117mis citrus\u0173, druskos ir aitrumo natomis, pereinan\u010diomis \u012f g\u0117lin\u0119-prieskonin\u0119 \u0161erd\u012f ir sunk\u0173 muskuso, tabako bei santalo pagrind\u0105. Tai - vandens, \u017ealumos, j\u016bros, gaiviai a\u0161tri\u0173 nat\u0173 \u017eaismas, u\u017ebaigiamas medienos ir muskuso pagrindu. Gaivi klasika. Deganti medin\u0117 dagtis primins medienos sprags\u0117jimo gars\u0105.<\/p>","protected":false},"featured_media":745,"comment_status":"open","ping_status":"closed","template":"","meta":[],"product_brand":[],"product_cat":[141,28,314,167],"product_tag":[161,30,157,68,169,111,113,152],"class_list":{"0":"post-744","1":"product","2":"type-product","3":"status-publish","4":"has-post-thumbnail","6":"product_cat-casoywax","7":"product_cat-candles","8":"product_cat-free-wrapping","9":"product_cat-witharomaticoil","10":"product_tag-aromatic","11":"product_tag-candle","12":"product_tag-men","13":"product_tag-oil","14":"product_tag-sea","15":"product_tag-soy","16":"product_tag-wax","17":"product_tag-wooden","19":"first","20":"instock","21":"shipping-taxable","22":"purchasable","23":"product-type-simple"},"aioseo_notices":[],"_links":{"self":[{"href":"https:\/\/ingrilspa.com\/lt\/wp-json\/wp\/v2\/product\/744","targetHints":{"allow":["GET"]}}],"collection":[{"href":"https:\/\/ingrilspa.com\/lt\/wp-json\/wp\/v2\/product"}],"about":[{"href":"https:\/\/ingrilspa.com\/lt\/wp-json\/wp\/v2\/types\/product"}],"replies":[{"embeddable":true,"href":"https:\/\/ingrilspa.com\/lt\/wp-json\/wp\/v2\/comments?post=744"}],"wp:featuredmedia":[{"embeddable":true,"href":"https:\/\/ingrilspa.com\/lt\/wp-json\/wp\/v2\/media\/745"}],"wp:attachment":[{"href":"https:\/\/ingrilspa.com\/lt\/wp-json\/wp\/v2\/media?parent=744"}],"wp:term":[{"taxonomy":"product_brand","embeddable":true,"href":"https:\/\/ingrilspa.com\/lt\/wp-json\/wp\/v2\/product_brand?post=744"},{"taxonomy":"product_cat","embeddable":true,"href":"https:\/\/ingrilspa.com\/lt\/wp-json\/wp\/v2\/product_cat?post=744"},{"taxonomy":"product_tag","embeddable":true,"href":"https:\/\/ingrilspa.com\/lt\/wp-json\/wp\/v2\/product_tag?post=744"}],"curies":[{"name":"wp","href":"https:\/\/api.w.org\/{rel}","templated":true}]}}