{"id":748,"date":"2022-07-10T00:52:08","date_gmt":"2022-07-09T22:52:08","guid":{"rendered":"https:\/\/ingrilspa.com\/?post_type=product&#038;p=748"},"modified":"2026-01-11T23:51:07","modified_gmt":"2026-01-11T21:51:07","slug":"quietly-speaking-lady-boss-candle","status":"publish","type":"product","link":"https:\/\/ingrilspa.com\/lt\/produktas\/quietly-speaking-lady-boss-candle\/","title":{"rendered":"Tyliai \u0160nekanti Lady Boss Soj\u0173 Va\u0161ko \u017dvak\u0117"},"content":{"rendered":"<p>\u0160i soj\u0173 va\u0161ko \u017evak\u0117 pagaminta i\u0161 100% soj\u0173 va\u0161ko ir Boss intense women  aromatinio aliejaus. \u0160is aromatas idealiai perteikia gundymo gali\u0105, kuri leid\u017eia moterims valdyti savo geism\u0105 ir lemti savo likim\u0105. \u0160iltas geism\u0105 \u017eadinantis  aromatas su\u017eav\u0117s iniciatyvi\u0105 moter\u012f, kuri tuo pat metu geba b\u016bti ir tvirta, ir labai moteri\u0161ka.<\/p>\n<p>Deganti medin\u0117 dagtis primins medienos sprags\u0117jimo gars\u0105. Dagtis draugi\u0161ka gamtai, \u0161varus dagties degimas. Rank\u0173 darbo, pagaminta pagal u\u017esakym\u0105 JAV ir niekaip papildomai neapdorota chemin\u0117mis med\u017eiagomis - maksimaliai nat\u016brali mediena. Degimo laikas: ~36 val.<\/p>\n<p>Instrukcija:<\/p>\n<p>1. Kiekvieno deginimo metu reguliariai trumpinkite dagt\u012f. Dagtis neturi b\u016bti auk\u0161tesn\u0117 nei 0.5cm.<br \/>\n2. Rekomenduojama viena deginimo sesijos trukm\u0117 4 valandos.<br \/>\n3. \u017dvak\u0119 b\u016btinai laikykite ant \u017evak\u0117m skirto pad\u0117kliuko.<br \/>\n4. Medin\u0119 dagt\u012f reikt\u0173 u\u017egesinti, kai lieka apie 13 mm auk\u0161\u010dio va\u0161ko.<br \/>\n5. Svarbu nestatyti \u017evaki\u0173 vietose, kur yra skersv\u0117jai pvz.: koridoriuje, prie lango arba ventiliatoriaus.<\/p>\n<p>Pastaba: \u017evak\u0117s yra rank\u0173 darbo, tod\u0117l i\u0161vaizda ir spalvos gali ne\u017eymiai skirtis nuo pavaizduotos nuotraukoje. \u0160i \u017evak\u0117 yra pagaminta rankomis, tod\u0117l svoris gali ne\u017eymiai svyruoti apie 5g.<\/p>\n<p>&nbsp;<\/p>","protected":false},"excerpt":{"rendered":"<p>\u0160i soj\u0173 va\u0161ko \u017evak\u0117 pagaminta i\u0161 100% soj\u0173 va\u0161ko ir Boss intense women  aromatinio aliejaus. \u0160is aromatas idealiai perteikia gundymo gali\u0105, kuri leid\u017eia moterims valdyti savo geism\u0105 ir lemti savo likim\u0105. \u0160iltas geism\u0105 \u017eadinantis  aromatas su\u017eav\u0117s iniciatyvi\u0105 moter\u012f, kuri tuo pat metu geba b\u016bti ir tvirta, ir labai moteri\u0161ka. Deganti medin\u0117 dagtis primins medienos sprags\u0117jimo gars\u0105.<\/p>","protected":false},"featured_media":749,"comment_status":"open","ping_status":"closed","template":"","meta":[],"product_brand":[],"product_cat":[141,28,314,167],"product_tag":[72,162,158,58,173,168,250,112,83,78],"class_list":{"0":"post-748","1":"product","2":"type-product","3":"status-publish","4":"has-post-thumbnail","6":"product_cat-casoywax","7":"product_cat-candles","8":"product_cat-free-wrapping","9":"product_cat-witharomaticoil","10":"product_tag-aliejus","11":"product_tag-aromatinis","12":"product_tag-boss","13":"product_tag-kvapas","14":"product_tag-lady","15":"product_tag-medine","16":"product_tag-moteris","17":"product_tag-soja","18":"product_tag-vaskas","19":"product_tag-zvake","21":"first","22":"instock","23":"featured","24":"shipping-taxable","25":"purchasable","26":"product-type-simple"},"aioseo_notices":[],"_links":{"self":[{"href":"https:\/\/ingrilspa.com\/lt\/wp-json\/wp\/v2\/product\/748","targetHints":{"allow":["GET"]}}],"collection":[{"href":"https:\/\/ingrilspa.com\/lt\/wp-json\/wp\/v2\/product"}],"about":[{"href":"https:\/\/ingrilspa.com\/lt\/wp-json\/wp\/v2\/types\/product"}],"replies":[{"embeddable":true,"href":"https:\/\/ingrilspa.com\/lt\/wp-json\/wp\/v2\/comments?post=748"}],"wp:featuredmedia":[{"embeddable":true,"href":"https:\/\/ingrilspa.com\/lt\/wp-json\/wp\/v2\/media\/749"}],"wp:attachment":[{"href":"https:\/\/ingrilspa.com\/lt\/wp-json\/wp\/v2\/media?parent=748"}],"wp:term":[{"taxonomy":"product_brand","embeddable":true,"href":"https:\/\/ingrilspa.com\/lt\/wp-json\/wp\/v2\/product_brand?post=748"},{"taxonomy":"product_cat","embeddable":true,"href":"https:\/\/ingrilspa.com\/lt\/wp-json\/wp\/v2\/product_cat?post=748"},{"taxonomy":"product_tag","embeddable":true,"href":"https:\/\/ingrilspa.com\/lt\/wp-json\/wp\/v2\/product_tag?post=748"}],"curies":[{"name":"wp","href":"https:\/\/api.w.org\/{rel}","templated":true}]}}