{"id":824,"date":"2022-06-12T20:36:42","date_gmt":"2022-06-12T18:36:42","guid":{"rendered":"https:\/\/ingrilspa.com\/?post_type=product&#038;p=824"},"modified":"2025-11-24T02:43:33","modified_gmt":"2025-11-24T00:43:33","slug":"prabangus-boss-perfurme-muilas","status":"publish","type":"product","link":"https:\/\/ingrilspa.com\/lt\/produktas\/prabangus-boss-perfurme-muilas\/","title":{"rendered":"Prabangus Boss Perfume Muilas"},"content":{"rendered":"<p>Boss Perfume prabangus muilas susideda i\u0161 o\u017ekos pieno, avokad\u0173 aliejaus ir Boss Perfume aromatinio aliejaus.<\/p>\n<p>O\u017ekos pienas dr\u0117kina ir mink\u0161tina od\u0105. Gali pad\u0117ti suma\u017einti odos u\u017edegim\u0105.<\/p>\n<p>Avokad\u0173 aliejus: tinka sausos odos prie\u017ei\u016brai, suteikia ypatingo mink\u0161tumo ir \u0161velnumo.<\/p>\n<p>Boss Perfume aromatinis aliejus skirtas pasitikin\u010diam, s\u0117kmingam ir eleganti\u0161kam vyrui, besidid\u017eiuojan\u010diam savo s\u0117kme ir pasiekimais.<\/p>\n<p>&nbsp;<\/p>\n<p>Muilo svoris: 100g<\/p>\n<p>Pastaba: muilas yra rank\u0173 darbo, tod\u0117l i\u0161vaizda ir spalvos gali \u0161iek tiek skirtis nei nuotraukoje. Muilas gaminamas rankomis, tod\u0117l svoris gali \u0161iek tiek skirtis apie 5g.<\/p>","protected":false},"excerpt":{"rendered":"<p><span class=\"Y2IQFc\" lang=\"en\">Boss Perfume aromatinis aliejus skirtas pasitikin\u010diam, s\u0117kmingam ir eleganti\u0161kam vyrui, besidid\u017eiuojan\u010diam savo s\u0117kme ir pasiekimais.<\/span><\/p>","protected":false},"featured_media":826,"comment_status":"open","ping_status":"closed","template":"","meta":[],"product_brand":[],"product_cat":[314,50,32],"product_tag":[67,158,30,124,256,235,70,157,243,68,159,297,29,111,113],"class_list":{"0":"post-824","1":"product","2":"type-product","3":"status-publish","4":"has-post-thumbnail","6":"product_cat-free-wrapping","7":"product_cat-soluxury","8":"product_cat-soaps","9":"product_tag-avocado","10":"product_tag-boss","11":"product_tag-candle","12":"product_tag-christmas","13":"product_tag-gift","14":"product_tag-handmade","15":"product_tag-luxury","16":"product_tag-men","17":"product_tag-natural","18":"product_tag-oil","19":"product_tag-perfume","20":"product_tag-present","21":"product_tag-soap","22":"product_tag-soy","23":"product_tag-wax","25":"first","26":"instock","27":"shipping-taxable","28":"purchasable","29":"product-type-simple"},"aioseo_notices":[],"_links":{"self":[{"href":"https:\/\/ingrilspa.com\/lt\/wp-json\/wp\/v2\/product\/824","targetHints":{"allow":["GET"]}}],"collection":[{"href":"https:\/\/ingrilspa.com\/lt\/wp-json\/wp\/v2\/product"}],"about":[{"href":"https:\/\/ingrilspa.com\/lt\/wp-json\/wp\/v2\/types\/product"}],"replies":[{"embeddable":true,"href":"https:\/\/ingrilspa.com\/lt\/wp-json\/wp\/v2\/comments?post=824"}],"wp:featuredmedia":[{"embeddable":true,"href":"https:\/\/ingrilspa.com\/lt\/wp-json\/wp\/v2\/media\/826"}],"wp:attachment":[{"href":"https:\/\/ingrilspa.com\/lt\/wp-json\/wp\/v2\/media?parent=824"}],"wp:term":[{"taxonomy":"product_brand","embeddable":true,"href":"https:\/\/ingrilspa.com\/lt\/wp-json\/wp\/v2\/product_brand?post=824"},{"taxonomy":"product_cat","embeddable":true,"href":"https:\/\/ingrilspa.com\/lt\/wp-json\/wp\/v2\/product_cat?post=824"},{"taxonomy":"product_tag","embeddable":true,"href":"https:\/\/ingrilspa.com\/lt\/wp-json\/wp\/v2\/product_tag?post=824"}],"curies":[{"name":"wp","href":"https:\/\/api.w.org\/{rel}","templated":true}]}}